{"id":15317,"date":"2021-10-14T15:32:09","date_gmt":"2021-10-14T22:32:09","guid":{"rendered":"https:\/\/speculoos.world\/cefnogaeth\/mynediad-cofrestru\/"},"modified":"2025-12-02T06:01:13","modified_gmt":"2025-12-02T14:01:13","slug":"mynediad-cofrestru","status":"publish","type":"page","link":"https:\/\/speculoos.world\/cy\/cefnogaeth\/mynediad-cofrestru\/","title":{"rendered":"Mynediad \/ Cofrestru"},"content":{"rendered":"\n<h2 class=\"wp-block-heading has-text-align-center\">Yn gryno<\/h2>\n\n<div style=\"height:20px\" aria-hidden=\"true\" class=\"wp-block-spacer\"><\/div>\n\n<div class=\"wp-block-columns is-layout-flex wp-container-core-columns-is-layout-8d2d9942 wp-block-columns-is-layout-flex\">\n<div class=\"wp-block-column is-layout-flow wp-block-column-is-layout-flow\">\n<div class=\"wp-block-group clickable-block has-white-color has-text-color has-background is-layout-constrained wp-container-core-group-is-layout-5066676a wp-block-group-is-layout-constrained\" style=\"background-color:#7f3fff;padding-top:30px;padding-right:20px;padding-bottom:30px;padding-left:20px\">\n<h3 class=\"wp-block-heading has-text-align-center has-white-color has-text-color\"><a style=\"color: inherit; text-decoration: none;\" href=\"#signup\">1. Cofrestrwch<\/a><\/h3>\n<\/div>\n<\/div>\n\n\n\n<div class=\"wp-block-column is-layout-flow wp-block-column-is-layout-flow\">\n<div class=\"wp-block-group clickable-block has-white-color has-text-color has-background is-layout-constrained wp-container-core-group-is-layout-5066676a wp-block-group-is-layout-constrained\" style=\"background-color:#3fb2ff;padding-top:30px;padding-right:20px;padding-bottom:30px;padding-left:20px\">\n<h3 class=\"wp-block-heading has-text-align-center has-white-color has-text-color\"><a style=\"color: inherit; text-decoration: none;\" href=\"#avatar\">2. Creu avatar<\/a><\/h3>\n<\/div>\n<\/div>\n\n\n\n<div class=\"wp-block-column is-layout-flow wp-block-column-is-layout-flow\">\n<div class=\"wp-block-group clickable-block has-white-color has-text-color has-background is-layout-constrained wp-container-core-group-is-layout-5066676a wp-block-group-is-layout-constrained\" style=\"background-color:#00ccb4;padding-top:30px;padding-right:20px;padding-bottom:30px;padding-left:20px\">\n<h3 class=\"wp-block-heading has-text-align-center has-white-color has-text-color\"><a style=\"color: inherit; text-decoration: none;\" href=\"#viewer\">3. Ffurfweddu&#8217;r gwyliwr<\/a><\/h3>\n<\/div>\n<\/div>\n<\/div>\n\n<div style=\"height:42px\" aria-hidden=\"true\" class=\"wp-block-spacer\"><\/div>\n\n<h2 class=\"wp-block-heading has-text-align-center\">Manylion<\/h2>\n\n<div style=\"height:20px\" aria-hidden=\"true\" class=\"wp-block-spacer\"><\/div>\n\n<div class=\"wp-block-columns is-layout-flex wp-container-core-columns-is-layout-8d2d9942 wp-block-columns-is-layout-flex\">\n<div class=\"wp-block-column is-layout-flow wp-block-column-is-layout-flow\" style=\"flex-basis:60%\">\n<div id=\"signup\" class=\"wp-block-group has-white-color has-text-color has-background is-layout-constrained wp-container-core-group-is-layout-86b54818 wp-block-group-is-layout-constrained\" style=\"background-color:#793fff;padding-top:20px;padding-right:20px;padding-bottom:20px;padding-left:20px\">\n<h3 class=\"wp-block-heading has-white-color has-text-color\">1. Cofrestru<\/h3>\n\n\n\n<p>Mae cofrestru am ddim ac yn hawdd. Ewch i&#8217;r dudalen Fy Nghyfrif. <\/p>\n<\/div>\n\n\n\n<div id=\"avatar\" class=\"wp-block-group has-white-color has-text-color has-background is-layout-constrained wp-container-core-group-is-layout-99d66d58 wp-block-group-is-layout-constrained\" style=\"background-color:#3fb2ff;margin-top:1rem;padding-top:20px;padding-right:20px;padding-bottom:20px;padding-left:20px\">\n<h3 class=\"wp-block-heading has-white-color has-text-color\">2. Avatar<\/h3>\n\n\n\n<p>I greu eich avatar, ewch <a style=\"color: #fff; text-decoration: underline;\" href=\"https:\/\/speculoos.world\/cy\/proffil\/\">i&#8217;ch tudalen proffil<\/a> .<\/p>\n\n\n\n<ul class=\"wp-block-list\">\n<li>Rhaid i chi ddewis enw cyntaf ac olaf ar gyfer eich avatar. Dyma&#8217;r enw a fydd yn ymddangos i ddefnyddwyr eraill yn y byd rhithwir. Nid oes rhaid iddo fod yn enw iawn i chi, ond unwaith y bydd yr avatar wedi&#8217;i greu, ni ellir newid yr enw hwn.  <\/li>\n\n\n\n<li>Dewiswch eich ymddangosiad cychwynnol. Byddwch yn gallu ei addasu a&#8217;i addasu fel y dymunwch yn y byd rhithwir. <\/li>\n<\/ul>\n<\/div>\n<\/div>\n\n\n\n<div class=\"wp-block-column is-layout-flow wp-block-column-is-layout-flow\" style=\"flex-basis:40%\">\n<h3 class=\"wp-block-heading\">Hypergrid<\/h3>\n\n\n\n<p>Os oes gennych chi avatar eisoes ar grid arall (fel OSgrid, FrancoGrid, GermanGrid, ac ati), gallwch ymweld \u00e2&#8217;n un ni drwy nodi&#8217;r cyfeiriad canlynol yn y &#8220;map&#8221;:<\/p>\n\n\n\n<p>neu drwy glicio ar un o&#8217;r dolenni hyn:<\/p>\n\n\n\n<p><a href=\"hop:\/\/speculoos.world:8002\">hop:\/\/speculoos.world:8002<\/a><br\/> <a href=\"ail fywyd:\/\/speculoos.world:8002\/\">ail fywyd:\/\/speculoos.world:8002\/<\/a><\/p>\n<\/div>\n<\/div>\n\n<div class=\"wp-block-columns is-layout-flex wp-container-core-columns-is-layout-89d078e0 wp-block-columns-is-layout-flex\" style=\"margin-top:1rem\">\n<div class=\"wp-block-column is-layout-flow wp-block-column-is-layout-flow\" style=\"flex-basis:60%\">\n<div id=\"viewer\" class=\"wp-block-group has-white-color has-text-color has-background is-layout-constrained wp-container-core-group-is-layout-86b54818 wp-block-group-is-layout-constrained\" style=\"background-color:#00ccb4;padding-top:20px;padding-right:20px;padding-bottom:20px;padding-left:20px\">\n<h3 class=\"wp-block-heading has-white-color has-text-color\">3. Gwyliwr<\/h3>\n\n\n\n<p>Mae&#8217;r gwyliwr yn cyfateb i&#8217;ch porwr gwe ar gyfer bydoedd 3D. Gallwch ddefnyddio unrhyw wyliwr sy&#8217;n gydnaws ag OpenSimulator i gael mynediad at Speculoos. Rydym yn argymell Firestorm:  <br\/><a style=\"color: #fff; text-decoration: underline;\" href=\"https:\/\/www.firestormviewer.org\/os-operating-system\/\" target=\"_blank\" rel=\"noopener\">https:\/\/www.firestormviewer.org\/os-operating-system\/<\/a><\/p>\n\n\n\n<p>Gwnewch yn si\u0175r eich bod yn lawrlwytho&#8217;r fersiwn &#8220;Opensim yn Unig&#8221; (nid y fersiwn &#8220;SL yn Unig&#8221;).<\/p>\n\n\n\n<p><strong>Yn gyntaf, ychwanegwch Speculoos World at eich gwyliwr:<\/strong><\/p>\n\n\n\n<ul class=\"wp-block-list\">\n<li>Ewch i&#8217;r ddewislen &#8220;Gwyliwr&#8221; \u2192 &#8220;Dewisiadau&#8221; (neu teipiwch Ctrl-P)<\/li>\n\n\n\n<li>Tab &#8220;Rheolwr Grid&#8221;<\/li>\n\n\n\n<li>Adran &#8220;Ychwanegu grid newydd&#8221;.<\/li>\n\n\n\n<li>URI Cysylltiad<\/li>\n\n\n\n<li>Cliciwch ar &#8220;Gwneud Cais&#8221; ac yna &#8220;OK&#8221;.<\/li>\n<\/ul>\n\n\n\n<p><strong>Pan ychwanegir y Speculoos, byddwch yn gallu mewngofnodi:<\/strong><\/p>\n\n\n\n<ul class=\"wp-block-list\">\n<li>Gwnewch yn si\u0175r mai Speculoos yw&#8217;r grid a ddewiswyd yn y ddewislen &#8220;Grid&#8221;.<\/li>\n\n\n\n<li>Rhowch enw cyntaf ac olaf eich avatar yn y blwch &#8220;Enw Defnyddiwr&#8221; a&#8217;ch cyfrinair yn y blwch &#8220;Cyfrinair&#8221;.<\/li>\n\n\n\n<li>Cliciwch ar &#8220;Cysylltiad&#8221;.<\/li>\n<\/ul>\n<\/div>\n<\/div>\n\n\n\n<div class=\"wp-block-column is-layout-flow wp-block-column-is-layout-flow\" style=\"flex-basis:40%\">\n<h3 class=\"wp-block-heading\">Gwylwyr amgen<\/h3>\n\n\n\n<p><em>(mae hi wedi bod yn amser ers i mi eu profi, does dim gwarant o ganlyniadau):<\/em><\/p>\n\n\n\n<ul class=\"wp-block-list\">\n<li>Gwyliwr VL C\u0175l (Windows, Mac, Linux)<\/li>\n\n\n\n<li>Unigolrwydd (Windows, Mac, Linux)<\/li>\n\n\n\n<li>Anobaith (Windows, Mac, Linux)<\/li>\n\n\n\n<li>Gwyliwr Hippo (Windows, Linux)<\/li>\n<\/ul>\n\n\n\n<p>Felly roeddech chi&#8217;n meddwl tybed pam roeddech chi&#8217;n gweld hipos ym mhobman? Voil\u00e0. <\/p>\n\n\n\n<p>I ddefnyddio Second Life, dilynwch gyfarwyddiadau&#8217;r labordy yma. Nid yw Second Life bellach yn caniat\u00e1u i wylwyr OpenSimulator gysylltu \u00e2&#8217;i grid. Mae&#8217;n rhaid i chi osod rhaglenni ar wah\u00e2n nawr os ydych chi&#8217;n defnyddio&#8217;r ddau. <\/p>\n<\/div>\n<\/div>\n","protected":false},"excerpt":{"rendered":"<p>Yn gryno 1. Cofrestrwch 2. Creu avatar 3. Ffurfweddu&#8217;r gwyliwr Manylion 1. Cofrestru Mae cofrestru am ddim ac yn hawdd. Ewch i&#8217;r dudalen Fy Nghyfrif. 2. Avatar I greu eich&#8230;<\/p>\n","protected":false},"author":1,"featured_media":0,"parent":7062,"menu_order":0,"comment_status":"closed","ping_status":"closed","template":"","meta":{"footnotes":""},"class_list":["post-15317","page","type-page","status-publish"],"_links":{"self":[{"href":"https:\/\/speculoos.world\/cy\/wp-json\/wp\/v2\/pages\/15317","targetHints":{"allow":["GET"]}}],"collection":[{"href":"https:\/\/speculoos.world\/cy\/wp-json\/wp\/v2\/pages"}],"about":[{"href":"https:\/\/speculoos.world\/cy\/wp-json\/wp\/v2\/types\/page"}],"author":[{"embeddable":true,"href":"https:\/\/speculoos.world\/cy\/wp-json\/wp\/v2\/users\/1"}],"replies":[{"embeddable":true,"href":"https:\/\/speculoos.world\/cy\/wp-json\/wp\/v2\/comments?post=15317"}],"version-history":[{"count":13,"href":"https:\/\/speculoos.world\/cy\/wp-json\/wp\/v2\/pages\/15317\/revisions"}],"predecessor-version":[{"id":15847,"href":"https:\/\/speculoos.world\/cy\/wp-json\/wp\/v2\/pages\/15317\/revisions\/15847"}],"up":[{"embeddable":true,"href":"https:\/\/speculoos.world\/cy\/wp-json\/wp\/v2\/pages\/7062"}],"wp:attachment":[{"href":"https:\/\/speculoos.world\/cy\/wp-json\/wp\/v2\/media?parent=15317"}],"curies":[{"name":"wp","href":"https:\/\/api.w.org\/{rel}","templated":true}]}}