{"id":15027,"date":"2019-05-13T21:01:51","date_gmt":"2019-05-14T04:01:51","guid":{"rendered":"https:\/\/speculoos.world\/parzelle-region-hosting\/"},"modified":"2024-12-14T08:45:51","modified_gmt":"2024-12-14T16:45:51","slug":"parzelle-region-hosting","status":"publish","type":"page","link":"https:\/\/speculoos.world\/de\/unterstuetzung\/parzelle-region-hosting\/","title":{"rendered":"Paket \/ Region Hosting"},"content":{"rendered":"<p>Wir bieten kostenlose (f\u00fcr gemeinn\u00fctzige Nutzer) und kommerzielle Hosting-Angebote (ab 8\u20ac\/Monat) f\u00fcr Ihre Regionen an. K\u00fcmmern Sie sich um Ihre Geb\u00e4ude und die Entwicklung Ihrer Region, wir k\u00fcmmern uns um die Serverseite. W\u00e4hrend wir noch an einem webbasierten Bestellformular arbeiten, k\u00f6nnen Sie uns bereits in der Welt oder per Post f\u00fcr jede Anfrage kontaktieren.  <!--break--><\/p>\n<table border=\"0\" cellspacing=\"10\">\n<tbody>\n<tr>\n<td valign=\"top\" nowrap>Gemeinn\u00fctzige Parzelle<\/td>\n<td colspan=\"2\" align=\"center\" valign=\"top\" nowrap>KOSTENLOS<\/td>\n<td valign=\"top\">\n<ul>\n<li>Begrenzte Verf\u00fcgbarkeit, sehen Sie auf der Website und in der Welt nach den aktuell verf\u00fcgbaren Paketen<\/li>\n<li>Keine kommerzielle Nutzung (kein Verkauf, keine Werbung)<\/li>\n<li>Maximal ein Paket pro Person<\/li>\n<li>Parzellen unterliegen in der Regel einigen Einschr\u00e4nkungen (Thema, Landschaft&#8230;)<\/li>\n<\/ul>\n<\/td>\n<\/tr>\n<tr>\n<td valign=\"top\" nowrap height=\"22\">Basis-Simulator<\/p>\n<ul>\n<li>1 Region<\/li>\n<li>5000 Prims<\/li>\n<\/ul>\n<\/td>\n<td align=\"center\" valign=\"top\" nowrap><strong>8 \u20ac<\/strong><br \/>\n\/Monat<\/td>\n<td align=\"center\" valign=\"top\" nowrap><strong>$12<\/strong><br \/>\n\/Monat<\/td>\n<td rowspan=\"3\" valign=\"top\">\n<ul>\n<li>Dedizierter Simulator mit Gottesrechten<\/li>\n<li>Letzte stabile Version<\/li>\n<li>Nutzung und Verf\u00fcgbarkeit der Ressourcen werden 24\/7 \u00fcberwacht<\/li>\n<li>Regelm\u00e4\u00dfige Backups<\/li>\n<li>Failover-Server<\/li>\n<li>Erlaubte Prims simulatorweit gez\u00e4hlt<\/li>\n<\/ul>\n<p>Alle unsere Simulatoren laufen auf dedizierten High-End-Servern in High-End-Rechenzentren, die so skaliert sind, dass sie die beste Antwortzeit gew\u00e4hrleisten und eine \u00dcberlastung vermeiden.<\/td>\n<\/tr>\n<tr>\n<td valign=\"top\" nowrap height=\"22\">Zus\u00e4tzliche Regionen<\/td>\n<td align=\"center\" valign=\"top\" nowrap><strong>+1 \u20ac<\/strong><br \/>\n\/Region\/Monat<\/td>\n<td align=\"center\" valign=\"top\" nowrap><strong>+$1,5<\/strong><br \/>\n\/Region\/Monat<\/td>\n<\/tr>\n<tr>\n<td valign=\"top\" nowrap height=\"22\">Zus\u00e4tzliche Prims<\/td>\n<td align=\"center\" valign=\"top\" nowrap><strong>+2 \u20ac<\/strong><br \/>\n\/5000 Prims\/Monat<\/td>\n<td align=\"center\" valign=\"top\" nowrap><strong>+$3<\/strong><br \/>\n\/5000 Prims\/Monat<\/td>\n<\/tr>\n<tr>\n<td valign=\"top\" nowrap height=\"22\">Hosting in anderen Netzen<\/td>\n<td colspan=\"2\" align=\"center\" valign=\"top\" nowrap>Verf\u00fcgbar<\/td>\n<td valign=\"top\">Unser Standardangebot umfasst Ihre Pr\u00e4senz auf Speculoos Grid. Wir k\u00f6nnen auch alternatives Hosting f\u00fcr andere Grids oder Standalone anbieten. Bitte kontaktieren Sie uns f\u00fcr spezifische Anfragen.  <\/td>\n<\/tr>\n<\/tbody>\n<\/table>\n<p>Zahlung per Paypal oder Kreditkarte.<\/p>\n","protected":false},"excerpt":{"rendered":"<p>Wir bieten kostenlose (f\u00fcr gemeinn\u00fctzige Nutzer) und kommerzielle Hosting-Angebote (ab 8\u20ac\/Monat) f\u00fcr Ihre Regionen an. K\u00fcmmern Sie sich um Ihre Geb\u00e4ude und die Entwicklung Ihrer Region, wir k\u00fcmmern uns um&#8230;<\/p>\n","protected":false},"author":2,"featured_media":0,"parent":7052,"menu_order":0,"comment_status":"closed","ping_status":"closed","template":"","meta":{"footnotes":""},"class_list":["post-15027","page","type-page","status-publish"],"_links":{"self":[{"href":"https:\/\/speculoos.world\/de\/wp-json\/wp\/v2\/pages\/15027","targetHints":{"allow":["GET"]}}],"collection":[{"href":"https:\/\/speculoos.world\/de\/wp-json\/wp\/v2\/pages"}],"about":[{"href":"https:\/\/speculoos.world\/de\/wp-json\/wp\/v2\/types\/page"}],"author":[{"embeddable":true,"href":"https:\/\/speculoos.world\/de\/wp-json\/wp\/v2\/users\/2"}],"replies":[{"embeddable":true,"href":"https:\/\/speculoos.world\/de\/wp-json\/wp\/v2\/comments?post=15027"}],"version-history":[{"count":1,"href":"https:\/\/speculoos.world\/de\/wp-json\/wp\/v2\/pages\/15027\/revisions"}],"predecessor-version":[{"id":15167,"href":"https:\/\/speculoos.world\/de\/wp-json\/wp\/v2\/pages\/15027\/revisions\/15167"}],"up":[{"embeddable":true,"href":"https:\/\/speculoos.world\/de\/wp-json\/wp\/v2\/pages\/7052"}],"wp:attachment":[{"href":"https:\/\/speculoos.world\/de\/wp-json\/wp\/v2\/media?parent=15027"}],"curies":[{"name":"wp","href":"https:\/\/api.w.org\/{rel}","templated":true}]}}