{"id":15131,"date":"2019-05-13T21:41:07","date_gmt":"2019-05-14T04:41:07","guid":{"rendered":"https:\/\/speculoos.world\/datenschutzbestimmungen\/"},"modified":"2024-12-14T07:53:04","modified_gmt":"2024-12-14T15:53:04","slug":"datenschutzbestimmungen","status":"publish","type":"page","link":"https:\/\/speculoos.world\/de\/datenschutzbestimmungen\/","title":{"rendered":"Datenschutzbestimmungen"},"content":{"rendered":"\n<h2 class=\"wp-block-heading\">Wer sind wir?<\/h2>\n\n<p>Unsere Website-Adresse lautet: <a href=\"https:\/\/speculoos.world\/de\/\" target=\"_new\" rel=\"noopener\">https:\/\/speculoos.world\/.<\/a> Speculoos World ist eine virtuelle 3D-Welt. Diese Website dient als Erg\u00e4nzung zu Speculoos&#8217; OpenSimulator-Server. OpenSimulator ist eine von der Gemeinschaft entwickelte Beta-Software<a href=\"http:\/\/opensimulator.org\/\" target=\"_new\" rel=\"noopener\">(http:\/\/opensimulator.org\/)<\/a>.   <\/p>\n\n<h2 class=\"wp-block-heading\"><em>tl;dr:<\/em><\/h2>\n\n<p>Wir sch\u00e4tzen Ihre Privatsph\u00e4re und sind nicht an Ihren pers\u00f6nlichen Daten interessiert. Wir sammeln nur die Informationen, die f\u00fcr die Erbringung unserer Dienstleistungen erforderlich sind, und gehen verantwortungsbewusst damit um. Wir verkaufen Ihre privaten Daten nicht und geben sie nicht an Dritte weiter und treffen alle notwendigen Vorkehrungen, um ihre Sicherheit auf dieser Website zu gew\u00e4hrleisten.  <\/p>\n\n<p>Bitte beachten Sie jedoch, dass dieses Projekt auf OpenSimulator basiert und mit anderen OpenSimulator-Anbietern verbunden ist. Bestimmte Details \u00fcber Ihren Avatar, vor allem \u00f6ffentliche Informationen, werden mit unseren eigenen OpenSimulator-Servern und anderen Grids, die \u00fcber HyperGrid zug\u00e4nglich sind, geteilt. Die Sicherheit dieser Daten h\u00e4ngt vom aktuellen Stand des OpenSimulator-Projekts ab.  <\/p>\n\n<h2 class=\"wp-block-heading\">Verwendung der gesammelten pers\u00f6nlichen Daten<\/h2>\n\n<h3 class=\"wp-block-heading\">Kommentare<\/h3>\n\n<p>Wenn Besucher Kommentare auf der Website hinterlassen, erfassen wir die im Kommentarformular angezeigten Daten sowie die IP-Adresse und den User-Agent-String des Browsers des Besuchers, um die Spam-Erkennung zu erleichtern.<\/p>\n\n<p>Eine anonymisierte Zeichenfolge, die aus Ihrer E-Mail-Adresse erstellt wird (auch Hash genannt), kann dem Gravatar-Dienst zur Verf\u00fcgung gestellt werden, um zu sehen, ob Sie ihn verwenden. Die Datenschutzbestimmungen des Gravatar-Dienstes finden Sie hier: https:\/\/automattic.com\/privacy\/. Nach der Genehmigung Ihres Kommentars ist Ihr Profilbild im Zusammenhang mit Ihrem Kommentar \u00f6ffentlich sichtbar.<\/p>\n\n<p>Besucherkommentare k\u00f6nnen durch einen automatischen Spam-Erkennungsdienst \u00fcberpr\u00fcft werden.<\/p>\n\n<h3 class=\"wp-block-heading\">Medien<\/h3>\n\n<p>Wenn Sie ein registrierter Benutzer sind und Bilder auf die Website hochladen, raten wir Ihnen, das Hochladen von Bildern mit EXIF-GPS-Koordinaten-Daten zu vermeiden. Besucher Ihrer Website k\u00f6nnen Standortdaten aus diesen Bildern herunterladen und extrahieren. <\/p>\n\n<h3 class=\"wp-block-heading\">Kontaktformulare<\/h3>\n\n<p>Die in Kontaktformulare eingegebenen Informationen werden nur f\u00fcr die Beantwortung von Anfragen verwendet.<\/p>\n\n<h3 class=\"wp-block-heading\">Cookies<\/h3>\n\n<p>Wenn Sie einen Kommentar auf unserer Website abgeben, wird Ihnen angeboten, Ihren Namen, Ihre E-Mail-Adresse und Ihre Website in Cookies zu registrieren. Diese dienen der Bequemlichkeit, damit Sie Ihre Daten nicht erneut eingeben m\u00fcssen, wenn Sie einen weiteren Kommentar hinterlassen. Diese Kekse sind ein Jahr lang haltbar.<\/p>\n\n<p>Wenn Sie unsere Anmeldeseite besuchen, setzen wir ein tempor\u00e4res Cookie, um festzustellen, ob Ihr Browser Cookies zul\u00e4sst. Dieses Cookie enth\u00e4lt keine pers\u00f6nlichen Daten und wird gel\u00f6scht, wenn Sie Ihren Browser schlie\u00dfen.<\/p>\n\n<p>Wenn Sie sich anmelden, legen wir au\u00dferdem mehrere Cookies an, um Ihre Anmeldeinformationen und die Auswahl Ihrer Bildschirmdarstellung zu speichern. Anmelde-Cookies bleiben zwei Tage lang erhalten, Cookies f\u00fcr Bildschirmoptionen ein Jahr lang. Wenn Sie &#8220;Angemeldet bleiben&#8221; w\u00e4hlen, bleibt Ihr Login zwei Wochen lang erhalten. Wenn Sie sich von Ihrem Konto abmelden, werden die Anmelde-Cookies entfernt.<\/p>\n\n<p>Wenn Sie einen Artikel bearbeiten oder ver\u00f6ffentlichen, wird ein weiteres Cookie in Ihrem Browser gespeichert. Dieses Cookie enth\u00e4lt keine pers\u00f6nlichen Daten. Er zeigt lediglich die Post-ID des Artikels an, den Sie gerade bearbeitet haben. Er verf\u00e4llt nach einem Tag.  <\/p>\n\n<h3 class=\"wp-block-heading\">On-Board-Inhalte von anderen Websites<\/h3>\n\n<p>Die Artikel auf dieser Website k\u00f6nnen eingebettete Inhalte enthalten (z. B. Videos, Bilder, Artikel usw.). Eingebettete Inhalte von anderen Websites verhalten sich genau so, als ob der Besucher die andere Website besucht h\u00e4tte.<\/p>\n\n<p>Diese Websites k\u00f6nnen Daten \u00fcber Sie sammeln, Cookies verwenden, zus\u00e4tzliche Trackingfunktionen von Dritten einbetten und Ihre Interaktion mit diesen eingebetteten Inhalten \u00fcberwachen, einschlie\u00dflich der Verfolgung Ihrer Interaktion mit den eingebetteten Inhalten, wenn Sie ein Konto haben und auf dieser Website angemeldet sind.<\/p>\n\n<h2 class=\"wp-block-heading\">Mit wem wir Ihre Daten teilen<\/h2>\n\n<p>Pers\u00f6nliche Daten werden nur von dieser Website verwendet. Die Avatar-Daten werden mit dem OpenSimulator-Server geteilt. OpenSimulator ist eine dezentralisierte Technologie. Einige der Informationen des Avatars werden m\u00f6glicherweise an andere OpenSimulator-Server \u00fcbertragen, wenn Sie andere Grids besuchen.   <\/p>\n\n<h2 class=\"wp-block-heading\">Wie lange wir Ihre Daten aufbewahren<\/h2>\n\n<p>Wenn Sie einen Kommentar hinterlassen, werden der Kommentar und seine Metadaten auf unbestimmte Zeit gespeichert. Auf diese Weise k\u00f6nnen wir Folgekommentare automatisch erkennen und genehmigen, anstatt sie in einer Moderationswarteschlange zu halten.<\/p>\n\n<p>Bei Nutzern, die sich auf unserer Website registrieren (falls vorhanden), speichern wir auch die pers\u00f6nlichen Daten, die sie in ihrem Nutzerprofil angeben. Alle Nutzer k\u00f6nnen ihre pers\u00f6nlichen Daten jederzeit einsehen, bearbeiten oder l\u00f6schen (nur ihren Benutzernamen k\u00f6nnen sie nicht \u00e4ndern). Auch Website-Administratoren k\u00f6nnen diese Informationen einsehen und bearbeiten.<\/p>\n\n<h2 class=\"wp-block-heading\">Welche Rechte Sie an Ihren Daten haben<\/h2>\n\n<p>Wenn Sie ein Konto auf dieser Website haben oder Kommentare hinterlassen haben, k\u00f6nnen Sie eine exportierte Datei mit den personenbezogenen Daten anfordern, die wir \u00fcber Sie gespeichert haben, einschlie\u00dflich aller Daten, die Sie uns zur Verf\u00fcgung gestellt haben. Sie k\u00f6nnen auch verlangen, dass wir die \u00fcber Sie gespeicherten personenbezogenen Daten l\u00f6schen. Davon ausgenommen sind Daten, die wir aus verwaltungstechnischen, rechtlichen oder sicherheitsrelevanten Gr\u00fcnden aufbewahren m\u00fcssen.<\/p>\n","protected":false},"excerpt":{"rendered":"<p>Wer sind wir? Unsere Website-Adresse lautet: https:\/\/speculoos.world\/. Speculoos World ist eine virtuelle 3D-Welt. Diese Website dient als Erg\u00e4nzung zu Speculoos&#8217; OpenSimulator-Server. OpenSimulator ist eine von der Gemeinschaft entwickelte Beta-Software(http:\/\/opensimulator.org\/). tl;dr:&#8230;<\/p>\n","protected":false},"author":1,"featured_media":0,"parent":0,"menu_order":0,"comment_status":"closed","ping_status":"closed","template":"","meta":{"footnotes":""},"class_list":["post-15131","page","type-page","status-publish"],"_links":{"self":[{"href":"https:\/\/speculoos.world\/de\/wp-json\/wp\/v2\/pages\/15131","targetHints":{"allow":["GET"]}}],"collection":[{"href":"https:\/\/speculoos.world\/de\/wp-json\/wp\/v2\/pages"}],"about":[{"href":"https:\/\/speculoos.world\/de\/wp-json\/wp\/v2\/types\/page"}],"author":[{"embeddable":true,"href":"https:\/\/speculoos.world\/de\/wp-json\/wp\/v2\/users\/1"}],"replies":[{"embeddable":true,"href":"https:\/\/speculoos.world\/de\/wp-json\/wp\/v2\/comments?post=15131"}],"version-history":[{"count":1,"href":"https:\/\/speculoos.world\/de\/wp-json\/wp\/v2\/pages\/15131\/revisions"}],"predecessor-version":[{"id":15132,"href":"https:\/\/speculoos.world\/de\/wp-json\/wp\/v2\/pages\/15131\/revisions\/15132"}],"wp:attachment":[{"href":"https:\/\/speculoos.world\/de\/wp-json\/wp\/v2\/media?parent=15131"}],"curies":[{"name":"wp","href":"https:\/\/api.w.org\/{rel}","templated":true}]}}