{"id":15320,"date":"2021-10-14T15:32:09","date_gmt":"2021-10-14T22:32:09","guid":{"rendered":"https:\/\/speculoos.world\/unterstuetzung\/zugang-registrierung\/"},"modified":"2025-12-02T06:01:13","modified_gmt":"2025-12-02T14:01:13","slug":"zugang-registrierung","status":"publish","type":"page","link":"https:\/\/speculoos.world\/de\/unterstuetzung\/zugang-registrierung\/","title":{"rendered":"Zugang \/ Registrierung"},"content":{"rendered":"\n<h2 class=\"wp-block-heading has-text-align-center\">Kurz und b\u00fcndig<\/h2>\n\n<div style=\"height:20px\" aria-hidden=\"true\" class=\"wp-block-spacer\"><\/div>\n\n<div class=\"wp-block-columns is-layout-flex wp-container-core-columns-is-layout-8d2d9942 wp-block-columns-is-layout-flex\">\n<div class=\"wp-block-column is-layout-flow wp-block-column-is-layout-flow\">\n<div class=\"wp-block-group clickable-block has-white-color has-text-color has-background is-layout-constrained wp-container-core-group-is-layout-5066676a wp-block-group-is-layout-constrained\" style=\"background-color:#7f3fff;padding-top:30px;padding-right:20px;padding-bottom:30px;padding-left:20px\">\n<h3 class=\"wp-block-heading has-text-align-center has-white-color has-text-color\"><a style=\"color: inherit; text-decoration: none;\" href=\"#signup\">1. Anmelden<\/a><\/h3>\n<\/div>\n<\/div>\n\n\n\n<div class=\"wp-block-column is-layout-flow wp-block-column-is-layout-flow\">\n<div class=\"wp-block-group clickable-block has-white-color has-text-color has-background is-layout-constrained wp-container-core-group-is-layout-5066676a wp-block-group-is-layout-constrained\" style=\"background-color:#3fb2ff;padding-top:30px;padding-right:20px;padding-bottom:30px;padding-left:20px\">\n<h3 class=\"wp-block-heading has-text-align-center has-white-color has-text-color\"><a style=\"color: inherit; text-decoration: none;\" href=\"#avatar\">2. Einen Avatar erstellen<\/a><\/h3>\n<\/div>\n<\/div>\n\n\n\n<div class=\"wp-block-column is-layout-flow wp-block-column-is-layout-flow\">\n<div class=\"wp-block-group clickable-block has-white-color has-text-color has-background is-layout-constrained wp-container-core-group-is-layout-5066676a wp-block-group-is-layout-constrained\" style=\"background-color:#00ccb4;padding-top:30px;padding-right:20px;padding-bottom:30px;padding-left:20px\">\n<h3 class=\"wp-block-heading has-text-align-center has-white-color has-text-color\"><a style=\"color: inherit; text-decoration: none;\" href=\"#viewer\">3. Konfigurieren Sie den Viewer<\/a><\/h3>\n<\/div>\n<\/div>\n<\/div>\n\n<div style=\"height:42px\" aria-hidden=\"true\" class=\"wp-block-spacer\"><\/div>\n\n<h2 class=\"wp-block-heading has-text-align-center\">Details<\/h2>\n\n<div style=\"height:20px\" aria-hidden=\"true\" class=\"wp-block-spacer\"><\/div>\n\n<div class=\"wp-block-columns is-layout-flex wp-container-core-columns-is-layout-8d2d9942 wp-block-columns-is-layout-flex\">\n<div class=\"wp-block-column is-layout-flow wp-block-column-is-layout-flow\" style=\"flex-basis:60%\">\n<div id=\"signup\" class=\"wp-block-group has-white-color has-text-color has-background is-layout-constrained wp-container-core-group-is-layout-86b54818 wp-block-group-is-layout-constrained\" style=\"background-color:#793fff;padding-top:20px;padding-right:20px;padding-bottom:20px;padding-left:20px\">\n<h3 class=\"wp-block-heading has-white-color has-text-color\">1. Registrierung<\/h3>\n\n\n\n<p>Die Registrierung ist kostenlos und einfach. Gehen Sie auf die Seite Mein Konto. <\/p>\n<\/div>\n\n\n\n<div id=\"avatar\" class=\"wp-block-group has-white-color has-text-color has-background is-layout-constrained wp-container-core-group-is-layout-99d66d58 wp-block-group-is-layout-constrained\" style=\"background-color:#3fb2ff;margin-top:1rem;padding-top:20px;padding-right:20px;padding-bottom:20px;padding-left:20px\">\n<h3 class=\"wp-block-heading has-white-color has-text-color\">2. Avatar<\/h3>\n\n\n\n<p>Um Ihren Avatar zu erstellen, gehen Sie auf <a style=\"color: #fff; text-decoration: underline;\" href=\"https:\/\/speculoos.world\/de\/profil\/\">Ihre Profilseite<\/a>.<\/p>\n\n\n\n<ul class=\"wp-block-list\">\n<li>Sie m\u00fcssen einen Vor- und Nachnamen f\u00fcr Ihren Avatar w\u00e4hlen. Dies ist der Name, der f\u00fcr andere Benutzer in der virtuellen Welt erscheint. Es muss nicht Ihr richtiger Name sein, aber sobald der Avatar erstellt ist, kann dieser Name nicht mehr ge\u00e4ndert werden.  <\/li>\n\n\n\n<li>W\u00e4hlen Sie Ihr anf\u00e4ngliches Aussehen. Sie k\u00f6nnen es in der virtuellen Welt nach Belieben ver\u00e4ndern und anpassen. <\/li>\n<\/ul>\n<\/div>\n<\/div>\n\n\n\n<div class=\"wp-block-column is-layout-flow wp-block-column-is-layout-flow\" style=\"flex-basis:40%\">\n<h3 class=\"wp-block-heading\">Hypergrid<\/h3>\n\n\n\n<p>Wenn Sie bereits einen Avatar in einem anderen Grid (wie OSgrid, FrancoGrid, GermanGrid, etc.) haben, k\u00f6nnen Sie unseres besuchen, indem Sie die folgende Adresse in der &#8220;Karte&#8221; eingeben:<\/p>\n\n\n\n<p>oder indem Sie auf einen der folgenden Links klicken:<\/p>\n\n\n\n<p><a href=\"hop:\/\/speculoos.world:8002\">hop:\/\/speculoos.world:8002<\/a><br\/><a href=\"secondlife:\/\/speculoos.world:8002\/\">secondlife:\/\/speculoos.world:8002\/<\/a><\/p>\n<\/div>\n<\/div>\n\n<div class=\"wp-block-columns is-layout-flex wp-container-core-columns-is-layout-89d078e0 wp-block-columns-is-layout-flex\" style=\"margin-top:1rem\">\n<div class=\"wp-block-column is-layout-flow wp-block-column-is-layout-flow\" style=\"flex-basis:60%\">\n<div id=\"viewer\" class=\"wp-block-group has-white-color has-text-color has-background is-layout-constrained wp-container-core-group-is-layout-86b54818 wp-block-group-is-layout-constrained\" style=\"background-color:#00ccb4;padding-top:20px;padding-right:20px;padding-bottom:20px;padding-left:20px\">\n<h3 class=\"wp-block-heading has-white-color has-text-color\">3. Betrachter<\/h3>\n\n\n\n<p>Der Viewer ist das \u00c4quivalent zu Ihrem Webbrowser f\u00fcr 3D-Welten. Sie k\u00f6nnen jeden OpenSimulator-kompatiblen Viewer f\u00fcr den Zugriff auf Speculoos verwenden. Wir empfehlen Firestorm:  <br\/><a style=\"color: #fff; text-decoration: underline;\" href=\"https:\/\/www.firestormviewer.org\/os-operating-system\/\" target=\"_blank\" rel=\"noopener\">https:\/\/www.firestormviewer.org\/os-operating-system\/<\/a><\/p>\n\n\n\n<p>Stellen Sie sicher, dass Sie die &#8220;Opensim Only&#8221;-Version herunterladen (nicht die &#8220;SL Only&#8221;-Version).<\/p>\n\n\n\n<p><strong>F\u00fcgen Sie zun\u00e4chst Speculoos World zu Ihrem Viewer hinzu:<\/strong><\/p>\n\n\n\n<ul class=\"wp-block-list\">\n<li>Gehen Sie zum Men\u00fc &#8220;Viewer&#8221; \u2192 &#8220;Einstellungen&#8221; (oder geben Sie Strg-P ein)<\/li>\n\n\n\n<li>&#8220;Registerkarte &#8220;Grid Manager<\/li>\n\n\n\n<li>Abschnitt &#8220;Ein neues Gitter hinzuf\u00fcgen&#8221;.<\/li>\n\n\n\n<li>Verbindung URI<\/li>\n\n\n\n<li>Klicken Sie auf &#8220;\u00dcbernehmen&#8221; und dann auf &#8220;OK&#8221;.<\/li>\n<\/ul>\n\n\n\n<p><strong>Sobald der Speculoos hinzugef\u00fcgt wird, k\u00f6nnen Sie sich anmelden:<\/strong><\/p>\n\n\n\n<ul class=\"wp-block-list\">\n<li>Stellen Sie sicher, dass das im Men\u00fc &#8220;Gitter&#8221; ausgew\u00e4hlte Gitter Speculoos ist.<\/li>\n\n\n\n<li>Geben Sie den Vor- und Nachnamen Ihres Avatars in das Feld &#8220;Benutzername&#8221; und Ihr Passwort in das Feld &#8220;Passwort&#8221; ein.<\/li>\n\n\n\n<li>Klicken Sie auf &#8220;Verbindung&#8221;.<\/li>\n<\/ul>\n<\/div>\n<\/div>\n\n\n\n<div class=\"wp-block-column is-layout-flow wp-block-column-is-layout-flow\" style=\"flex-basis:40%\">\n<h3 class=\"wp-block-heading\">Alternative Betrachter<\/h3>\n\n\n\n<p><em>(es ist schon eine Weile her, dass ich sie getestet habe, keine Garantie f\u00fcr die Ergebnisse):<\/em><\/p>\n\n\n\n<ul class=\"wp-block-list\">\n<li>Cool VL Viewer (Windows, Mac, Linux)<\/li>\n\n\n\n<li>Singularit\u00e4t (Windows, Mac, Linux)<\/li>\n\n\n\n<li>Unbesonnenheit (Windows, Mac, Linux)<\/li>\n\n\n\n<li>Hippo-Viewer (Windows, Linux)<\/li>\n<\/ul>\n\n\n\n<p>Sie haben sich also gefragt, warum Sie \u00fcberall Nilpferde sehen? Voil\u00e0. <\/p>\n\n\n\n<p>Um Second Life zu verwenden, folgen Sie bitte den Laboranweisungen hier. Second Life erlaubt es OpenSimulator-Betrachtern nicht mehr, sich mit seinem Grid zu verbinden. Sie m\u00fcssen nun separate Programme installieren, wenn Sie beide verwenden. <\/p>\n<\/div>\n<\/div>\n","protected":false},"excerpt":{"rendered":"<p>Kurz und b\u00fcndig 1. Anmelden 2. Einen Avatar erstellen 3. Konfigurieren Sie den Viewer Details 1. Registrierung Die Registrierung ist kostenlos und einfach. Gehen Sie auf die Seite Mein Konto&#8230;.<\/p>\n","protected":false},"author":1,"featured_media":0,"parent":7052,"menu_order":0,"comment_status":"closed","ping_status":"closed","template":"","meta":{"footnotes":""},"class_list":["post-15320","page","type-page","status-publish"],"_links":{"self":[{"href":"https:\/\/speculoos.world\/de\/wp-json\/wp\/v2\/pages\/15320","targetHints":{"allow":["GET"]}}],"collection":[{"href":"https:\/\/speculoos.world\/de\/wp-json\/wp\/v2\/pages"}],"about":[{"href":"https:\/\/speculoos.world\/de\/wp-json\/wp\/v2\/types\/page"}],"author":[{"embeddable":true,"href":"https:\/\/speculoos.world\/de\/wp-json\/wp\/v2\/users\/1"}],"replies":[{"embeddable":true,"href":"https:\/\/speculoos.world\/de\/wp-json\/wp\/v2\/comments?post=15320"}],"version-history":[{"count":13,"href":"https:\/\/speculoos.world\/de\/wp-json\/wp\/v2\/pages\/15320\/revisions"}],"predecessor-version":[{"id":15846,"href":"https:\/\/speculoos.world\/de\/wp-json\/wp\/v2\/pages\/15320\/revisions\/15846"}],"up":[{"embeddable":true,"href":"https:\/\/speculoos.world\/de\/wp-json\/wp\/v2\/pages\/7052"}],"wp:attachment":[{"href":"https:\/\/speculoos.world\/de\/wp-json\/wp\/v2\/media?parent=15320"}],"curies":[{"name":"wp","href":"https:\/\/api.w.org\/{rel}","templated":true}]}}