{"id":7047,"date":"2012-03-07T08:27:56","date_gmt":"2012-03-07T16:27:56","guid":{"rendered":"https:\/\/speculoos.world\/was-ist-das\/"},"modified":"2012-03-07T08:27:56","modified_gmt":"2012-03-07T16:27:56","slug":"was-ist-das","status":"publish","type":"page","link":"https:\/\/speculoos.world\/de\/was-ist-das\/","title":{"rendered":"Was ist das?"},"content":{"rendered":"<div class=\"section field field-name-body field-type-text-with-summary field-label-hidden\">\n<div class=\"field-items\">\n<div class=\"field-item odd\">\n<p>Speculoos.net ist der &#8220;Metavers&#8221; auf belgische Art. Erstellen Sie Ihren Avatar (kostenlos) und bewegen Sie sich in einer virtuellen 3D-Welt. Basiert auf Open Simulator (dem Open-Source-Zweig, der von Second Life abstammt) und einer Menge schlafloser N\u00e4chte.<\/p>\n<h2>Was ist ein &#8220;Metavers&#8221;?<\/h2>\n<p>Es ist ein virtuelles 3D-Universum, in dem man sich einen Avatar erstellt, um sich zu bewegen, andere Menschen zu treffen oder realistische oder unwirkliche Welten zu besuchen. Unsere Server verwenden OpenSim, den Open-Source-Zweig, der von &#8220;Second Life&#8221; abgeleitet ist.<\/p>\n<h2>Was ist &#8220;belgische Art&#8221;?<\/h2>\n<p>Jeder wird nat\u00fcrlich seine eigene Definition haben, und es gibt wahrscheinlich keine, die besser ist als eine andere. Unserer ist, dass wir die Dinge ernsthaft angehen, aber uns selbst nicht zu ernst nehmen. Als kleines Land inmitten vieler gro\u00dfer L\u00e4nder sind wir es gewohnt, den Blick auf andere zu richten, Besucher zu empfangen und auch regelm\u00e4\u00dfig deren Reicht\u00fcmer zu entdecken. Deshalb finden Sie auf Speculoos Links zu anderen Rastern, zu Orten, die wir interessant fanden (oder auch nicht), Br\u00fccken, die Sie zu Dutzenden von Orten f\u00fchren, die wir selbst noch nicht besuchen konnten&#8230;<\/p>\n<h2>Warum Speculoos?<\/h2>\n<p>F\u00fcr uns ist die fantastischste Innovation von OpenSIm die &#8220;Hypergrid&#8221;-Navigation. Das bedeutet, dass man nicht in seiner Welt &#8220;festsitzt&#8221;, sondern von einer Welt in die andere navigieren kann, ohne \u00fcberall Konten er\u00f6ffnen zu m\u00fcssen. Speculoos will das Hypegrid voll ausnutzen, indem es eine offene Welt zu allen anderen Grids schafft. Und wir haben den Grand Place in Br\u00fcssel als Anlaufstelle gew\u00e4hlt, weil es ein kleines Land in der Mitte Europas ist, in dem man auf Menschen mit unterschiedlichem Hintergrund trifft. Hier geht es nicht nur um Belgien. Es handelt sich um alle virtuellen Welten inmitten der gesamten realen Welt<\/p>\n<\/div>\n<\/div>\n<\/div>\n","protected":false},"excerpt":{"rendered":"<p>Speculoos.net ist der &#8220;Metavers&#8221; auf belgische Art. Erstellen Sie Ihren Avatar (kostenlos) und bewegen Sie sich in einer virtuellen 3D-Welt. Basiert auf Open Simulator (dem Open-Source-Zweig, der von Second Life&#8230;<\/p>\n","protected":false},"author":1,"featured_media":0,"parent":0,"menu_order":0,"comment_status":"closed","ping_status":"closed","template":"","meta":{"footnotes":""},"class_list":["post-7047","page","type-page","status-publish"],"_links":{"self":[{"href":"https:\/\/speculoos.world\/de\/wp-json\/wp\/v2\/pages\/7047","targetHints":{"allow":["GET"]}}],"collection":[{"href":"https:\/\/speculoos.world\/de\/wp-json\/wp\/v2\/pages"}],"about":[{"href":"https:\/\/speculoos.world\/de\/wp-json\/wp\/v2\/types\/page"}],"author":[{"embeddable":true,"href":"https:\/\/speculoos.world\/de\/wp-json\/wp\/v2\/users\/1"}],"replies":[{"embeddable":true,"href":"https:\/\/speculoos.world\/de\/wp-json\/wp\/v2\/comments?post=7047"}],"version-history":[{"count":0,"href":"https:\/\/speculoos.world\/de\/wp-json\/wp\/v2\/pages\/7047\/revisions"}],"wp:attachment":[{"href":"https:\/\/speculoos.world\/de\/wp-json\/wp\/v2\/media?parent=7047"}],"curies":[{"name":"wp","href":"https:\/\/api.w.org\/{rel}","templated":true}]}}