{"id":7052,"date":"2012-03-08T17:40:12","date_gmt":"2012-03-09T01:40:12","guid":{"rendered":"https:\/\/speculoos.world\/unterstuetzung\/"},"modified":"2024-12-14T10:07:07","modified_gmt":"2024-12-14T18:07:07","slug":"unterstuetzung","status":"publish","type":"page","link":"https:\/\/speculoos.world\/de\/unterstuetzung\/","title":{"rendered":"Hilfe Seite"},"content":{"rendered":"\n<p>Sie k\u00f6nnen uns in der Welt oder per Post erreichen. Wir helfen Ihnen immer gerne, wenn wir k\u00f6nnen. Nutzen Sie die <a href=\"https:\/\/speculoos.world\/de\/unterstuetzung\/kontakt\/\" data-type=\"page\" data-id=\"441\">Kontaktseite<\/a> f\u00fcr alle Fragen. Und wenn alles gut l\u00e4uft, z\u00f6gern Sie nicht, uns das auch mitzuteilen ;-).   <\/p>\n\n\n<ul class=\"wp-block-page-list has-medium-font-size\"><li class=\"wp-block-pages-list__item\"><a class=\"wp-block-pages-list__item__link\" href=\"https:\/\/speculoos.world\/de\/unterstuetzung\/kontakt\/\">Kontakt<\/a><\/li><li class=\"wp-block-pages-list__item\"><a class=\"wp-block-pages-list__item__link\" href=\"https:\/\/speculoos.world\/de\/unterstuetzung\/parzelle-region-hosting\/\">Paket \/ Region Hosting<\/a><\/li><li class=\"wp-block-pages-list__item\"><a class=\"wp-block-pages-list__item__link\" href=\"https:\/\/speculoos.world\/de\/unterstuetzung\/zugang-anmeldung\/\">Zugang \/ Anmeldung<\/a><\/li><li class=\"wp-block-pages-list__item\"><a class=\"wp-block-pages-list__item__link\" href=\"https:\/\/speculoos.world\/de\/unterstuetzung\/zugang-registrierung\/\">Zugang \/ Registrierung<\/a><\/li><\/ul>\n\n\n<h2 class=\"wp-block-heading\">B\u00fcrozeiten<\/h2>\n\n\n\n<p>Haben Sie schon einmal von &#8220;Office Hours&#8221; geh\u00f6rt? Das ist ein gebr\u00e4uchlicher Begriff in OpenSimulator, um wiederkehrende Treffen in der Welt zu beschreiben, bei denen der Status des Netzes, kurzfristige Projekte, Anfragen und mehr besprochen werden. <\/p>\n\n\n\n<p>Nun, wir haben keine offiziellen B\u00fcrozeiten. Sie k\u00f6nnen gerne in der Welt nachsehen, ob wir online sind &#8211; meistens in der Region Grand Place -, aber <a href=\"https:\/\/speculoos.world\/de\/unterstuetzung\/kontakt\/\" data-type=\"page\" data-id=\"441\">das Kontaktformular<\/a> ist nach wie vor der beste Weg, um eine schnelle Antwort zu erhalten. <\/p>\n\n\n\n<p>Teleportieren:<\/p>\n\n\n\n<ul class=\"wp-block-list\">\n<li>speculoos.world:8002\/Grand Place\/<\/li>\n\n\n\n<li><a href=\"hop:\/\/speculoos.world:8002\/Grand%20Place\/\">hop:\/\/speculoos.world:8002\/Grand Place\/<\/a><\/li>\n\n\n\n<li><a href=\"secondlife:\/\/speculoos.world:8002:Grand%20Place\/115\/138\/26\/\">secondlife:\/\/speculoos.world:8002:Grand%20Place\/115\/138\/26\/<\/a><\/li>\n<\/ul>\n","protected":false},"excerpt":{"rendered":"<h2>\n  B\u00fcrozeiten<\/h2>\n<p>Der Begriff &#8220;Office Hours&#8221; wird in OpenSimulator \u00fcblicherweise f\u00fcr wiederkehrende Treffen im B\u00fcro verwendet, um \u00fcber den Status des Grid, kurzfristige Projekte, Anfragen&#8230; zu sprechen.<\/p>\n<dl>\n<dt>\n Wann:<\/dt>\n<dd>\n Donnerstag um 16:00 Uhr UTC (18:00 Uhr MESZ; 08:00 Uhr PDT; 07:00 Uhr PST) (In-World-Zeit)<\/dd>\n<dt>\n Wo:<\/dt>\n<dd>\n  Region &#8220;Grand Place<\/p>\n<ul>\n<li>\n\t\t\t\t<a href=\"secondlife:\/\/Grand%20Place\/115\/138\/26\/\">Link f\u00fcr Einwohner<\/a><\/li>\n<li>\n\t\t\t\t<a href=\"secondlife:\/\/speculoos.world:8002:Grand%20Place\/115\/138\/26\/\">HG-Link<\/a><\/li>\n<\/ul>\n<\/dd>\n<\/dl>\n<h2>\n  E-Mail<\/h2>\n","protected":false},"author":1,"featured_media":0,"parent":0,"menu_order":0,"comment_status":"closed","ping_status":"closed","template":"","meta":{"footnotes":""},"class_list":["post-7052","page","type-page","status-publish"],"_links":{"self":[{"href":"https:\/\/speculoos.world\/de\/wp-json\/wp\/v2\/pages\/7052","targetHints":{"allow":["GET"]}}],"collection":[{"href":"https:\/\/speculoos.world\/de\/wp-json\/wp\/v2\/pages"}],"about":[{"href":"https:\/\/speculoos.world\/de\/wp-json\/wp\/v2\/types\/page"}],"author":[{"embeddable":true,"href":"https:\/\/speculoos.world\/de\/wp-json\/wp\/v2\/users\/1"}],"replies":[{"embeddable":true,"href":"https:\/\/speculoos.world\/de\/wp-json\/wp\/v2\/comments?post=7052"}],"version-history":[{"count":5,"href":"https:\/\/speculoos.world\/de\/wp-json\/wp\/v2\/pages\/7052\/revisions"}],"predecessor-version":[{"id":15266,"href":"https:\/\/speculoos.world\/de\/wp-json\/wp\/v2\/pages\/7052\/revisions\/15266"}],"wp:attachment":[{"href":"https:\/\/speculoos.world\/de\/wp-json\/wp\/v2\/media?parent=7052"}],"curies":[{"name":"wp","href":"https:\/\/api.w.org\/{rel}","templated":true}]}}