{"id":7592,"date":"2022-07-20T08:23:12","date_gmt":"2022-07-20T15:23:12","guid":{"rendered":"https:\/\/speculoos.world\/spenden\/"},"modified":"2025-04-05T15:45:33","modified_gmt":"2025-04-05T22:45:33","slug":"spenden","status":"publish","type":"page","link":"https:\/\/speculoos.world\/de\/spenden\/","title":{"rendered":"Spenden"},"content":{"rendered":"\n<p>Speculoos World ist ein nichtkommerzielles Projekt. Server, Hosting und Wartung werden derzeit von den Gr\u00fcndern unterst\u00fctzt, mit ein wenig Hilfe von unseren Freunden. Jeder Beitrag ist willkommen und wird dazu verwendet, die Kosten zu kompensieren und Ressourcen f\u00fcr Wartung, Support, Forschung und Entwicklung bereitzustellen.<\/p>\n\n<div style=\"height:30px\" aria-hidden=\"true\" class=\"wp-block-spacer\"><\/div>\n\n<p class=\"has-text-align-center\"><strong>Sie k\u00f6nnen Speculoos World \u00fcber einen der folgenden Links unterst\u00fctzen<\/strong><\/p>\n\n<div class=\"wp-block-group is-horizontal is-content-justification-center is-layout-flex wp-container-core-group-is-layout-00ace616 wp-block-group-is-layout-flex\">\n<figure class=\"wp-block-image size-large is-resized\"><a href=\"https:\/\/www.buymeacoffee.com\/speculoos.world\" target=\"_blank\" rel=\" noreferrer noopener\"><img decoding=\"async\" src=\"https:\/\/cdn.buymeacoffee.com\/buttons\/v2\/default-yellow.png\" alt=\"\" style=\"width:auto;height:60px\" title=\"\"><\/a><\/figure>\n\n\n\n<figure class=\"wp-block-image size-large is-resized\"><a href=\"https:\/\/opencollective.com\/speculoosworld\" target=\"_blank\" rel=\" noreferrer noopener\"><img decoding=\"async\" src=\"https:\/\/opencollective.com\/webpack\/donate\/button@2x.png?color=blue\" alt=\"\" style=\"width:373px;height:auto\" title=\"\"><\/a><\/figure>\n\n\n\n<figure class=\"wp-block-image size-full is-resized\"><a href=\"https:\/\/magiiic.com\/support\/speculoos.world\" target=\"_blank\" rel=\" noreferrer noopener\"><img loading=\"lazy\" decoding=\"async\" width=\"187\" height=\"53\" src=\"https:\/\/speculoos.world\/w\/wp-content\/uploads\/2025\/04\/magiiic-logo-v4-noslash.png\" alt=\"\" class=\"wp-image-15395\" style=\"width:187px;height:auto\" title=\"\"><\/a><\/figure>\n<\/div>\n\n<div style=\"height:20px;width:0px\" aria-hidden=\"true\" class=\"wp-block-spacer\"><\/div>\n\n<div style=\"height:30px\" aria-hidden=\"true\" class=\"wp-block-spacer\"><\/div>\n","protected":false},"excerpt":{"rendered":"<p>Speculoos World ist ein nichtkommerzielles Projekt. Server, Hosting und Wartung werden derzeit von den Gr\u00fcndern unterst\u00fctzt, mit ein wenig Hilfe von unseren Freunden. Jeder Beitrag ist willkommen und wird dazu&#8230;<\/p>\n","protected":false},"author":1,"featured_media":0,"parent":0,"menu_order":0,"comment_status":"closed","ping_status":"closed","template":"","meta":{"footnotes":""},"class_list":["post-7592","page","type-page","status-publish"],"_links":{"self":[{"href":"https:\/\/speculoos.world\/de\/wp-json\/wp\/v2\/pages\/7592","targetHints":{"allow":["GET"]}}],"collection":[{"href":"https:\/\/speculoos.world\/de\/wp-json\/wp\/v2\/pages"}],"about":[{"href":"https:\/\/speculoos.world\/de\/wp-json\/wp\/v2\/types\/page"}],"author":[{"embeddable":true,"href":"https:\/\/speculoos.world\/de\/wp-json\/wp\/v2\/users\/1"}],"replies":[{"embeddable":true,"href":"https:\/\/speculoos.world\/de\/wp-json\/wp\/v2\/comments?post=7592"}],"version-history":[{"count":4,"href":"https:\/\/speculoos.world\/de\/wp-json\/wp\/v2\/pages\/7592\/revisions"}],"predecessor-version":[{"id":15412,"href":"https:\/\/speculoos.world\/de\/wp-json\/wp\/v2\/pages\/7592\/revisions\/15412"}],"wp:attachment":[{"href":"https:\/\/speculoos.world\/de\/wp-json\/wp\/v2\/media?parent=7592"}],"curies":[{"name":"wp","href":"https:\/\/api.w.org\/{rel}","templated":true}]}}