{"id":8757,"date":"2021-10-14T19:56:56","date_gmt":"2021-10-15T02:56:56","guid":{"rendered":"https:\/\/speculoos.world\/spritzwasser\/"},"modified":"2025-09-03T10:38:49","modified_gmt":"2025-09-03T17:38:49","slug":"spritzwasser","status":"publish","type":"page","link":"https:\/\/speculoos.world\/de\/spritzwasser\/","title":{"rendered":"Spritzwasser"},"content":{"rendered":"[vc_row type=&#8221;full_width_content&#8221; full_screen_row_position=&#8221;full_height&#8221; column_margin=&#8221;default&#8221; column_direction=&#8221;default&#8221; column_direction_tablet=&#8221;default&#8221; column_direction_phone=&#8221;default&#8221; full_height=&#8221;yes&#8221; scene_position=&#8221;center&#8221; text_color=&#8221;dark&#8221; text_align=&#8221;left&#8221; row_border_radius=&#8221;none&#8221; row_border_radius_applies=&#8221;bg&#8221; overflow=&#8221;visible&#8221; overlay_strength=&#8221;0.3&#8243; gradient_direction=&#8221;left_to_right&#8221; shape_divider_position=&#8221;bottom&#8221; bg_image_animation=&#8221;none&#8221; gradient_type=&#8221;default&#8221; shape_type=&#8221;&#8221;][vc_column column_padding=&#8221;no-extra-padding&#8221; column_padding_tablet=&#8221;inherit&#8221; column_padding_phone=&#8221;inherit&#8221; column_padding_position=&#8221;all&#8221; column_element_direction_desktop=&#8221;default&#8221; column_element_spacing=&#8221;default&#8221; desktop_text_alignment=&#8221;default&#8221; tablet_text_alignment=&#8221;default&#8221; phone_text_alignment=&#8221;default&#8221; background_color_opacity=&#8221;1&#8243; background_hover_color_opacity=&#8221;1&#8243; column_backdrop_filter=&#8221;none&#8221; column_shadow=&#8221;none&#8221; column_border_radius=&#8221;none&#8221; column_link_target=&#8221;_self&#8221; column_position=&#8221;default&#8221; gradient_direction=&#8221;left_to_right&#8221; overlay_strength=&#8221;0.3&#8243; width=&#8221;1\/1&#8243; tablet_width_inherit=&#8221;default&#8221; animation_type=&#8221;default&#8221; bg_image_animation=&#8221;none&#8221; border_type=&#8221;simple&#8221; column_border_width=&#8221;none&#8221; column_border_style=&#8221;solid&#8221;]\n\t\t\t<!-- START Splash REVOLUTION SLIDER 6.7.35 --><p class=\"rs-p-wp-fix\"><\/p>\n\t\t\t<rs-module-wrap id=\"rev_slider_3_1_wrapper\" data-source=\"post\" style=\"visibility:hidden;background:transparent;padding:0;margin:0px auto;margin-top:0;margin-bottom:0;\">\n\t\t\t\t<rs-module id=\"rev_slider_3_1\" style=\"\" data-version=\"6.7.35\">\n\t\t\t\t\t<rs-slides style=\"overflow: hidden; position: absolute;\">\n\t\t\t\t\t\t<rs-slide style=\"position: absolute;\" data-key=\"rs-14997\" data-title=\"Speculoos servers migration\" data-in=\"o:0;\" data-out=\"a:false;\">\n\t\t\t\t\t\t\t<img decoding=\"async\" src=\"\/\/speculoos.world\/w\/wp-content\/plugins\/revslider\/sr6\/assets\/assets\/dummy.png\" alt=\"Server maintenance\" title=\"openart-server-maintenance\" width=\"2048\" height=\"1360\" class=\"rev-slidebg tp-rs-img rs-lazyload\" data-lazyload=\"\/\/speculoos.world\/w\/wp-content\/uploads\/2024\/05\/openart-server-maintenance.jpg\" data-no-retina>\n<!--\n\t\t\t\t\t\t\t--><rs-layer\n\t\t\t\t\t\t\t\tid=\"slider-3-slide-14997-layer-1\" \n\t\t\t\t\t\t\t\tdata-type=\"text\"\n\t\t\t\t\t\t\t\tdata-color=\"#ffffff\"\n\t\t\t\t\t\t\t\tdata-rsp_ch=\"on\"\n\t\t\t\t\t\t\t\tdata-xy=\"x:r;xo:50px;y:50px;\"\n\t\t\t\t\t\t\t\tdata-text=\"w:normal;\"\n\t\t\t\t\t\t\t\tdata-dim=\"w:360px;\"\n\t\t\t\t\t\t\t\tdata-basealign=\"slide\"\n\t\t\t\t\t\t\t\tdata-padding=\"t:20;r:20;b:20;l:20;\"\n\t\t\t\t\t\t\t\tdata-border=\"bor:10px,10px,10px,10px;\"\n\t\t\t\t\t\t\t\tdata-frame_999=\"o:0;st:w;\"\n\t\t\t\t\t\t\t\tstyle=\"z-index:6;background-color:rgba(102,255,0,0.6);font-family:'Roboto';\"\n\t\t\t\t\t\t\t><h3 style=\"margin:0 0 0.5em\">Speculoos servers migration<\/h3><br \/>\nWe're in the process of moving Speculoos World grid, sims, and website to new servers. As a result, you may experience some temporary service interruptions. Don't worry, though! We're working hard to \n\t\t\t\t\t\t\t<\/rs-layer><!--\n\n\t\t\t\t\t\t\t--><rs-layer\n\t\t\t\t\t\t\t\tid=\"slider-3-slide-14997-layer-2\" \n\t\t\t\t\t\t\t\tdata-type=\"text\"\n\t\t\t\t\t\t\t\tdata-color=\"#000000\"\n\t\t\t\t\t\t\t\tdata-rsp_ch=\"on\"\n\t\t\t\t\t\t\t\tdata-xy=\"x:50px;y:b;yo:50px;\"\n\t\t\t\t\t\t\t\tdata-text=\"w:normal;\"\n\t\t\t\t\t\t\t\tdata-dim=\"w:360px;\"\n\t\t\t\t\t\t\t\tdata-basealign=\"slide\"\n\t\t\t\t\t\t\t\tdata-padding=\"t:20;r:20;b:5;l:20;\"\n\t\t\t\t\t\t\t\tdata-border=\"bor:10px,10px,10px,10px;\"\n\t\t\t\t\t\t\t\tdata-frame_999=\"o:0;st:w;\"\n\t\t\t\t\t\t\t\tstyle=\"z-index:7;background-color:#ffaa00;font-family:'Roboto';\"\n\t\t\t\t\t\t\t><div class='w4os-shortcode w4os-grid-info'><h3>Grid info<\/h3><table class='gridinfo'><tr><td class=gridvar>Grid Name<\/td><td class=gridvalue>Speculoos World<\/td><\/tr><tr><td class=gridvar>Login URL<\/td><td class=gridvalue><a class=\"hop\" href=\"hop:\/\/speculoos.world:8002\">hop:\/\/speculoos.world:8002<\/a><\/td><\/tr><\/table><\/div><div class='w4os-shortcode w4os-grid-status'><h3>Grid status<\/h3><table class='gridstatus'><tr><td class=gridvar>Status<\/td><td class=gridvalue>Online<\/td><\/tr><tr><td class=gridvar>Mitglieder<\/td><td class=gridvalue>123<\/td><\/tr><tr><td class=gridvar>Aktive Mitglieder (30 Tage)<\/td><td class=gridvalue>8<\/td><\/tr><tr><td class=gridvar>Avatare im Grid Online<\/td><td class=gridvalue>1<\/td><\/tr><tr><td class=gridvar>Aktive Besucher (30 Tage)<\/td><td class=gridvalue>21<\/td><\/tr><tr><td class=gridvar>Zurzeit Online gesamt<\/td><td class=gridvalue>1<\/td><\/tr><tr><td class=gridvar>Regionen<\/td><td class=gridvalue>22<\/td><\/tr><tr><td class=gridvar>Gesamtfl\u00e4che<\/td><td class=gridvalue>1.44&nbsp;km\u00b2<\/td><\/tr><\/table><\/div> \n\t\t\t\t\t\t\t<\/rs-layer><!--\n\n\t\t\t\t\t\t\t--><rs-layer\n\t\t\t\t\t\t\t\tid=\"slider-3-slide-14997-layer-3\" \n\t\t\t\t\t\t\t\tdata-type=\"image\"\n\t\t\t\t\t\t\t\tdata-rsp_ch=\"on\"\n\t\t\t\t\t\t\t\tdata-xy=\"x:50px;y:50px;\"\n\t\t\t\t\t\t\t\tdata-text=\"w:normal;\"\n\t\t\t\t\t\t\t\tdata-dim=\"w:360px;h:75px;\"\n\t\t\t\t\t\t\t\tdata-basealign=\"slide\"\n\t\t\t\t\t\t\t\tdata-frame_999=\"o:0;st:w;\"\n\t\t\t\t\t\t\t\tstyle=\"z-index:8;\"\n\t\t\t\t\t\t\t><img decoding=\"async\" src=\"\/\/speculoos.world\/w\/wp-content\/plugins\/revslider\/sr6\/assets\/assets\/dummy.png\" alt=\"\" class=\"tp-rs-img rs-lazyload\" width=\"360\" height=\"75\" data-lazyload=\"\/\/speculoos.world\/w\/wp-content\/uploads\/2019\/05\/Speculoos-logo-v4-360x75.png\" data-no-retina title=\"\"> \n\t\t\t\t\t\t\t<\/rs-layer><!--\n-->\t\t\t\t\t<\/rs-slide>\n\t\t\t\t\t\t<rs-slide style=\"position: absolute;\" data-key=\"rs-14087\" data-title=\"OpenSimulator WordPress Schnittstelle mit w4os &#8211; OSCC 2023 &#8211; Sat, Dec 9, 08:00 AM PST\" data-in=\"o:0;\" data-out=\"a:false;\">\n\t\t\t\t\t\t\t<img decoding=\"async\" src=\"\/\/speculoos.world\/w\/wp-content\/plugins\/revslider\/sr6\/assets\/assets\/dummy.png\" alt=\"\" title=\"Screenshot Gudule Lapointe OSCC22 w4os talk-crop\" width=\"1636\" height=\"920\" class=\"rev-slidebg tp-rs-img rs-lazyload\" data-lazyload=\"\/\/speculoos.world\/w\/wp-content\/uploads\/2023\/12\/Screenshot-Gudule-Lapointe-OSCC22-w4os-talk-crop.jpg\" data-no-retina>\n<!--\n\t\t\t\t\t\t\t--><rs-layer\n\t\t\t\t\t\t\t\tid=\"slider-3-slide-14087-layer-1\" \n\t\t\t\t\t\t\t\tdata-type=\"text\"\n\t\t\t\t\t\t\t\tdata-color=\"#ffffff\"\n\t\t\t\t\t\t\t\tdata-rsp_ch=\"on\"\n\t\t\t\t\t\t\t\tdata-xy=\"x:r;xo:50px;y:50px;\"\n\t\t\t\t\t\t\t\tdata-text=\"w:normal;\"\n\t\t\t\t\t\t\t\tdata-dim=\"w:360px;\"\n\t\t\t\t\t\t\t\tdata-basealign=\"slide\"\n\t\t\t\t\t\t\t\tdata-padding=\"t:20;r:20;b:20;l:20;\"\n\t\t\t\t\t\t\t\tdata-border=\"bor:10px,10px,10px,10px;\"\n\t\t\t\t\t\t\t\tdata-frame_999=\"o:0;st:w;\"\n\t\t\t\t\t\t\t\tstyle=\"z-index:6;background-color:rgba(102,255,0,0.6);font-family:'Roboto';\"\n\t\t\t\t\t\t\t><h3 style=\"margin:0 0 0.5em\">OpenSimulator WordPress Schnittstelle mit w4os - OSCC 2023 - Sat, Dec 9, 08:00 AM PST<\/h3><br \/>\nWir sind dieses Jahr wieder auf der OpenSimulator Community Conference, Gudule Lapointe wird die neuesten Updates f\u00fcr das Grid Management auf WordPress mit dem w4os Plugin vorstellen. Merken Sie sic \n\t\t\t\t\t\t\t<\/rs-layer><!--\n\n\t\t\t\t\t\t\t--><rs-layer\n\t\t\t\t\t\t\t\tid=\"slider-3-slide-14087-layer-2\" \n\t\t\t\t\t\t\t\tdata-type=\"text\"\n\t\t\t\t\t\t\t\tdata-color=\"#000000\"\n\t\t\t\t\t\t\t\tdata-rsp_ch=\"on\"\n\t\t\t\t\t\t\t\tdata-xy=\"x:50px;y:b;yo:50px;\"\n\t\t\t\t\t\t\t\tdata-text=\"w:normal;\"\n\t\t\t\t\t\t\t\tdata-dim=\"w:360px;\"\n\t\t\t\t\t\t\t\tdata-basealign=\"slide\"\n\t\t\t\t\t\t\t\tdata-padding=\"t:20;r:20;b:5;l:20;\"\n\t\t\t\t\t\t\t\tdata-border=\"bor:10px,10px,10px,10px;\"\n\t\t\t\t\t\t\t\tdata-frame_999=\"o:0;st:w;\"\n\t\t\t\t\t\t\t\tstyle=\"z-index:7;background-color:#ffaa00;font-family:'Roboto';\"\n\t\t\t\t\t\t\t><div class='w4os-shortcode w4os-grid-info'><h3>Grid info<\/h3><table class='gridinfo'><tr><td class=gridvar>Grid Name<\/td><td class=gridvalue>Speculoos World<\/td><\/tr><tr><td class=gridvar>Login URL<\/td><td class=gridvalue><a class=\"hop\" href=\"hop:\/\/speculoos.world:8002\">hop:\/\/speculoos.world:8002<\/a><\/td><\/tr><\/table><\/div><div class='w4os-shortcode w4os-grid-status'><h3>Grid status<\/h3><table class='gridstatus'><tr><td class=gridvar>Status<\/td><td class=gridvalue>Online<\/td><\/tr><tr><td class=gridvar>Mitglieder<\/td><td class=gridvalue>123<\/td><\/tr><tr><td class=gridvar>Aktive Mitglieder (30 Tage)<\/td><td class=gridvalue>8<\/td><\/tr><tr><td class=gridvar>Avatare im Grid Online<\/td><td class=gridvalue>1<\/td><\/tr><tr><td class=gridvar>Aktive Besucher (30 Tage)<\/td><td class=gridvalue>21<\/td><\/tr><tr><td class=gridvar>Zurzeit Online gesamt<\/td><td class=gridvalue>1<\/td><\/tr><tr><td class=gridvar>Regionen<\/td><td class=gridvalue>22<\/td><\/tr><tr><td class=gridvar>Gesamtfl\u00e4che<\/td><td class=gridvalue>1.44&nbsp;km\u00b2<\/td><\/tr><\/table><\/div> \n\t\t\t\t\t\t\t<\/rs-layer><!--\n\n\t\t\t\t\t\t\t--><rs-layer\n\t\t\t\t\t\t\t\tid=\"slider-3-slide-14087-layer-3\" \n\t\t\t\t\t\t\t\tdata-type=\"image\"\n\t\t\t\t\t\t\t\tdata-rsp_ch=\"on\"\n\t\t\t\t\t\t\t\tdata-xy=\"x:50px;y:50px;\"\n\t\t\t\t\t\t\t\tdata-text=\"w:normal;\"\n\t\t\t\t\t\t\t\tdata-dim=\"w:360px;h:75px;\"\n\t\t\t\t\t\t\t\tdata-basealign=\"slide\"\n\t\t\t\t\t\t\t\tdata-frame_999=\"o:0;st:w;\"\n\t\t\t\t\t\t\t\tstyle=\"z-index:8;\"\n\t\t\t\t\t\t\t><img decoding=\"async\" src=\"\/\/speculoos.world\/w\/wp-content\/plugins\/revslider\/sr6\/assets\/assets\/dummy.png\" alt=\"\" class=\"tp-rs-img rs-lazyload\" width=\"360\" height=\"75\" data-lazyload=\"\/\/speculoos.world\/w\/wp-content\/uploads\/2019\/05\/Speculoos-logo-v4-360x75.png\" data-no-retina title=\"\"> \n\t\t\t\t\t\t\t<\/rs-layer><!--\n-->\t\t\t\t\t<\/rs-slide>\n\t\t\t\t\t\t<rs-slide style=\"position: absolute;\" data-key=\"rs-13972\" data-title=\"A new notebook, a brand new single\" data-in=\"o:0;\" data-out=\"a:false;\">\n\t\t\t\t\t\t\t<img decoding=\"async\" src=\"\/\/speculoos.world\/w\/wp-content\/plugins\/revslider\/sr6\/assets\/assets\/dummy.png\" alt=\"\" title=\"Le carnet-animatic-poster 8\" width=\"1920\" height=\"1080\" class=\"rev-slidebg tp-rs-img rs-lazyload\" data-lazyload=\"\/\/speculoos.world\/w\/wp-content\/uploads\/2023\/09\/Le-carnet-animatic-poster-8.jpg\" data-no-retina>\n<!--\n\t\t\t\t\t\t\t--><rs-layer\n\t\t\t\t\t\t\t\tid=\"slider-3-slide-13972-layer-1\" \n\t\t\t\t\t\t\t\tdata-type=\"text\"\n\t\t\t\t\t\t\t\tdata-color=\"#ffffff\"\n\t\t\t\t\t\t\t\tdata-rsp_ch=\"on\"\n\t\t\t\t\t\t\t\tdata-xy=\"x:r;xo:50px;y:50px;\"\n\t\t\t\t\t\t\t\tdata-text=\"w:normal;\"\n\t\t\t\t\t\t\t\tdata-dim=\"w:360px;\"\n\t\t\t\t\t\t\t\tdata-basealign=\"slide\"\n\t\t\t\t\t\t\t\tdata-padding=\"t:20;r:20;b:20;l:20;\"\n\t\t\t\t\t\t\t\tdata-border=\"bor:10px,10px,10px,10px;\"\n\t\t\t\t\t\t\t\tdata-frame_999=\"o:0;st:w;\"\n\t\t\t\t\t\t\t\tstyle=\"z-index:6;background-color:rgba(102,255,0,0.6);font-family:'Roboto';\"\n\t\t\t\t\t\t\t><h3 style=\"margin:0 0 0.5em\">A new notebook, a brand new single<\/h3><br \/>\nFor once, news from the real world: Magic Oli (aka Olivier van Helden) releases a new single for his song \"Le carnet\". A dive into the meanders of memories, wrapped in a new, jazzy arrangement (doubl \n\t\t\t\t\t\t\t<\/rs-layer><!--\n\n\t\t\t\t\t\t\t--><rs-layer\n\t\t\t\t\t\t\t\tid=\"slider-3-slide-13972-layer-2\" \n\t\t\t\t\t\t\t\tdata-type=\"text\"\n\t\t\t\t\t\t\t\tdata-color=\"#000000\"\n\t\t\t\t\t\t\t\tdata-rsp_ch=\"on\"\n\t\t\t\t\t\t\t\tdata-xy=\"x:50px;y:b;yo:50px;\"\n\t\t\t\t\t\t\t\tdata-text=\"w:normal;\"\n\t\t\t\t\t\t\t\tdata-dim=\"w:360px;\"\n\t\t\t\t\t\t\t\tdata-basealign=\"slide\"\n\t\t\t\t\t\t\t\tdata-padding=\"t:20;r:20;b:5;l:20;\"\n\t\t\t\t\t\t\t\tdata-border=\"bor:10px,10px,10px,10px;\"\n\t\t\t\t\t\t\t\tdata-frame_999=\"o:0;st:w;\"\n\t\t\t\t\t\t\t\tstyle=\"z-index:7;background-color:#ffaa00;font-family:'Roboto';\"\n\t\t\t\t\t\t\t><div class='w4os-shortcode w4os-grid-info'><h3>Grid info<\/h3><table class='gridinfo'><tr><td class=gridvar>Grid Name<\/td><td class=gridvalue>Speculoos World<\/td><\/tr><tr><td class=gridvar>Login URL<\/td><td class=gridvalue><a class=\"hop\" href=\"hop:\/\/speculoos.world:8002\">hop:\/\/speculoos.world:8002<\/a><\/td><\/tr><\/table><\/div><div class='w4os-shortcode w4os-grid-status'><h3>Grid status<\/h3><table class='gridstatus'><tr><td class=gridvar>Status<\/td><td class=gridvalue>Online<\/td><\/tr><tr><td class=gridvar>Mitglieder<\/td><td class=gridvalue>123<\/td><\/tr><tr><td class=gridvar>Aktive Mitglieder (30 Tage)<\/td><td class=gridvalue>8<\/td><\/tr><tr><td class=gridvar>Avatare im Grid Online<\/td><td class=gridvalue>1<\/td><\/tr><tr><td class=gridvar>Aktive Besucher (30 Tage)<\/td><td class=gridvalue>21<\/td><\/tr><tr><td class=gridvar>Zurzeit Online gesamt<\/td><td class=gridvalue>1<\/td><\/tr><tr><td class=gridvar>Regionen<\/td><td class=gridvalue>22<\/td><\/tr><tr><td class=gridvar>Gesamtfl\u00e4che<\/td><td class=gridvalue>1.44&nbsp;km\u00b2<\/td><\/tr><\/table><\/div> \n\t\t\t\t\t\t\t<\/rs-layer><!--\n\n\t\t\t\t\t\t\t--><rs-layer\n\t\t\t\t\t\t\t\tid=\"slider-3-slide-13972-layer-3\" \n\t\t\t\t\t\t\t\tdata-type=\"image\"\n\t\t\t\t\t\t\t\tdata-rsp_ch=\"on\"\n\t\t\t\t\t\t\t\tdata-xy=\"x:50px;y:50px;\"\n\t\t\t\t\t\t\t\tdata-text=\"w:normal;\"\n\t\t\t\t\t\t\t\tdata-dim=\"w:360px;h:75px;\"\n\t\t\t\t\t\t\t\tdata-basealign=\"slide\"\n\t\t\t\t\t\t\t\tdata-frame_999=\"o:0;st:w;\"\n\t\t\t\t\t\t\t\tstyle=\"z-index:8;\"\n\t\t\t\t\t\t\t><img decoding=\"async\" src=\"\/\/speculoos.world\/w\/wp-content\/plugins\/revslider\/sr6\/assets\/assets\/dummy.png\" alt=\"\" class=\"tp-rs-img rs-lazyload\" width=\"360\" height=\"75\" data-lazyload=\"\/\/speculoos.world\/w\/wp-content\/uploads\/2019\/05\/Speculoos-logo-v4-360x75.png\" data-no-retina title=\"\"> \n\t\t\t\t\t\t\t<\/rs-layer><!--\n-->\t\t\t\t\t<\/rs-slide>\n\t\t\t\t\t\t<rs-slide style=\"position: absolute;\" data-key=\"rs-12002\" data-title=\"Ich f\u00fchle mich so jung &#8230; und so alt &#8230;\" data-in=\"o:0;\" data-out=\"a:false;\">\n\t\t\t\t\t\t\t<img decoding=\"async\" src=\"\/\/speculoos.world\/w\/wp-content\/plugins\/revslider\/sr6\/assets\/assets\/dummy.png\" alt=\"\" title=\"Screenshot_20230731_171114\" width=\"601\" height=\"566\" class=\"rev-slidebg tp-rs-img rs-lazyload\" data-lazyload=\"\/\/speculoos.world\/w\/wp-content\/uploads\/2023\/07\/Screenshot_20230731_171114.png\" data-no-retina>\n<!--\n\t\t\t\t\t\t\t--><rs-layer\n\t\t\t\t\t\t\t\tid=\"slider-3-slide-12002-layer-1\" \n\t\t\t\t\t\t\t\tdata-type=\"text\"\n\t\t\t\t\t\t\t\tdata-color=\"#ffffff\"\n\t\t\t\t\t\t\t\tdata-rsp_ch=\"on\"\n\t\t\t\t\t\t\t\tdata-xy=\"x:r;xo:50px;y:50px;\"\n\t\t\t\t\t\t\t\tdata-text=\"w:normal;\"\n\t\t\t\t\t\t\t\tdata-dim=\"w:360px;\"\n\t\t\t\t\t\t\t\tdata-basealign=\"slide\"\n\t\t\t\t\t\t\t\tdata-padding=\"t:20;r:20;b:20;l:20;\"\n\t\t\t\t\t\t\t\tdata-border=\"bor:10px,10px,10px,10px;\"\n\t\t\t\t\t\t\t\tdata-frame_999=\"o:0;st:w;\"\n\t\t\t\t\t\t\t\tstyle=\"z-index:6;background-color:rgba(102,255,0,0.6);font-family:'Roboto';\"\n\t\t\t\t\t\t\t><h3 style=\"margin:0 0 0.5em\">Ich f\u00fchle mich so jung ... und so alt ...<\/h3><br \/>\nHeute w\u00fcnschte mir Second Life einen fr\u00f6hlichen Rez-Tag zu meinem 17-j\u00e4hrigen Bestehen. Eine Mischung aus Jung- und Altf\u00fchlen zugleich.<br \/>\n \n\t\t\t\t\t\t\t<\/rs-layer><!--\n\n\t\t\t\t\t\t\t--><rs-layer\n\t\t\t\t\t\t\t\tid=\"slider-3-slide-12002-layer-2\" \n\t\t\t\t\t\t\t\tdata-type=\"text\"\n\t\t\t\t\t\t\t\tdata-color=\"#000000\"\n\t\t\t\t\t\t\t\tdata-rsp_ch=\"on\"\n\t\t\t\t\t\t\t\tdata-xy=\"x:50px;y:b;yo:50px;\"\n\t\t\t\t\t\t\t\tdata-text=\"w:normal;\"\n\t\t\t\t\t\t\t\tdata-dim=\"w:360px;\"\n\t\t\t\t\t\t\t\tdata-basealign=\"slide\"\n\t\t\t\t\t\t\t\tdata-padding=\"t:20;r:20;b:5;l:20;\"\n\t\t\t\t\t\t\t\tdata-border=\"bor:10px,10px,10px,10px;\"\n\t\t\t\t\t\t\t\tdata-frame_999=\"o:0;st:w;\"\n\t\t\t\t\t\t\t\tstyle=\"z-index:7;background-color:#ffaa00;font-family:'Roboto';\"\n\t\t\t\t\t\t\t><div class='w4os-shortcode w4os-grid-info'><h3>Grid info<\/h3><table class='gridinfo'><tr><td class=gridvar>Grid Name<\/td><td class=gridvalue>Speculoos World<\/td><\/tr><tr><td class=gridvar>Login URL<\/td><td class=gridvalue><a class=\"hop\" href=\"hop:\/\/speculoos.world:8002\">hop:\/\/speculoos.world:8002<\/a><\/td><\/tr><\/table><\/div><div class='w4os-shortcode w4os-grid-status'><h3>Grid status<\/h3><table class='gridstatus'><tr><td class=gridvar>Status<\/td><td class=gridvalue>Online<\/td><\/tr><tr><td class=gridvar>Mitglieder<\/td><td class=gridvalue>123<\/td><\/tr><tr><td class=gridvar>Aktive Mitglieder (30 Tage)<\/td><td class=gridvalue>8<\/td><\/tr><tr><td class=gridvar>Avatare im Grid Online<\/td><td class=gridvalue>1<\/td><\/tr><tr><td class=gridvar>Aktive Besucher (30 Tage)<\/td><td class=gridvalue>21<\/td><\/tr><tr><td class=gridvar>Zurzeit Online gesamt<\/td><td class=gridvalue>1<\/td><\/tr><tr><td class=gridvar>Regionen<\/td><td class=gridvalue>22<\/td><\/tr><tr><td class=gridvar>Gesamtfl\u00e4che<\/td><td class=gridvalue>1.44&nbsp;km\u00b2<\/td><\/tr><\/table><\/div> \n\t\t\t\t\t\t\t<\/rs-layer><!--\n\n\t\t\t\t\t\t\t--><rs-layer\n\t\t\t\t\t\t\t\tid=\"slider-3-slide-12002-layer-3\" \n\t\t\t\t\t\t\t\tdata-type=\"image\"\n\t\t\t\t\t\t\t\tdata-rsp_ch=\"on\"\n\t\t\t\t\t\t\t\tdata-xy=\"x:50px;y:50px;\"\n\t\t\t\t\t\t\t\tdata-text=\"w:normal;\"\n\t\t\t\t\t\t\t\tdata-dim=\"w:360px;h:75px;\"\n\t\t\t\t\t\t\t\tdata-basealign=\"slide\"\n\t\t\t\t\t\t\t\tdata-frame_999=\"o:0;st:w;\"\n\t\t\t\t\t\t\t\tstyle=\"z-index:8;\"\n\t\t\t\t\t\t\t><img decoding=\"async\" src=\"\/\/speculoos.world\/w\/wp-content\/plugins\/revslider\/sr6\/assets\/assets\/dummy.png\" alt=\"\" class=\"tp-rs-img rs-lazyload\" width=\"360\" height=\"75\" data-lazyload=\"\/\/speculoos.world\/w\/wp-content\/uploads\/2019\/05\/Speculoos-logo-v4-360x75.png\" data-no-retina title=\"\"> \n\t\t\t\t\t\t\t<\/rs-layer><!--\n-->\t\t\t\t\t<\/rs-slide>\n\t\t\t\t\t\t<rs-slide style=\"position: absolute;\" data-key=\"rs-13782\" data-title=\"2do HYPEvents Server 1.2.3 Update: es wird Zeit\" data-in=\"o:0;\" data-out=\"a:false;\">\n\t\t\t\t\t\t\t<img decoding=\"async\" src=\"\/\/speculoos.world\/w\/wp-content\/plugins\/revslider\/sr6\/assets\/assets\/dummy.png\" alt=\"\" title=\"Screenshot search events\" width=\"769\" height=\"608\" class=\"rev-slidebg tp-rs-img rs-lazyload\" data-lazyload=\"\/\/speculoos.world\/w\/wp-content\/uploads\/2023\/03\/Screenshot-search-events.png\" data-no-retina>\n<!--\n\t\t\t\t\t\t\t--><rs-layer\n\t\t\t\t\t\t\t\tid=\"slider-3-slide-13782-layer-1\" \n\t\t\t\t\t\t\t\tdata-type=\"text\"\n\t\t\t\t\t\t\t\tdata-color=\"#ffffff\"\n\t\t\t\t\t\t\t\tdata-rsp_ch=\"on\"\n\t\t\t\t\t\t\t\tdata-xy=\"x:r;xo:50px;y:50px;\"\n\t\t\t\t\t\t\t\tdata-text=\"w:normal;\"\n\t\t\t\t\t\t\t\tdata-dim=\"w:360px;\"\n\t\t\t\t\t\t\t\tdata-basealign=\"slide\"\n\t\t\t\t\t\t\t\tdata-padding=\"t:20;r:20;b:20;l:20;\"\n\t\t\t\t\t\t\t\tdata-border=\"bor:10px,10px,10px,10px;\"\n\t\t\t\t\t\t\t\tdata-frame_999=\"o:0;st:w;\"\n\t\t\t\t\t\t\t\tstyle=\"z-index:6;background-color:rgba(102,255,0,0.6);font-family:'Roboto';\"\n\t\t\t\t\t\t\t><h3 style=\"margin:0 0 0.5em\">2do HYPEvents Server 1.2.3 Update: es wird Zeit<\/h3><br \/>\nDas letzte Update von 2do Server behebt haupts\u00e4chlich ein Problem mit der Zeitkonvertierung (verursacht durch eine veraltete externe Bibliothek). Ich habe es Ihnen gesagt: Es ist buchst\u00e4blich an de \n\t\t\t\t\t\t\t<\/rs-layer><!--\n\n\t\t\t\t\t\t\t--><rs-layer\n\t\t\t\t\t\t\t\tid=\"slider-3-slide-13782-layer-2\" \n\t\t\t\t\t\t\t\tdata-type=\"text\"\n\t\t\t\t\t\t\t\tdata-color=\"#000000\"\n\t\t\t\t\t\t\t\tdata-rsp_ch=\"on\"\n\t\t\t\t\t\t\t\tdata-xy=\"x:50px;y:b;yo:50px;\"\n\t\t\t\t\t\t\t\tdata-text=\"w:normal;\"\n\t\t\t\t\t\t\t\tdata-dim=\"w:360px;\"\n\t\t\t\t\t\t\t\tdata-basealign=\"slide\"\n\t\t\t\t\t\t\t\tdata-padding=\"t:20;r:20;b:5;l:20;\"\n\t\t\t\t\t\t\t\tdata-border=\"bor:10px,10px,10px,10px;\"\n\t\t\t\t\t\t\t\tdata-frame_999=\"o:0;st:w;\"\n\t\t\t\t\t\t\t\tstyle=\"z-index:7;background-color:#ffaa00;font-family:'Roboto';\"\n\t\t\t\t\t\t\t><div class='w4os-shortcode w4os-grid-info'><h3>Grid info<\/h3><table class='gridinfo'><tr><td class=gridvar>Grid Name<\/td><td class=gridvalue>Speculoos World<\/td><\/tr><tr><td class=gridvar>Login URL<\/td><td class=gridvalue><a class=\"hop\" href=\"hop:\/\/speculoos.world:8002\">hop:\/\/speculoos.world:8002<\/a><\/td><\/tr><\/table><\/div><div class='w4os-shortcode w4os-grid-status'><h3>Grid status<\/h3><table class='gridstatus'><tr><td class=gridvar>Status<\/td><td class=gridvalue>Online<\/td><\/tr><tr><td class=gridvar>Mitglieder<\/td><td class=gridvalue>123<\/td><\/tr><tr><td class=gridvar>Aktive Mitglieder (30 Tage)<\/td><td class=gridvalue>8<\/td><\/tr><tr><td class=gridvar>Avatare im Grid Online<\/td><td class=gridvalue>1<\/td><\/tr><tr><td class=gridvar>Aktive Besucher (30 Tage)<\/td><td class=gridvalue>21<\/td><\/tr><tr><td class=gridvar>Zurzeit Online gesamt<\/td><td class=gridvalue>1<\/td><\/tr><tr><td class=gridvar>Regionen<\/td><td class=gridvalue>22<\/td><\/tr><tr><td class=gridvar>Gesamtfl\u00e4che<\/td><td class=gridvalue>1.44&nbsp;km\u00b2<\/td><\/tr><\/table><\/div> \n\t\t\t\t\t\t\t<\/rs-layer><!--\n\n\t\t\t\t\t\t\t--><rs-layer\n\t\t\t\t\t\t\t\tid=\"slider-3-slide-13782-layer-3\" \n\t\t\t\t\t\t\t\tdata-type=\"image\"\n\t\t\t\t\t\t\t\tdata-rsp_ch=\"on\"\n\t\t\t\t\t\t\t\tdata-xy=\"x:50px;y:50px;\"\n\t\t\t\t\t\t\t\tdata-text=\"w:normal;\"\n\t\t\t\t\t\t\t\tdata-dim=\"w:360px;h:75px;\"\n\t\t\t\t\t\t\t\tdata-basealign=\"slide\"\n\t\t\t\t\t\t\t\tdata-frame_999=\"o:0;st:w;\"\n\t\t\t\t\t\t\t\tstyle=\"z-index:8;\"\n\t\t\t\t\t\t\t><img decoding=\"async\" src=\"\/\/speculoos.world\/w\/wp-content\/plugins\/revslider\/sr6\/assets\/assets\/dummy.png\" alt=\"\" class=\"tp-rs-img rs-lazyload\" width=\"360\" height=\"75\" data-lazyload=\"\/\/speculoos.world\/w\/wp-content\/uploads\/2019\/05\/Speculoos-logo-v4-360x75.png\" data-no-retina title=\"\"> \n\t\t\t\t\t\t\t<\/rs-layer><!--\n-->\t\t\t\t\t<\/rs-slide>\n\t\t\t\t\t<\/rs-slides>\n\t\t\t\t<\/rs-module>\n\t\t\t\t<script>\n\t\t\t\t\tsetREVStartSize({c: 'rev_slider_3_1',rl:[1240,1024,778,480],el:[900],gw:[1240],gh:[900],type:'standard',justify:'',layout:'fullwidth',mh:\"0\"});if (window.RS_MODULES!==undefined && window.RS_MODULES.modules!==undefined && window.RS_MODULES.modules[\"revslider31\"]!==undefined) {window.RS_MODULES.modules[\"revslider31\"].once = false;window.revapi3 = undefined;if (window.RS_MODULES.checkMinimal!==undefined) window.RS_MODULES.checkMinimal()}\n\t\t\t\t<\/script>\n\t\t\t<\/rs-module-wrap>\n\t\t\t<!-- END REVOLUTION SLIDER -->\n[\/vc_column][\/vc_row]\n","protected":false},"excerpt":{"rendered":"<p>[vc_row type=&#8221;full_width_content&#8221; full_screen_row_position=&#8221;full_height&#8221; column_margin=&#8221;default&#8221; column_direction=&#8221;default&#8221; column_direction_tablet=&#8221;default&#8221; column_direction_phone=&#8221;default&#8221; full_height=&#8221;yes&#8221; scene_position=&#8221;center&#8221; text_color=&#8221;dark&#8221; text_align=&#8221;left&#8221; row_border_radius=&#8221;none&#8221; row_border_radius_applies=&#8221;bg&#8221; overflow=&#8221;visible&#8221; overlay_strength=&#8221;0.3&#8243; gradient_direction=&#8221;left_to_right&#8221; shape_divider_position=&#8221;bottom&#8221; bg_image_animation=&#8221;none&#8221; gradient_type=&#8221;default&#8221; shape_type=&#8221;&#8221;][vc_column column_padding=&#8221;no-extra-padding&#8221; column_padding_tablet=&#8221;inherit&#8221; column_padding_phone=&#8221;inherit&#8221; column_padding_position=&#8221;all&#8221; column_element_direction_desktop=&#8221;default&#8221; column_element_spacing=&#8221;default&#8221; desktop_text_alignment=&#8221;default&#8221; tablet_text_alignment=&#8221;default&#8221; phone_text_alignment=&#8221;default&#8221; background_color_opacity=&#8221;1&#8243;&#8230;<\/p>\n","protected":false},"author":1,"featured_media":0,"parent":0,"menu_order":0,"comment_status":"closed","ping_status":"closed","template":"template-no-header-footer.php","meta":{"footnotes":""},"class_list":["post-8757","page","type-page","status-publish"],"_links":{"self":[{"href":"https:\/\/speculoos.world\/de\/wp-json\/wp\/v2\/pages\/8757","targetHints":{"allow":["GET"]}}],"collection":[{"href":"https:\/\/speculoos.world\/de\/wp-json\/wp\/v2\/pages"}],"about":[{"href":"https:\/\/speculoos.world\/de\/wp-json\/wp\/v2\/types\/page"}],"author":[{"embeddable":true,"href":"https:\/\/speculoos.world\/de\/wp-json\/wp\/v2\/users\/1"}],"replies":[{"embeddable":true,"href":"https:\/\/speculoos.world\/de\/wp-json\/wp\/v2\/comments?post=8757"}],"version-history":[{"count":8,"href":"https:\/\/speculoos.world\/de\/wp-json\/wp\/v2\/pages\/8757\/revisions"}],"predecessor-version":[{"id":15550,"href":"https:\/\/speculoos.world\/de\/wp-json\/wp\/v2\/pages\/8757\/revisions\/15550"}],"wp:attachment":[{"href":"https:\/\/speculoos.world\/de\/wp-json\/wp\/v2\/media?parent=8757"}],"curies":[{"name":"wp","href":"https:\/\/api.w.org\/{rel}","templated":true}]}}