{"id":15133,"date":"2019-05-13T21:41:07","date_gmt":"2019-05-14T04:41:07","guid":{"rendered":"https:\/\/speculoos.world\/politique-de-confidentialite\/"},"modified":"2024-12-14T07:53:06","modified_gmt":"2024-12-14T15:53:06","slug":"politique-de-confidentialite","status":"publish","type":"page","link":"https:\/\/speculoos.world\/fr\/politique-de-confidentialite\/","title":{"rendered":"Politique de confidentialit\u00e9"},"content":{"rendered":"\n<h2 class=\"wp-block-heading\">Qui sommes-nous ?<\/h2>\n\n<p>L&rsquo;adresse de notre site web est <a href=\"https:\/\/speculoos.world\/fr\/\" target=\"_new\" rel=\"noopener\">: https:\/\/speculoos.world\/.<\/a> Speculoos World est un monde virtuel en 3D. Ce site web sert de compl\u00e9ment au serveur OpenSimulator de Speculoos. OpenSimulator est un logiciel b\u00eata d\u00e9velopp\u00e9 par la communaut\u00e9<a href=\"http:\/\/opensimulator.org\/\" target=\"_new\" rel=\"noopener\">(http:\/\/opensimulator.org\/)<\/a>.   <\/p>\n\n<h2 class=\"wp-block-heading\"><em>tl;dr :<\/em><\/h2>\n\n<p>Nous attachons de l&rsquo;importance \u00e0 votre vie priv\u00e9e et ne sommes pas int\u00e9ress\u00e9s par vos donn\u00e9es personnelles. Nous ne recueillons que les informations n\u00e9cessaires \u00e0 la fourniture de nos services et les traitons de mani\u00e8re responsable. Nous ne vendons ni ne partageons vos donn\u00e9es priv\u00e9es avec des tiers et prenons toutes les pr\u00e9cautions n\u00e9cessaires pour garantir leur s\u00e9curit\u00e9 sur ce site web.  <\/p>\n\n<p>Cependant, veuillez noter que ce projet est bas\u00e9 sur OpenSimulator et connect\u00e9 \u00e0 d&rsquo;autres fournisseurs d&rsquo;OpenSimulator. Certains d\u00e9tails concernant votre avatar, principalement des informations publiques, sont partag\u00e9s avec nos propres serveurs OpenSimulator et d&rsquo;autres grilles accessibles via HyperGrid. La s\u00e9curit\u00e9 de ces donn\u00e9es d\u00e9pend de l&rsquo;\u00e9tat actuel du projet OpenSimulator.  <\/p>\n\n<h2 class=\"wp-block-heading\">Utilisation des donn\u00e9es personnelles collect\u00e9es<\/h2>\n\n<h3 class=\"wp-block-heading\">Commentaires<\/h3>\n\n<p>Lorsque les visiteurs laissent des commentaires sur le site, nous recueillons les donn\u00e9es indiqu\u00e9es dans le formulaire de commentaires, ainsi que l&rsquo;adresse IP du visiteur et la cha\u00eene d&rsquo;agent utilisateur du navigateur pour faciliter la d\u00e9tection des spams.<\/p>\n\n<p>Une cha\u00eene anonymis\u00e9e cr\u00e9\u00e9e \u00e0 partir de votre adresse \u00e9lectronique (\u00e9galement appel\u00e9e hachage) peut \u00eatre fournie au service Gravatar pour savoir si vous l&rsquo;utilisez. La politique de confidentialit\u00e9 du service Gravatar est disponible ici : https:\/\/automattic.com\/privacy\/. Apr\u00e8s approbation de votre commentaire, votre photo de profil est visible par le public dans le contexte de votre commentaire.<\/p>\n\n<p>Les commentaires des visiteurs peuvent \u00eatre v\u00e9rifi\u00e9s par un service automatis\u00e9 de d\u00e9tection des spams.<\/p>\n\n<h3 class=\"wp-block-heading\">M\u00e9dias<\/h3>\n\n<p>Si vous \u00eates un utilisateur enregistr\u00e9 et que vous t\u00e9l\u00e9chargez des images sur le site web, nous vous conseillons d&rsquo;\u00e9viter de t\u00e9l\u00e9charger des images contenant des donn\u00e9es EXIF de coordonn\u00e9es GPS. Les visiteurs de votre site web peuvent t\u00e9l\u00e9charger et extraire des donn\u00e9es de localisation \u00e0 partir de ces images. <\/p>\n\n<h3 class=\"wp-block-heading\">Formulaires de contact<\/h3>\n\n<p>Les informations fournies dans les formulaires de contact ne sont utilis\u00e9es que pour r\u00e9pondre aux demandes.<\/p>\n\n<h3 class=\"wp-block-heading\">Cookies<\/h3>\n\n<p>Si vous soumettez un commentaire sur notre site web, il vous sera propos\u00e9 d&rsquo;enregistrer votre nom, votre adresse \u00e9lectronique et votre site web dans les cookies. Elles sont destin\u00e9es \u00e0 vous faciliter la t\u00e2che, afin que vous n&rsquo;ayez pas \u00e0 remplir \u00e0 nouveau vos coordonn\u00e9es lorsque vous laissez un autre commentaire. Ces biscuits se conservent pendant un an.<\/p>\n\n<p>Si vous visitez notre page de connexion, nous installerons un cookie temporaire pour d\u00e9terminer si votre navigateur accepte les cookies. Ce cookie ne contient aucune donn\u00e9e personnelle et est supprim\u00e9 lorsque vous fermez votre navigateur.<\/p>\n\n<p>Lorsque vous vous connectez, nous configurons \u00e9galement plusieurs cookies pour enregistrer vos informations de connexion et vos choix d&rsquo;affichage d&rsquo;\u00e9cran. Les cookies de connexion durent deux jours, et les cookies d&rsquo;options d&rsquo;\u00e9cran durent un an. Si vous s\u00e9lectionnez \u00ab\u00a0Se souvenir de moi\u00a0\u00bb, votre connexion sera conserv\u00e9e pendant deux semaines. Si vous vous d\u00e9connectez de votre compte, les cookies de connexion seront supprim\u00e9s.<\/p>\n\n<p>Si vous modifiez ou publiez un article, un cookie suppl\u00e9mentaire sera enregistr\u00e9 dans votre navigateur. Ce cookie ne contient aucune donn\u00e9e personnelle. Il indique simplement l&rsquo;identifiant de l&rsquo;article que vous venez de modifier. Il expire au bout d&rsquo;un jour.  <\/p>\n\n<h3 class=\"wp-block-heading\">Contenu embarqu\u00e9 d&rsquo;autres sites<\/h3>\n\n<p>Les articles de ce site peuvent inclure du contenu int\u00e9gr\u00e9 (par exemple des vid\u00e9os, des images, des articles, etc.). Le contenu int\u00e9gr\u00e9 provenant d&rsquo;autres sites web se comporte exactement de la m\u00eame mani\u00e8re que si le visiteur avait visit\u00e9 l&rsquo;autre site web.<\/p>\n\n<p>Ces sites web peuvent recueillir des donn\u00e9es vous concernant, utiliser des cookies, int\u00e9grer un suivi suppl\u00e9mentaire par des tiers et surveiller votre interaction avec ce contenu int\u00e9gr\u00e9, y compris le suivi de votre interaction avec le contenu int\u00e9gr\u00e9 si vous avez un compte et \u00eates connect\u00e9 \u00e0 ce site web.<\/p>\n\n<h2 class=\"wp-block-heading\">Avec qui nous partageons vos donn\u00e9es<\/h2>\n\n<p>Les donn\u00e9es personnelles ne sont utilis\u00e9es que par ce site. Les donn\u00e9es relatives aux avatars sont partag\u00e9es avec le serveur OpenSimulator. OpenSimulator est une technologie d\u00e9centralis\u00e9e. Certaines informations de l&rsquo;avatar peuvent \u00eatre transmises \u00e0 d&rsquo;autres serveurs d&rsquo;OpenSimulator lorsque vous visitez d&rsquo;autres grilles.   <\/p>\n\n<h2 class=\"wp-block-heading\">Combien de temps nous conservons vos donn\u00e9es<\/h2>\n\n<p>Si vous laissez un commentaire, celui-ci et ses m\u00e9tadonn\u00e9es sont conserv\u00e9s ind\u00e9finiment. Cela nous permet de reconna\u00eetre et d&rsquo;approuver automatiquement les commentaires de suivi au lieu de les garder dans une file d&rsquo;attente de mod\u00e9ration.<\/p>\n\n<p>Pour les utilisateurs qui s&rsquo;inscrivent sur notre site web (le cas \u00e9ch\u00e9ant), nous stockons \u00e9galement les informations personnelles qu&rsquo;ils fournissent dans leur profil d&rsquo;utilisateur. Tous les utilisateurs peuvent voir, modifier ou supprimer leurs informations personnelles \u00e0 tout moment (sauf qu&rsquo;ils ne peuvent pas changer leur nom d&rsquo;utilisateur). Les administrateurs du site web peuvent \u00e9galement voir et modifier ces informations.<\/p>\n\n<h2 class=\"wp-block-heading\">Les droits dont vous disposez sur vos donn\u00e9es<\/h2>\n\n<p>Si vous avez un compte sur ce site, ou si vous avez laiss\u00e9 des commentaires, vous pouvez demander \u00e0 recevoir un fichier export\u00e9 des donn\u00e9es personnelles que nous d\u00e9tenons \u00e0 votre sujet, y compris les donn\u00e9es que vous nous avez fournies. Vous pouvez \u00e9galement nous demander d&rsquo;effacer toutes les donn\u00e9es personnelles que nous d\u00e9tenons \u00e0 votre sujet. Cela ne comprend pas les donn\u00e9es que nous sommes oblig\u00e9s de conserver \u00e0 des fins administratives, juridiques ou de s\u00e9curit\u00e9.<\/p>\n","protected":false},"excerpt":{"rendered":"<p>Qui sommes-nous ? L&rsquo;adresse de notre site web est : https:\/\/speculoos.world\/. Speculoos World est un monde virtuel en 3D. Ce site web sert de compl\u00e9ment au serveur OpenSimulator de Speculoos&#8230;.<\/p>\n","protected":false},"author":1,"featured_media":0,"parent":0,"menu_order":0,"comment_status":"closed","ping_status":"closed","template":"","meta":{"footnotes":""},"class_list":["post-15133","page","type-page","status-publish"],"_links":{"self":[{"href":"https:\/\/speculoos.world\/fr\/wp-json\/wp\/v2\/pages\/15133","targetHints":{"allow":["GET"]}}],"collection":[{"href":"https:\/\/speculoos.world\/fr\/wp-json\/wp\/v2\/pages"}],"about":[{"href":"https:\/\/speculoos.world\/fr\/wp-json\/wp\/v2\/types\/page"}],"author":[{"embeddable":true,"href":"https:\/\/speculoos.world\/fr\/wp-json\/wp\/v2\/users\/1"}],"replies":[{"embeddable":true,"href":"https:\/\/speculoos.world\/fr\/wp-json\/wp\/v2\/comments?post=15133"}],"version-history":[{"count":1,"href":"https:\/\/speculoos.world\/fr\/wp-json\/wp\/v2\/pages\/15133\/revisions"}],"predecessor-version":[{"id":15134,"href":"https:\/\/speculoos.world\/fr\/wp-json\/wp\/v2\/pages\/15133\/revisions\/15134"}],"wp:attachment":[{"href":"https:\/\/speculoos.world\/fr\/wp-json\/wp\/v2\/media?parent=15133"}],"curies":[{"name":"wp","href":"https:\/\/api.w.org\/{rel}","templated":true}]}}