{"id":15173,"date":"2024-12-14T08:34:47","date_gmt":"2024-12-14T16:34:47","guid":{"rendered":"https:\/\/speculoos.world\/projets\/"},"modified":"2024-12-14T08:46:28","modified_gmt":"2024-12-14T16:46:28","slug":"projets","status":"publish","type":"page","link":"https:\/\/speculoos.world\/fr\/projets\/","title":{"rendered":"Projets"},"content":{"rendered":"\n<p>Speculoos est impliqu\u00e9 dans plusieurs projets li\u00e9s \u00e0 OpenSimulator. Voici ceux sur lesquels nous nous concentrons principalement. <\/p>\n\n<div style=\"height:30px\" aria-hidden=\"true\" class=\"wp-block-spacer\"><\/div>\n\n<div class=\"wp-block-columns are-vertically-aligned-center is-layout-flex wp-container-core-columns-is-layout-9d6595d7 wp-block-columns-is-layout-flex\">\n<div class=\"wp-block-column is-vertically-aligned-center is-layout-flow wp-block-column-is-layout-flow\">\n<figure class=\"wp-block-embed is-type-wp-embed is-provider-speculoos-world wp-block-embed-speculoos-world\"><div class=\"wp-block-embed__wrapper\">\n<blockquote class=\"wp-embedded-content\" data-secret=\"f5v1niISDo\"><a href=\"https:\/\/speculoos.world\/fr\/project\/w4os-interface-wordpress-pour-opensimulator\/\">W4OS &#8211; OpenSimulator WordPress Interface<\/a><\/blockquote><iframe loading=\"lazy\" class=\"wp-embedded-content\" sandbox=\"allow-scripts\" security=\"restricted\" style=\"position: absolute; visibility: hidden;\" title=\"\u00ab\u00a0W4OS &#8211; OpenSimulator WordPress Interface\u00a0\u00bb &#8212; Speculoos World\" src=\"https:\/\/speculoos.world\/fr\/project\/w4os-interface-wordpress-pour-opensimulator\/embed\/#?secret=jiLOTNQVZ8#?secret=f5v1niISDo\" data-secret=\"f5v1niISDo\" width=\"600\" height=\"338\" frameborder=\"0\" marginwidth=\"0\" marginheight=\"0\" scrolling=\"no\"><\/iframe>\n<\/div><\/figure>\n<\/div>\n\n\n\n<div class=\"wp-block-column is-vertically-aligned-center is-layout-flow wp-block-column-is-layout-flow\">\n<figure class=\"wp-block-embed is-type-wp-embed is-provider-speculoos-world wp-block-embed-speculoos-world\"><div class=\"wp-block-embed__wrapper\">\n<blockquote class=\"wp-embedded-content\" data-secret=\"UbRPXqLNes\"><a href=\"https:\/\/speculoos.world\/fr\/project\/2do-hypevents\/\">2do HYPEvents<\/a><\/blockquote><iframe loading=\"lazy\" class=\"wp-embedded-content\" sandbox=\"allow-scripts\" security=\"restricted\" style=\"position: absolute; visibility: hidden;\" title=\"\u00ab\u00a02do HYPEvents\u00a0\u00bb &#8212; Speculoos World\" src=\"https:\/\/speculoos.world\/fr\/project\/2do-hypevents\/embed\/#?secret=M9eZZ7xevg#?secret=UbRPXqLNes\" data-secret=\"UbRPXqLNes\" width=\"600\" height=\"338\" frameborder=\"0\" marginwidth=\"0\" marginheight=\"0\" scrolling=\"no\"><\/iframe>\n<\/div><\/figure>\n<\/div>\n\n\n\n<div class=\"wp-block-column is-vertically-aligned-center is-layout-flow wp-block-column-is-layout-flow\">\n<figure class=\"wp-block-embed is-type-wp-embed is-provider-speculoos-world wp-block-embed-speculoos-world\"><div class=\"wp-block-embed__wrapper\">\n<blockquote class=\"wp-embedded-content\" data-secret=\"dSmswch7do\"><a href=\"https:\/\/speculoos.world\/fr\/project\/gudz-teleport-board-2\/\">Gudz Teleport Board 2<\/a><\/blockquote><iframe loading=\"lazy\" class=\"wp-embedded-content\" sandbox=\"allow-scripts\" security=\"restricted\" style=\"position: absolute; visibility: hidden;\" title=\"\u00ab\u00a0Gudz Teleport Board 2\u00a0\u00bb &#8212; Speculoos World\" src=\"https:\/\/speculoos.world\/fr\/project\/gudz-teleport-board-2\/embed\/#?secret=qfepyamrJ6#?secret=dSmswch7do\" data-secret=\"dSmswch7do\" width=\"600\" height=\"338\" frameborder=\"0\" marginwidth=\"0\" marginheight=\"0\" scrolling=\"no\"><\/iframe>\n<\/div><\/figure>\n<\/div>\n<\/div>\n","protected":false},"excerpt":{"rendered":"<p>Speculoos est impliqu\u00e9 dans plusieurs projets li\u00e9s \u00e0 OpenSimulator. Voici ceux sur lesquels nous nous concentrons principalement.<\/p>\n","protected":false},"author":1,"featured_media":0,"parent":0,"menu_order":0,"comment_status":"closed","ping_status":"closed","template":"","meta":{"footnotes":""},"class_list":["post-15173","page","type-page","status-publish"],"_links":{"self":[{"href":"https:\/\/speculoos.world\/fr\/wp-json\/wp\/v2\/pages\/15173","targetHints":{"allow":["GET"]}}],"collection":[{"href":"https:\/\/speculoos.world\/fr\/wp-json\/wp\/v2\/pages"}],"about":[{"href":"https:\/\/speculoos.world\/fr\/wp-json\/wp\/v2\/types\/page"}],"author":[{"embeddable":true,"href":"https:\/\/speculoos.world\/fr\/wp-json\/wp\/v2\/users\/1"}],"replies":[{"embeddable":true,"href":"https:\/\/speculoos.world\/fr\/wp-json\/wp\/v2\/comments?post=15173"}],"version-history":[{"count":1,"href":"https:\/\/speculoos.world\/fr\/wp-json\/wp\/v2\/pages\/15173\/revisions"}],"predecessor-version":[{"id":15175,"href":"https:\/\/speculoos.world\/fr\/wp-json\/wp\/v2\/pages\/15173\/revisions\/15175"}],"wp:attachment":[{"href":"https:\/\/speculoos.world\/fr\/wp-json\/wp\/v2\/media?parent=15173"}],"curies":[{"name":"wp","href":"https:\/\/api.w.org\/{rel}","templated":true}]}}