{"id":15312,"date":"2021-10-14T15:32:09","date_gmt":"2021-10-14T22:32:09","guid":{"rendered":"https:\/\/speculoos.world\/support\/acces-inscription-2\/"},"modified":"2025-12-02T06:01:13","modified_gmt":"2025-12-02T14:01:13","slug":"acces-inscription-2","status":"publish","type":"page","link":"https:\/\/speculoos.world\/fr\/support\/acces-inscription-2\/","title":{"rendered":"Acc\u00e8s \/ Inscription"},"content":{"rendered":"\n<h2 class=\"wp-block-heading has-text-align-center\">En bref<\/h2>\n\n<div style=\"height:20px\" aria-hidden=\"true\" class=\"wp-block-spacer\"><\/div>\n\n<div class=\"wp-block-columns is-layout-flex wp-container-core-columns-is-layout-8d2d9942 wp-block-columns-is-layout-flex\">\n<div class=\"wp-block-column is-layout-flow wp-block-column-is-layout-flow\">\n<div class=\"wp-block-group clickable-block has-white-color has-text-color has-background is-layout-constrained wp-container-core-group-is-layout-5066676a wp-block-group-is-layout-constrained\" style=\"background-color:#7f3fff;padding-top:30px;padding-right:20px;padding-bottom:30px;padding-left:20px\">\n<h3 class=\"wp-block-heading has-text-align-center has-white-color has-text-color\"><a style=\"color: inherit; text-decoration: none;\" href=\"#signup\">1. S&rsquo;inscrire<\/a><\/h3>\n<\/div>\n<\/div>\n\n\n\n<div class=\"wp-block-column is-layout-flow wp-block-column-is-layout-flow\">\n<div class=\"wp-block-group clickable-block has-white-color has-text-color has-background is-layout-constrained wp-container-core-group-is-layout-5066676a wp-block-group-is-layout-constrained\" style=\"background-color:#3fb2ff;padding-top:30px;padding-right:20px;padding-bottom:30px;padding-left:20px\">\n<h3 class=\"wp-block-heading has-text-align-center has-white-color has-text-color\"><a style=\"color: inherit; text-decoration: none;\" href=\"#avatar\">2. Cr\u00e9er un avatar<\/a><\/h3>\n<\/div>\n<\/div>\n\n\n\n<div class=\"wp-block-column is-layout-flow wp-block-column-is-layout-flow\">\n<div class=\"wp-block-group clickable-block has-white-color has-text-color has-background is-layout-constrained wp-container-core-group-is-layout-5066676a wp-block-group-is-layout-constrained\" style=\"background-color:#00ccb4;padding-top:30px;padding-right:20px;padding-bottom:30px;padding-left:20px\">\n<h3 class=\"wp-block-heading has-text-align-center has-white-color has-text-color\"><a style=\"color: inherit; text-decoration: none;\" href=\"#viewer\">3. Configurez la visionneuse<\/a><\/h3>\n<\/div>\n<\/div>\n<\/div>\n\n<div style=\"height:42px\" aria-hidden=\"true\" class=\"wp-block-spacer\"><\/div>\n\n<h2 class=\"wp-block-heading has-text-align-center\">D\u00e9tails<\/h2>\n\n<div style=\"height:20px\" aria-hidden=\"true\" class=\"wp-block-spacer\"><\/div>\n\n<div class=\"wp-block-columns is-layout-flex wp-container-core-columns-is-layout-8d2d9942 wp-block-columns-is-layout-flex\">\n<div class=\"wp-block-column is-layout-flow wp-block-column-is-layout-flow\" style=\"flex-basis:60%\">\n<div id=\"signup\" class=\"wp-block-group has-white-color has-text-color has-background is-layout-constrained wp-container-core-group-is-layout-86b54818 wp-block-group-is-layout-constrained\" style=\"background-color:#793fff;padding-top:20px;padding-right:20px;padding-bottom:20px;padding-left:20px\">\n<h3 class=\"wp-block-heading has-white-color has-text-color\">1. Inscription<\/h3>\n\n\n\n<p>L&rsquo;inscription est gratuite et facile. Rendez-vous sur la page Mon compte. <\/p>\n<\/div>\n\n\n\n<div id=\"avatar\" class=\"wp-block-group has-white-color has-text-color has-background is-layout-constrained wp-container-core-group-is-layout-99d66d58 wp-block-group-is-layout-constrained\" style=\"background-color:#3fb2ff;margin-top:1rem;padding-top:20px;padding-right:20px;padding-bottom:20px;padding-left:20px\">\n<h3 class=\"wp-block-heading has-white-color has-text-color\">2. Avatar<\/h3>\n\n\n\n<p>Pour cr\u00e9er votre avatar, rendez-vous sur <a style=\"color: #fff; text-decoration: underline;\" href=\"https:\/\/speculoos.world\/fr\/profil\/\">votre page de profil.<\/a><\/p>\n\n\n\n<ul class=\"wp-block-list\">\n<li>Vous devez choisir un pr\u00e9nom et un nom de famille pour votre avatar. C&rsquo;est le nom qui appara\u00eetra aux autres utilisateurs dans le monde virtuel. Il ne doit pas n\u00e9cessairement \u00eatre votre vrai nom, mais une fois l&rsquo;avatar cr\u00e9\u00e9, ce nom ne peut pas \u00eatre modifi\u00e9.  <\/li>\n\n\n\n<li>Choisissez votre apparence initiale. Vous pourrez la modifier et la personnaliser \u00e0 votre guise dans le monde virtuel. <\/li>\n<\/ul>\n<\/div>\n<\/div>\n\n\n\n<div class=\"wp-block-column is-layout-flow wp-block-column-is-layout-flow\" style=\"flex-basis:40%\">\n<h3 class=\"wp-block-heading\">Hypergrid<\/h3>\n\n\n\n<p>Si vous avez d\u00e9j\u00e0 un avatar sur une autre grille (comme OSgrid, FrancoGrid, GermanGrid, etc.), vous pouvez visiter la n\u00f4tre en entrant l&rsquo;adresse suivante dans la \u00ab\u00a0carte\u00a0\u00bb :<\/p>\n\n\n\n<p>ou en cliquant sur l&rsquo;un de ces liens :<\/p>\n\n\n\n<p><a href=\"hop:\/\/speculoos.world:8002\">hop:\/\/speculoos.world:8002<\/a><br\/><a href=\"secondlife:\/\/speculoos.world:8002\/\">secondlife:\/\/speculoos.world:8002\/<\/a><\/p>\n<\/div>\n<\/div>\n\n<div class=\"wp-block-columns is-layout-flex wp-container-core-columns-is-layout-89d078e0 wp-block-columns-is-layout-flex\" style=\"margin-top:1rem\">\n<div class=\"wp-block-column is-layout-flow wp-block-column-is-layout-flow\" style=\"flex-basis:60%\">\n<div id=\"viewer\" class=\"wp-block-group has-white-color has-text-color has-background is-layout-constrained wp-container-core-group-is-layout-86b54818 wp-block-group-is-layout-constrained\" style=\"background-color:#00ccb4;padding-top:20px;padding-right:20px;padding-bottom:20px;padding-left:20px\">\n<h3 class=\"wp-block-heading has-white-color has-text-color\">3. Viewer<\/h3>\n\n\n\n<p>La visionneuse est l&rsquo;\u00e9quivalent de votre navigateur web pour les mondes 3D. Vous pouvez utiliser n&rsquo;importe quelle visionneuse compatible avec OpenSimulator pour acc\u00e9der \u00e0 Speculoos. Nous vous recommandons Firestorm :  <br\/><a style=\"color: #fff; text-decoration: underline;\" href=\"https:\/\/www.firestormviewer.org\/os-operating-system\/\" target=\"_blank\" rel=\"noopener\">https:\/\/www.firestormviewer.org\/os-operating-system\/<\/a><\/p>\n\n\n\n<p>Assurez-vous de t\u00e9l\u00e9charger la version \u00ab\u00a0Opensim Only\u00a0\u00bb (et non la version \u00ab\u00a0SL Only\u00a0\u00bb).<\/p>\n\n\n\n<p><strong>Ajoutez d&rsquo;abord Speculoos World \u00e0 votre visionneuse :<\/strong><\/p>\n\n\n\n<ul class=\"wp-block-list\">\n<li>Allez dans le menu \u00ab\u00a0Viewer\u00a0\u00bb \u2192 \u00ab\u00a0Pr\u00e9f\u00e9rences\u00a0\u00bb (ou tapez Ctrl-P)<\/li>\n\n\n\n<li>\u00ab\u00a0Onglet \u00ab\u00a0Gestionnaire de grille<\/li>\n\n\n\n<li>Section \u00ab\u00a0Ajouter une nouvelle grille\u00a0\u00bb.<\/li>\n\n\n\n<li>URI de connexion<\/li>\n\n\n\n<li>Cliquez sur \u00ab\u00a0Appliquer\u00a0\u00bb puis sur \u00ab\u00a0OK\u00a0\u00bb.<\/li>\n<\/ul>\n\n\n\n<p><strong>Lorsque le sp\u00e9culoos sera ajout\u00e9, vous pourrez vous connecter :<\/strong><\/p>\n\n\n\n<ul class=\"wp-block-list\">\n<li>Assurez-vous que la grille s\u00e9lectionn\u00e9e dans le menu \u00ab\u00a0Grille\u00a0\u00bb est bien Speculoos.<\/li>\n\n\n\n<li>Entrez le nom et le pr\u00e9nom de votre avatar dans la case \u00ab\u00a0Nom d&rsquo;utilisateur\u00a0\u00bb et votre mot de passe dans la case \u00ab\u00a0Mot de passe\u00a0\u00bb.<\/li>\n\n\n\n<li>Cliquez sur \u00ab\u00a0Connexion\u00a0\u00bb.<\/li>\n<\/ul>\n<\/div>\n<\/div>\n\n\n\n<div class=\"wp-block-column is-layout-flow wp-block-column-is-layout-flow\" style=\"flex-basis:40%\">\n<h3 class=\"wp-block-heading\">Viewers alternatifs<\/h3>\n\n\n\n<p><em>(cela fait un moment que je ne les ai pas test\u00e9s, je ne peux donc pas garantir les r\u00e9sultats) :<\/em><\/p>\n\n\n\n<ul class=\"wp-block-list\">\n<li>Cool VL Viewer (Windows, Mac, Linux)<\/li>\n\n\n\n<li>Singularit\u00e9 (Windows, Mac, Linux)<\/li>\n\n\n\n<li>Imprudence (Windows, Mac, Linux)<\/li>\n\n\n\n<li>Visionneuse Hippo (Windows, Linux)<\/li>\n<\/ul>\n\n\n\n<p>Vous vous demandiez pourquoi vous voyiez des hippopotames partout ? Voil\u00e0. <\/p>\n\n\n\n<p>Pour utiliser Second Life, suivez les instructions du laboratoire ici. Second Life ne permet plus aux utilisateurs d&rsquo;OpenSimulator de se connecter \u00e0 sa grille. Vous devez d\u00e9sormais installer des programmes distincts si vous utilisez les deux. <\/p>\n<\/div>\n<\/div>\n","protected":false},"excerpt":{"rendered":"<p>En bref 1. S&rsquo;inscrire 2. Cr\u00e9er un avatar 3. Configurez la visionneuse D\u00e9tails 1. Inscription L&rsquo;inscription est gratuite et facile. Rendez-vous sur la page Mon compte. 2. Avatar Pour cr\u00e9er&#8230;<\/p>\n","protected":false},"author":1,"featured_media":0,"parent":183,"menu_order":0,"comment_status":"closed","ping_status":"closed","template":"","meta":{"footnotes":""},"class_list":["post-15312","page","type-page","status-publish"],"_links":{"self":[{"href":"https:\/\/speculoos.world\/fr\/wp-json\/wp\/v2\/pages\/15312","targetHints":{"allow":["GET"]}}],"collection":[{"href":"https:\/\/speculoos.world\/fr\/wp-json\/wp\/v2\/pages"}],"about":[{"href":"https:\/\/speculoos.world\/fr\/wp-json\/wp\/v2\/types\/page"}],"author":[{"embeddable":true,"href":"https:\/\/speculoos.world\/fr\/wp-json\/wp\/v2\/users\/1"}],"replies":[{"embeddable":true,"href":"https:\/\/speculoos.world\/fr\/wp-json\/wp\/v2\/comments?post=15312"}],"version-history":[{"count":7,"href":"https:\/\/speculoos.world\/fr\/wp-json\/wp\/v2\/pages\/15312\/revisions"}],"predecessor-version":[{"id":15845,"href":"https:\/\/speculoos.world\/fr\/wp-json\/wp\/v2\/pages\/15312\/revisions\/15845"}],"up":[{"embeddable":true,"href":"https:\/\/speculoos.world\/fr\/wp-json\/wp\/v2\/pages\/183"}],"wp:attachment":[{"href":"https:\/\/speculoos.world\/fr\/wp-json\/wp\/v2\/media?parent=15312"}],"curies":[{"name":"wp","href":"https:\/\/api.w.org\/{rel}","templated":true}]}}