{"id":183,"date":"2012-03-08T17:40:12","date_gmt":"2012-03-09T01:40:12","guid":{"rendered":"https:\/\/new.speculoos.world\/support\/"},"modified":"2024-12-14T10:12:43","modified_gmt":"2024-12-14T18:12:43","slug":"support","status":"publish","type":"page","link":"https:\/\/speculoos.world\/fr\/support\/","title":{"rendered":"Page d&rsquo;aide"},"content":{"rendered":"\n<p>Vous pouvez nous joindre dans le monde ou par courrier. Nous sommes toujours heureux de vous aider. Utilisez la <a href=\"https:\/\/speculoos.world\/fr\/support\/contact\/\" data-type=\"page\" data-id=\"441\">page de contact<\/a> pour toute question. Et si tout se passe bien, n&rsquo;h\u00e9sitez pas \u00e0 nous le faire savoir ;-).   <\/p>\n\n\n<ul class=\"wp-block-page-list has-medium-font-size\"><li class=\"wp-block-pages-list__item\"><a class=\"wp-block-pages-list__item__link\" href=\"https:\/\/speculoos.world\/fr\/support\/contact\/\">Contact<\/a><\/li><li class=\"wp-block-pages-list__item\"><a class=\"wp-block-pages-list__item__link\" href=\"https:\/\/speculoos.world\/fr\/support\/acces-inscription\/\">Acc\u00e8s \/ Inscription<\/a><\/li><li class=\"wp-block-pages-list__item\"><a class=\"wp-block-pages-list__item__link\" href=\"https:\/\/speculoos.world\/fr\/support\/acces-inscription-2\/\">Acc\u00e8s \/ Inscription<\/a><\/li><li class=\"wp-block-pages-list__item\"><a class=\"wp-block-pages-list__item__link\" href=\"https:\/\/speculoos.world\/fr\/support\/parcel-region-hosting\/\">Parcel \/ Region hosting<\/a><\/li><\/ul>\n\n\n<h2 class=\"wp-block-heading\">Heures de bureau<\/h2>\n\n\n\n<p>Avez-vous d\u00e9j\u00e0 entendu parler des \u00ab\u00a0Heures de bureau\u00a0\u00bb ? C&rsquo;est un terme courant dans OpenSimulator pour d\u00e9crire les r\u00e9unions r\u00e9currentes dans le monde o\u00f9 les gens discutent de l&rsquo;\u00e9tat de la grille, des projets \u00e0 court terme, des demandes, et plus encore.<\/p>\n\n\n\n<p>Nous n&rsquo;avons pas d&rsquo;heures de bureau officielles. Vous pouvez v\u00e9rifier dans le monde si nous sommes en ligne (le plus souvent dans la r\u00e9gion de Grand Place), mais <a href=\"https:\/\/speculoos.world\/fr\/support\/contact\/\" data-type=\"page\" data-id=\"441\">le formulaire de contact<\/a> reste le meilleur moyen d&rsquo;obtenir une r\u00e9ponse rapide. <\/p>\n\n\n\n<p>T\u00e9l\u00e9portation :<\/p>\n\n\n\n<ul class=\"wp-block-list\">\n<li>speculoos.world:8002\/Grand Place\/<\/li>\n\n\n\n<li><a href=\"hop:\/\/speculoos.world:8002\/Grand%20Place\/\">hop:\/\/speculoos.world:8002\/Grand Place\/<\/a><\/li>\n\n\n\n<li><a href=\"secondlife:\/\/speculoos.world:8002:Grand%20Place\/115\/138\/26\/\">secondlife:\/\/speculoos.world:8002:Grand%20Place\/115\/138\/26\/<\/a><\/li>\n<\/ul>\n","protected":false},"excerpt":{"rendered":"<h2>\n  Heures de bureau<\/h2>\n<p>Le terme \u00ab\u00a0Office Hours\u00a0\u00bb est couramment utilis\u00e9 dans OpenSimulator pour des r\u00e9unions r\u00e9currentes au bureau, pour parler de l&rsquo;\u00e9tat de la grille, de projets \u00e0 court terme, de demandes&#8230;<\/p>\n<dl>\n<dt>\n Quand :<\/dt>\n<dd>\n Jeudi \u00e0 16:00 UTC (18:00 CEST ; 08:00 PDT ; 07:00 PST) (heure du monde)<\/dd>\n<dt>\n O\u00f9 :<\/dt>\n<dd>\n  R\u00e9gion \u00ab\u00a0Grand Place<\/p>\n<ul>\n<li>\n\t\t\t\t<a href=\"secondlife:\/\/Grand%20Place\/115\/138\/26\/\">Lien pour les r\u00e9sidents<\/a><\/li>\n<li>\n\t\t\t\t<a href=\"secondlife:\/\/speculoos.world:8002:Grand%20Place\/115\/138\/26\/\">Lien HG<\/a><\/li>\n<\/ul>\n<\/dd>\n<\/dl>\n<h2>\n  Courriel<\/h2>\n","protected":false},"author":1,"featured_media":0,"parent":0,"menu_order":0,"comment_status":"closed","ping_status":"closed","template":"","meta":{"footnotes":""},"class_list":["post-183","page","type-page","status-publish"],"_links":{"self":[{"href":"https:\/\/speculoos.world\/fr\/wp-json\/wp\/v2\/pages\/183","targetHints":{"allow":["GET"]}}],"collection":[{"href":"https:\/\/speculoos.world\/fr\/wp-json\/wp\/v2\/pages"}],"about":[{"href":"https:\/\/speculoos.world\/fr\/wp-json\/wp\/v2\/types\/page"}],"author":[{"embeddable":true,"href":"https:\/\/speculoos.world\/fr\/wp-json\/wp\/v2\/users\/1"}],"replies":[{"embeddable":true,"href":"https:\/\/speculoos.world\/fr\/wp-json\/wp\/v2\/comments?post=183"}],"version-history":[{"count":10,"href":"https:\/\/speculoos.world\/fr\/wp-json\/wp\/v2\/pages\/183\/revisions"}],"predecessor-version":[{"id":15272,"href":"https:\/\/speculoos.world\/fr\/wp-json\/wp\/v2\/pages\/183\/revisions\/15272"}],"wp:attachment":[{"href":"https:\/\/speculoos.world\/fr\/wp-json\/wp\/v2\/media?parent=183"}],"curies":[{"name":"wp","href":"https:\/\/api.w.org\/{rel}","templated":true}]}}