{"id":3107,"date":"2021-10-14T15:32:09","date_gmt":"2021-10-14T22:32:09","guid":{"rendered":"https:\/\/speculoos.world\/support\/acces-inscription\/"},"modified":"2021-10-16T07:17:39","modified_gmt":"2021-10-16T14:17:39","slug":"acces-inscription","status":"publish","type":"page","link":"https:\/\/speculoos.world\/fr\/support\/acces-inscription\/","title":{"rendered":"Acc\u00e8s \/ Inscription"},"content":{"rendered":"[et_pb_section fb_built=\u00a0\u00bb1&Prime; _builder_version=\u00a0\u00bb4.11.2&Prime; _module_preset=\u00a0\u00bbdefault\u00a0\u00bb global_colors_info=\u00a0\u00bb{}\u00a0\u00bb][et_pb_row _builder_version=\u00a0\u00bb4.11.2&Prime; _module_preset=\u00a0\u00bbdefault\u00a0\u00bb global_colors_info=\u00a0\u00bb{}\u00a0\u00bb][et_pb_column type=\u00a0\u00bb4_4&Prime; _builder_version=\u00a0\u00bb4.11.2&Prime; _module_preset=\u00a0\u00bbdefault\u00a0\u00bb global_colors_info=\u00a0\u00bb{}\u00a0\u00bb][et_pb_text _builder_version=\u00a0\u00bb4.11.2&Prime; _module_preset=\u00a0\u00bbdefault\u00a0\u00bb global_colors_info=\u00a0\u00bb{}\u00a0\u00bb]\n<h2>En bref<\/h2>\n[\/et_pb_text][\/et_pb_column][\/et_pb_row][et_pb_row column_structure=\u00a0\u00bb1_3,1_3,1_3&Prime; use_custom_gutter=\u00a0\u00bbon\u00a0\u00bb gutter_width=\u00a0\u00bb2&Prime; _builder_version=\u00a0\u00bb4.11.2&Prime; _module_preset=\u00a0\u00bbdefault\u00a0\u00bb global_colors_info=\u00a0\u00bb{}\u00a0\u00bb][et_pb_column type=\u00a0\u00bb1_3&Prime; _builder_version=\u00a0\u00bb4.11.2&Prime; _module_preset=\u00a0\u00bbdefault\u00a0\u00bb global_colors_info=\u00a0\u00bb{}\u00a0\u00bb][et_pb_cta title=\u00a0\u00bb1. S&rsquo;inscrire\u00a0\u00bb button_text=\u00a0\u00bbCliquez ici\u00a0\u00bb module_class=\u00a0\u00bbaction-button-signup\u00a0\u00bb _builder_version=\u00a0\u00bb4.11.3&Prime; _module_preset=\u00a0\u00bbdefault\u00a0\u00bb header_font=\u00a0\u00bb|700|||||||\u00a0\u00bb background_color=\u00a0\u00bb#7f3fff\u00a0\u00bb custom_margin=\u00a0\u00bb0px|0px|0px|0px|false|false\u00a0\u00bb custom_padding=\u00a0\u00bb30px|0px|0px|0px|false|false\u00a0\u00bb link_option_url=\u00a0\u00bb#signup\u00a0\u00bb global_colors_info=\u00a0\u00bb{}\u00a0\u00bb][\/et_pb_cta][\/et_pb_column][et_pb_column type=\u00a0\u00bb1_3&Prime; _builder_version=\u00a0\u00bb4.11.2&Prime; _module_preset=\u00a0\u00bbdefault\u00a0\u00bb global_colors_info=\u00a0\u00bb{}\u00a0\u00bb][et_pb_cta title=\u00a0\u00bb2. Cr\u00e9er un avatar\u00a0\u00bb button_text=\u00a0\u00bbCliquez ici\u00a0\u00bb _builder_version=\u00a0\u00bb4.11.3&Prime; _module_preset=\u00a0\u00bbdefault\u00a0\u00bb header_font=\u00a0\u00bb|700|||||||\u00a0\u00bb background_color=\u00a0\u00bb#3fb2ff\u00a0\u00bb custom_margin=\u00a0\u00bb0px|0px|0px|0px|false|false\u00a0\u00bb custom_padding=\u00a0\u00bb30px|0px|0px|0px|false|false\u00a0\u00bb link_option_url=\u00a0\u00bb#avatar\u00a0\u00bb global_colors_info=\u00a0\u00bb{}\u00a0\u00bb][\/et_pb_cta][\/et_pb_column][et_pb_column type=\u00a0\u00bb1_3&Prime; _builder_version=\u00a0\u00bb4.11.2&Prime; _module_preset=\u00a0\u00bbdefault\u00a0\u00bb global_colors_info=\u00a0\u00bb{}\u00a0\u00bb][et_pb_cta title=\u00a0\u00bb3. Configurer le viewer\u00a0\u00bb button_text=\u00a0\u00bbCliquez ici\u00a0\u00bb _builder_version=\u00a0\u00bb4.11.3&Prime; _module_preset=\u00a0\u00bbdefault\u00a0\u00bb header_font=\u00a0\u00bb|700|||||||\u00a0\u00bb background_color=\u00a0\u00bb#00ccb4&Prime; custom_margin=\u00a0\u00bb0px|0px|0px|0px|false|false\u00a0\u00bb custom_padding=\u00a0\u00bb30px|0px|0px|0px|false|false\u00a0\u00bb link_option_url=\u00a0\u00bb#viewer\u00a0\u00bb global_colors_info=\u00a0\u00bb{}\u00a0\u00bb][\/et_pb_cta][\/et_pb_column][\/et_pb_row][et_pb_row _builder_version=\u00a0\u00bb4.11.2&Prime; _module_preset=\u00a0\u00bbdefault\u00a0\u00bb global_colors_info=\u00a0\u00bb{}\u00a0\u00bb][et_pb_column type=\u00a0\u00bb4_4&Prime; _builder_version=\u00a0\u00bb4.11.2&Prime; _module_preset=\u00a0\u00bbdefault\u00a0\u00bb global_colors_info=\u00a0\u00bb{}\u00a0\u00bb][et_pb_text _builder_version=\u00a0\u00bb4.11.2&Prime; _module_preset=\u00a0\u00bbdefault\u00a0\u00bb global_colors_info=\u00a0\u00bb{}\u00a0\u00bb]\n<h2>D\u00e9tails<\/h2>\n[\/et_pb_text][\/et_pb_column][\/et_pb_row][et_pb_row column_structure=\u00a0\u00bb3_5,2_5&Prime; use_custom_gutter=\u00a0\u00bbon\u00a0\u00bb gutter_width=\u00a0\u00bb2&Prime; _builder_version=\u00a0\u00bb4.11.2&Prime; _module_preset=\u00a0\u00bbdefault\u00a0\u00bb custom_padding=\u00a0\u00bb||0px||false|false\u00a0\u00bb global_colors_info=\u00a0\u00bb{}\u00a0\u00bb][et_pb_column type=\u00a0\u00bb3_5&Prime; _builder_version=\u00a0\u00bb4.11.2&Prime; _module_preset=\u00a0\u00bbdefault\u00a0\u00bb global_colors_info=\u00a0\u00bb{}\u00a0\u00bb][et_pb_cta title=\u00a0\u00bb1. Inscription\u00a0\u00bb button_text=\u00a0\u00bbCliquez ici\u00a0\u00bb module_id=\u00a0\u00bbsignup\u00a0\u00bb _builder_version=\u00a0\u00bb4.11.3&Prime; _dynamic_attributes=\u00a0\u00bblink_option_url\u00a0\u00bb _module_preset=\u00a0\u00bbdefault\u00a0\u00bb background_color=\u00a0\u00bb#793fff\u00a0\u00bb custom_padding=\u00a0\u00bb||20px||false|false\u00a0\u00bb link_option_url=\u00a0\u00bb@ET-DC@eyJkeW5hbWljIjp0cnVlLCJjb250ZW50IjoicG9zdF9saW5rX3VybF9wYWdlIiwic2V0dGluZ3MiOnsicG9zdF9pZCI6IjIwNzIifX0=@\u00a0\u00bb global_colors_info=\u00a0\u00bb{}\u00a0\u00bb]\n<p>L&rsquo;inscription est gratuite et simple. Allez sur la page Mon compte.<\/p>\n[\/et_pb_cta][et_pb_cta title=\u00a0\u00bb2. Avatar\u00a0\u00bb button_text=\u00a0\u00bbCliquez ici\u00a0\u00bb module_id=\u00a0\u00bbavatar\u00a0\u00bb _builder_version=\u00a0\u00bb4.11.3&Prime; _module_preset=\u00a0\u00bbdefault\u00a0\u00bb background_color=\u00a0\u00bb#3fb2ff\u00a0\u00bb custom_padding=\u00a0\u00bb||0px||false|false\u00a0\u00bb link_option_url=\u00a0\u00bbhttps:\/\/speculoos.world\/my-account\/avatar\/\u00a0\u00bb global_colors_info=\u00a0\u00bb{}\u00a0\u00bb]\n<p style=\"text-align: left;\">Pour cr\u00e9er votre avatar, allez sur la page <strong>Mon compte<\/strong> et choisissez l&rsquo;onglet <strong>Avatar<\/strong>.<\/p>\n<ul>\n<li style=\"text-align: left;\">Vous devez choisir un pr\u00e9nom et un nom pour votre avatar. C&rsquo;est le nom qui appara\u00eetra aux autres utilisateurs dans le monde virtuel. Il ne doit pas n\u00e9cessairement s&rsquo;agir de votre vrai nom, mais d\u00e8s que l&rsquo;avatar est cr\u00e9\u00e9, ce nom ne peut plus \u00eatre modifi\u00e9.<\/li>\n<li style=\"text-align: left;\">Choisissez votre apparence initiale. Vous pourrez la modifier et la personnaliser comme bon vous semble dans le monde virtuel.<\/li>\n<\/ul>\n[\/et_pb_cta][\/et_pb_column][et_pb_column type=\u00a0\u00bb2_5&Prime; _builder_version=\u00a0\u00bb4.11.2&Prime; _module_preset=\u00a0\u00bbdefault\u00a0\u00bb global_colors_info=\u00a0\u00bb{}\u00a0\u00bb][et_pb_text _builder_version=\u00a0\u00bb4.11.2&Prime; _module_preset=\u00a0\u00bbdefault\u00a0\u00bb global_colors_info=\u00a0\u00bb{}\u00a0\u00bb]\n<h2>Hypergrid<\/h2>\n<p><strong>Si vous avez d\u00e9j\u00e0 un avatar sur une autre grille<\/strong> (comme OSgrid, FrancoGrid, GermanGrid, etc.), vous pouvez visiter la n\u00f4tre en entrant l&rsquo;adresse suivante dans la \u00ab\u00a0carte\u00a0\u00bb :<br \/><input type=\"text\" value=\"speculoos.world:8002\" readonly><\/p>\n<p>ou en cliquant sur l&rsquo;un de ces liens :<\/p>\n<ul>\n<li><a href=\"hop:\/\/speculoos.world:8002\">hop:\/\/speculoos.world:8002<\/a><\/li>\n<li><a href=\"8002\/\" rel=\"noreferrer\" data-cke-saved-href=\"secondlife:\/\/speculoos.world:8002\/\">secondlife:\/\/speculoos.world:8002\/<\/a><\/li>\n<\/ul>\n[\/et_pb_text][\/et_pb_column][\/et_pb_row][et_pb_row column_structure=\u00a0\u00bb3_5,2_5&Prime; use_custom_gutter=\u00a0\u00bbon\u00a0\u00bb gutter_width=\u00a0\u00bb2&Prime; _builder_version=\u00a0\u00bb4.11.2&Prime; _module_preset=\u00a0\u00bbdefault\u00a0\u00bb custom_padding=\u00a0\u00bb17px||||false|false\u00a0\u00bb hover_enabled=\u00a0\u00bb0&Prime; global_colors_info=\u00a0\u00bb{}\u00a0\u00bb sticky_enabled=\u00a0\u00bb0&Prime;][et_pb_column type=\u00a0\u00bb3_5&Prime; _builder_version=\u00a0\u00bb4.11.2&Prime; _module_preset=\u00a0\u00bbdefault\u00a0\u00bb global_colors_info=\u00a0\u00bb{}\u00a0\u00bb][et_pb_cta title=\u00a0\u00bb3. Viewer\u00a0\u00bb button_text=\u00a0\u00bbCliquez ici\u00a0\u00bb module_id=\u00a0\u00bbviewer\u00a0\u00bb _builder_version=\u00a0\u00bb4.11.3&Prime; _module_preset=\u00a0\u00bbdefault\u00a0\u00bb background_color=\u00a0\u00bb#00ccb4&Prime; custom_padding=\u00a0\u00bb||0px||false|false\u00a0\u00bb hover_enabled=\u00a0\u00bb0&Prime; global_colors_info=\u00a0\u00bb{}\u00a0\u00bb sticky_enabled=\u00a0\u00bb0&Prime;]\n<p style=\"text-align: left;\"><a name=\"config-viewer\"><\/a> Le \u00ab\u00a0viewer\u00a0\u00bb est l&rsquo;\u00e9quivalent de votre navigateur web pour les mondes 3D. Vous pouvez utiliser n&rsquo;importe quel visualiseur compatible avec OpenSimulator pour acc\u00e9der \u00e0 Speculoos. Nous recommandons Firestorm : <span style=\"color: #ccffcc;\"><a href=\"https:\/\/www.firestormviewer.org\/os-operating-system\/\" target=\"_blank\" rel=\"noopener noreferrer nofollow\" data-mce-=\"\" style=\"color: #ccffcc;\">https:\/\/www.firestormviewer.org\/os-operating-system\/<\/a><\/span>.<\/p>\n<p style=\"text-align: left;\"><strong>Assurez-vous de t\u00e9l\u00e9charger la version \u00ab\u00a0Opensim Only\u00a0\u00bb<\/strong> (pas la version \u00ab\u00a0SL Only\u00a0\u00bb).<\/p>\n<p style=\"text-align: left;\">Ajoutez d&rsquo;abord des Speculoos World \u00e0 votre viewer :<\/p>\n<ul style=\"text-align: left;\">\n<li>Allez dans le menu \u00ab\u00a0Viewer\u00a0\u00bb -&gt; \u00ab\u00a0Preferences\u00a0\u00bb (ou tapez Ctrl-P)<br \/>&gt; Onglet \u00ab\u00a0Grid Manager<br \/>&gt; Section \u00ab\u00a0Ajouter une nouvelle grille\u00a0\u00bb<br \/><label>&gt; URI de connexion <input type=\"text\" value=\"http:\/\/speculoos.world:8002\/\" readonly><\/label><\/li>\n<li>Cliquez sur \u00ab\u00a0Appliquer\u00a0\u00bb et ensuite sur \u00ab\u00a0OK\u00a0\u00bb.<\/li>\n<li style=\"list-style-type: none;\">\n<\/li>\n<\/ul>\n<p style=\"text-align: left;\">Lorsque le Speculoos sera ajout\u00e9, vous pourrez vous connecter :<\/p>\n<ul>\n<li style=\"text-align: left;\">Assurez-vous que la grille s\u00e9lectionn\u00e9e dans le menu \u00ab\u00a0Grille\u00a0\u00bb est bien Speculoos.<\/li>\n<li style=\"text-align: left;\">Entrez le pr\u00e9nom et le nom de votre avatar dans la case \u00ab\u00a0Nom d&rsquo;utilisateur\u00a0\u00bb et votre mot de passe dans la case \u00ab\u00a0Mot de passe\u00a0\u00bb.<\/li>\n<li style=\"text-align: left;\">Cliquez sur \u00ab\u00a0Connexion\u00a0\u00bb.<\/li>\n<\/ul>\n[\/et_pb_cta][\/et_pb_column][et_pb_column type=\u00a0\u00bb2_5&Prime; _builder_version=\u00a0\u00bb4.11.2&Prime; _module_preset=\u00a0\u00bbdefault\u00a0\u00bb global_colors_info=\u00a0\u00bb{}\u00a0\u00bb][et_pb_text _builder_version=\u00a0\u00bb4.11.3&Prime; _module_preset=\u00a0\u00bbdefault\u00a0\u00bb global_colors_info=\u00a0\u00bb{}\u00a0\u00bb]\n<h2>Viewers alternatifs<\/h2>\n<p>(cela fait un moment que je ne les ai pas test\u00e9s, aucune garantie de r\u00e9sultats) :<\/p>\n<ul>\n<li><a href=\"http:\/\/sldev.free.fr\/\" target=\"_blank\" rel=\"noopener\">Cool VL Viewer<\/a> (Windows, Mac, Linux)<\/li>\n<li><a href=\"http:\/\/wiki.kokuaviewer.org\/wiki\/Imprudence:Downloads\" target=\"_blank\" rel=\"noopener\">Singularity<\/a> (Windows, Mac, Linux)<\/li>\n<li><a href=\"http:\/\/wiki.kokuaviewer.org\/wiki\/Imprudence:Downloads\" target=\"_blank\" rel=\"noopener\">Imprudence<\/a> (Windows, Mac, Linux)<\/li>\n<li><a href=\"https:\/\/sourceforge.net\/projects\/opensim-viewer\/\" target=\"_blank\" rel=\"noopener\">Hippo viewer<\/a> (Windows, Linux)<br \/><em>Donc vous vous demandiez pourquoi vous voyiez des hippopotames partout ? Voil\u00e0.<\/em><\/li>\n<\/ul>\n<p><span style=\"text-decoration: line-through;\">Pour utiliser Second Life, suivez les instructions du lab ici.<\/span> Second Life ne permet plus aux viewers OpenSimulator de se connecter \u00e0 sa grille. Vous devez d\u00e9sormais installer des programmes distincts si vous utilisez les deux.<\/p>\n[\/et_pb_text][\/et_pb_column][\/et_pb_row][\/et_pb_section]\n","protected":false},"excerpt":{"rendered":"<p>[et_pb_section fb_built=\u00a0\u00bb1&Prime; _builder_version=\u00a0\u00bb4.11.2&Prime; _module_preset=\u00a0\u00bbdefault\u00a0\u00bb global_colors_info=\u00a0\u00bb{}\u00a0\u00bb][et_pb_row _builder_version=\u00a0\u00bb4.11.2&Prime; _module_preset=\u00a0\u00bbdefault\u00a0\u00bb global_colors_info=\u00a0\u00bb{}\u00a0\u00bb][et_pb_column type=\u00a0\u00bb4_4&Prime; _builder_version=\u00a0\u00bb4.11.2&Prime; _module_preset=\u00a0\u00bbdefault\u00a0\u00bb global_colors_info=\u00a0\u00bb{}\u00a0\u00bb][et_pb_text _builder_version=\u00a0\u00bb4.11.2&Prime; _module_preset=\u00a0\u00bbdefault\u00a0\u00bb global_colors_info=\u00a0\u00bb{}\u00a0\u00bb] En bref [\/et_pb_text][\/et_pb_column][\/et_pb_row][et_pb_row column_structure=\u00a0\u00bb1_3,1_3,1_3&Prime; use_custom_gutter=\u00a0\u00bbon\u00a0\u00bb gutter_width=\u00a0\u00bb2&Prime; _builder_version=\u00a0\u00bb4.11.2&Prime; _module_preset=\u00a0\u00bbdefault\u00a0\u00bb global_colors_info=\u00a0\u00bb{}\u00a0\u00bb][et_pb_column type=\u00a0\u00bb1_3&Prime; _builder_version=\u00a0\u00bb4.11.2&Prime; _module_preset=\u00a0\u00bbdefault\u00a0\u00bb global_colors_info=\u00a0\u00bb{}\u00a0\u00bb][et_pb_cta title=\u00a0\u00bb1. S&rsquo;inscrire\u00a0\u00bb&#8230;<\/p>\n","protected":false},"author":1,"featured_media":0,"parent":183,"menu_order":0,"comment_status":"closed","ping_status":"closed","template":"","meta":{"footnotes":""},"class_list":["post-3107","page","type-page","status-publish"],"_links":{"self":[{"href":"https:\/\/speculoos.world\/fr\/wp-json\/wp\/v2\/pages\/3107","targetHints":{"allow":["GET"]}}],"collection":[{"href":"https:\/\/speculoos.world\/fr\/wp-json\/wp\/v2\/pages"}],"about":[{"href":"https:\/\/speculoos.world\/fr\/wp-json\/wp\/v2\/types\/page"}],"author":[{"embeddable":true,"href":"https:\/\/speculoos.world\/fr\/wp-json\/wp\/v2\/users\/1"}],"replies":[{"embeddable":true,"href":"https:\/\/speculoos.world\/fr\/wp-json\/wp\/v2\/comments?post=3107"}],"version-history":[{"count":8,"href":"https:\/\/speculoos.world\/fr\/wp-json\/wp\/v2\/pages\/3107\/revisions"}],"predecessor-version":[{"id":3882,"href":"https:\/\/speculoos.world\/fr\/wp-json\/wp\/v2\/pages\/3107\/revisions\/3882"}],"up":[{"embeddable":true,"href":"https:\/\/speculoos.world\/fr\/wp-json\/wp\/v2\/pages\/183"}],"wp:attachment":[{"href":"https:\/\/speculoos.world\/fr\/wp-json\/wp\/v2\/media?parent=3107"}],"curies":[{"name":"wp","href":"https:\/\/api.w.org\/{rel}","templated":true}]}}