{"id":559,"date":"2012-03-07T08:27:56","date_gmt":"2012-03-07T16:27:56","guid":{"rendered":"https:\/\/www.speculoos.world\/quest-ce-que-cest-2\/"},"modified":"2021-10-14T11:19:28","modified_gmt":"2021-10-14T18:19:28","slug":"quest-ce-que-cest-2","status":"publish","type":"page","link":"https:\/\/speculoos.world\/fr\/quest-ce-que-cest-2\/","title":{"rendered":"Qu&rsquo;est-ce que c&rsquo;est ?"},"content":{"rendered":"<div class=\"section field field-name-body field-type-text-with-summary field-label-hidden\">\n<div class=\"field-items\">\n<div class=\"field-item odd\">\n<p>Speculoos.net, c&rsquo;est le \u00ab\u00a0metavers\u00a0\u00bb \u00e0 la belge. Cr\u00e9ez votre avatar (gratuit) et \u00e9voluez dans un monde virtuel en 3D. Bas\u00e9 sur Open Simulator (la branche open source d\u00e9riv\u00e9e de Second Life) et un bon paquet de nuits blanches.<\/p>\n<h2>Qu&rsquo;est-ce que c&rsquo;est, un \u00ab metavers \u00bb?<\/h2>\n<p>C\u2019est un univers virtuel en 3D, dans lequel on se cr\u00e9e un avatar pour circuler, rencontrer d\u2019autres personnes ou visiter des mondes r\u00e9alistes ou irr\u00e9els. Nos serveurs utilisent OpenSim, la branche open source d\u00e9riv\u00e9e de \u00ab Second Life \u00bb.<\/p>\n<h2>Qu&rsquo;est-ce que c&rsquo;est \u00ab \u00e0 la belge \u00bb?<\/h2>\n<p>Chacun aura sa propre d\u00e9finition bien s\u00fbr, et il n\u2019y en a probablement pas une meilleure qu\u2019une autre. La n\u00f4tre, c\u2019est qu\u2019on fait les choses s\u00e9rieusement, mais sans se prendre au s\u00e9rieux. Petit pays au milieu de plein de grands, nous avons l\u2019habitude d\u2019avoir le regard tourn\u00e9 vers les autres, d\u2019en accueillir les visiteurs et d\u2019aller aussi r\u00e9guli\u00e8rement d\u00e9couvrir leurs richesses. C\u2019est pourquoi vous trouverez sur Speculoos des liens vers d\u2019autres grilles, des endroits que nous avons trouv\u00e9s int\u00e9ressants (ou pas), des passerelles qui vous m\u00e8neront vers des dizaines d\u2019endroits que nous n\u2019avons nous-m\u00eame pas encore eu le temps de visiter\u2026<\/p>\n<h2>Pourquoi Speculoos?<\/h2>\n<p>Pour nous, l\u2019innovation la plus fantastique d\u2019OpenSIm est la navigation \u00ab Hypergrid \u00bb. Cela signifie que l\u2019on n\u2019est pas \u00ab coinc\u00e9 \u00bb dans son monde, on peut naviguer d\u2019un monde \u00e0 l\u2019autre, sans avoir \u00e0 ouvrir des comptes partout. Speculoos veut profiter pleinement de l\u2019hypegrid en cr\u00e9ant un monde ouvert vers toutes les autres grilles. Et nous avons choisi comme point d\u2019accueil la Grand Place, \u00e0 Bruxelles, parce que c\u2019est un petit pays au milieu de l\u2019Europe, o\u00f9 l\u2019on croise des gens de toutes les origines. Il ne s\u2019agit pas ici que de la Belgique. Il s\u2019agit de tous les mondes virtuels, au milieu du monde entier r\u00e9el<\/p>\n<\/div>\n<\/div>\n<\/div>\n","protected":false},"excerpt":{"rendered":"<p>Speculoos.net, c&rsquo;est le \u00ab\u00a0metavers\u00a0\u00bb \u00e0 la belge. Cr\u00e9ez votre avatar (gratuit) et \u00e9voluez dans un monde virtuel en 3D. Bas\u00e9 sur Open Simulator (la branche open source d\u00e9riv\u00e9e de Second&#8230;<\/p>\n","protected":false},"author":1,"featured_media":0,"parent":0,"menu_order":0,"comment_status":"closed","ping_status":"closed","template":"","meta":{"footnotes":""},"class_list":["post-559","page","type-page","status-publish"],"_links":{"self":[{"href":"https:\/\/speculoos.world\/fr\/wp-json\/wp\/v2\/pages\/559","targetHints":{"allow":["GET"]}}],"collection":[{"href":"https:\/\/speculoos.world\/fr\/wp-json\/wp\/v2\/pages"}],"about":[{"href":"https:\/\/speculoos.world\/fr\/wp-json\/wp\/v2\/types\/page"}],"author":[{"embeddable":true,"href":"https:\/\/speculoos.world\/fr\/wp-json\/wp\/v2\/users\/1"}],"replies":[{"embeddable":true,"href":"https:\/\/speculoos.world\/fr\/wp-json\/wp\/v2\/comments?post=559"}],"version-history":[{"count":1,"href":"https:\/\/speculoos.world\/fr\/wp-json\/wp\/v2\/pages\/559\/revisions"}],"predecessor-version":[{"id":3000,"href":"https:\/\/speculoos.world\/fr\/wp-json\/wp\/v2\/pages\/559\/revisions\/3000"}],"wp:attachment":[{"href":"https:\/\/speculoos.world\/fr\/wp-json\/wp\/v2\/media?parent=559"}],"curies":[{"name":"wp","href":"https:\/\/api.w.org\/{rel}","templated":true}]}}