{"id":8647,"date":"2021-10-14T19:56:56","date_gmt":"2021-10-15T02:56:56","guid":{"rendered":"https:\/\/speculoos.world\/eclaboussures\/"},"modified":"2025-09-03T10:38:49","modified_gmt":"2025-09-03T17:38:49","slug":"splash","status":"publish","type":"page","link":"https:\/\/speculoos.world\/fr\/splash\/","title":{"rendered":"Splash"},"content":{"rendered":"[vc_row type=\u00a0\u00bbfull_width_content\u00a0\u00bb full_screen_row_position=\u00a0\u00bbfull_height\u00a0\u00bb column_margin=\u00a0\u00bbdefault\u00a0\u00bb column_direction=\u00a0\u00bbdefault\u00a0\u00bb column_direction_tablet=\u00a0\u00bbdefault\u00a0\u00bb column_direction_phone=\u00a0\u00bbdefault\u00a0\u00bb full_height=\u00a0\u00bbyes\u00a0\u00bb scene_position=\u00a0\u00bbcenter\u00a0\u00bb text_color=\u00a0\u00bbdark\u00a0\u00bb text_align=\u00a0\u00bbleft\u00a0\u00bb row_border_radius=\u00a0\u00bbnone\u00a0\u00bb row_border_radius_applies=\u00a0\u00bbbg\u00a0\u00bb overflow=\u00a0\u00bbvisible\u00a0\u00bb overlay_strength=\u00a0\u00bb0.3&Prime; gradient_direction=\u00a0\u00bbleft_to_right\u00a0\u00bb shape_divider_position=\u00a0\u00bbbottom\u00a0\u00bb bg_image_animation=\u00a0\u00bbnone\u00a0\u00bb gradient_type=\u00a0\u00bbdefault\u00a0\u00bb shape_type=\u00a0\u00bb\u00a0\u00bb][vc_column column_padding=\u00a0\u00bbno-extra-padding\u00a0\u00bb column_padding_tablet=\u00a0\u00bbinherit\u00a0\u00bb column_padding_phone=\u00a0\u00bbinherit\u00a0\u00bb column_padding_position=\u00a0\u00bball\u00a0\u00bb column_element_direction_desktop=\u00a0\u00bbdefault\u00a0\u00bb column_element_spacing=\u00a0\u00bbdefault\u00a0\u00bb desktop_text_alignment=\u00a0\u00bbdefault\u00a0\u00bb tablet_text_alignment=\u00a0\u00bbdefault\u00a0\u00bb phone_text_alignment=\u00a0\u00bbdefault\u00a0\u00bb background_color_opacity=\u00a0\u00bb1&Prime; background_hover_color_opacity=\u00a0\u00bb1&Prime; column_backdrop_filter=\u00a0\u00bbnone\u00a0\u00bb column_shadow=\u00a0\u00bbnone\u00a0\u00bb column_border_radius=\u00a0\u00bbnone\u00a0\u00bb column_link_target=\u00a0\u00bb_self\u00a0\u00bb column_position=\u00a0\u00bbdefault\u00a0\u00bb gradient_direction=\u00a0\u00bbleft_to_right\u00a0\u00bb overlay_strength=\u00a0\u00bb0.3&Prime; width=\u00a0\u00bb1\/1&Prime; tablet_width_inherit=\u00a0\u00bbdefault\u00a0\u00bb animation_type=\u00a0\u00bbdefault\u00a0\u00bb bg_image_animation=\u00a0\u00bbnone\u00a0\u00bb border_type=\u00a0\u00bbsimple\u00a0\u00bb column_border_width=\u00a0\u00bbnone\u00a0\u00bb column_border_style=\u00a0\u00bbsolid\u00a0\u00bb]\n\t\t\t<!-- START Splash REVOLUTION SLIDER 6.7.35 --><p class=\"rs-p-wp-fix\"><\/p>\n\t\t\t<rs-module-wrap id=\"rev_slider_3_1_wrapper\" data-source=\"post\" style=\"visibility:hidden;background:transparent;padding:0;margin:0px auto;margin-top:0;margin-bottom:0;\">\n\t\t\t\t<rs-module id=\"rev_slider_3_1\" style=\"\" data-version=\"6.7.35\">\n\t\t\t\t\t<rs-slides style=\"overflow: hidden; position: absolute;\">\n\t\t\t\t\t\t<rs-slide style=\"position: absolute;\" data-key=\"rs-15012\" data-title=\"Migration des serveurs de Speculoos\" data-in=\"o:0;\" data-out=\"a:false;\">\n\t\t\t\t\t\t\t<img decoding=\"async\" src=\"\/\/speculoos.world\/w\/wp-content\/plugins\/revslider\/sr6\/assets\/assets\/dummy.png\" alt=\"Server maintenance\" title=\"openart-server-maintenance\" width=\"2048\" height=\"1360\" class=\"rev-slidebg tp-rs-img rs-lazyload\" data-lazyload=\"\/\/speculoos.world\/w\/wp-content\/uploads\/2024\/05\/openart-server-maintenance.jpg\" data-no-retina>\n<!--\n\t\t\t\t\t\t\t--><rs-layer\n\t\t\t\t\t\t\t\tid=\"slider-3-slide-15012-layer-1\" \n\t\t\t\t\t\t\t\tdata-type=\"text\"\n\t\t\t\t\t\t\t\tdata-color=\"#ffffff\"\n\t\t\t\t\t\t\t\tdata-rsp_ch=\"on\"\n\t\t\t\t\t\t\t\tdata-xy=\"x:r;xo:50px;y:50px;\"\n\t\t\t\t\t\t\t\tdata-text=\"w:normal;\"\n\t\t\t\t\t\t\t\tdata-dim=\"w:360px;\"\n\t\t\t\t\t\t\t\tdata-basealign=\"slide\"\n\t\t\t\t\t\t\t\tdata-padding=\"t:20;r:20;b:20;l:20;\"\n\t\t\t\t\t\t\t\tdata-border=\"bor:10px,10px,10px,10px;\"\n\t\t\t\t\t\t\t\tdata-frame_999=\"o:0;st:w;\"\n\t\t\t\t\t\t\t\tstyle=\"z-index:6;background-color:rgba(102,255,0,0.6);font-family:'Roboto';\"\n\t\t\t\t\t\t\t><h3 style=\"margin:0 0 0.5em\">Migration des serveurs de Speculoos<\/h3><br \/>\nNous sommes en train de d\u00e9placer la grille, les simulations et le site web de Speculoos World vers de nouveaux serveurs. Par cons\u00e9quent, il se peut que vous subissiez des interruptions de service t \n\t\t\t\t\t\t\t<\/rs-layer><!--\n\n\t\t\t\t\t\t\t--><rs-layer\n\t\t\t\t\t\t\t\tid=\"slider-3-slide-15012-layer-2\" \n\t\t\t\t\t\t\t\tdata-type=\"text\"\n\t\t\t\t\t\t\t\tdata-color=\"#000000\"\n\t\t\t\t\t\t\t\tdata-rsp_ch=\"on\"\n\t\t\t\t\t\t\t\tdata-xy=\"x:50px;y:b;yo:50px;\"\n\t\t\t\t\t\t\t\tdata-text=\"w:normal;\"\n\t\t\t\t\t\t\t\tdata-dim=\"w:360px;\"\n\t\t\t\t\t\t\t\tdata-basealign=\"slide\"\n\t\t\t\t\t\t\t\tdata-padding=\"t:20;r:20;b:5;l:20;\"\n\t\t\t\t\t\t\t\tdata-border=\"bor:10px,10px,10px,10px;\"\n\t\t\t\t\t\t\t\tdata-frame_999=\"o:0;st:w;\"\n\t\t\t\t\t\t\t\tstyle=\"z-index:7;background-color:#ffaa00;font-family:'Roboto';\"\n\t\t\t\t\t\t\t><div class='w4os-shortcode w4os-grid-info'><h3>Grid Info<\/h3><table class='gridinfo'><tr><td class=gridvar>Grid Name<\/td><td class=gridvalue>Speculoos World<\/td><\/tr><tr><td class=gridvar>URI de connexion<\/td><td class=gridvalue><a class=\"hop\" href=\"hop:\/\/speculoos.world:8002\">hop:\/\/speculoos.world:8002<\/a><\/td><\/tr><\/table><\/div><div class='w4os-shortcode w4os-grid-status'><h3>Grid Status<\/h3><table class='gridstatus'><tr><td class=gridvar>Status<\/td><td class=gridvalue>Online<\/td><\/tr><tr><td class=gridvar>Membres<\/td><td class=gridvalue>123<\/td><\/tr><tr><td class=gridvar>Membres actifs (30 jours)<\/td><td class=gridvalue>8<\/td><\/tr><tr><td class=gridvar>Membres sur la grille<\/td><td class=gridvalue>1<\/td><\/tr><tr><td class=gridvar>Utilisateurs actifs (30 jours)<\/td><td class=gridvalue>21<\/td><\/tr><tr><td class=gridvar>Utilisateurs sur la grille<\/td><td class=gridvalue>1<\/td><\/tr><tr><td class=gridvar>R\u00e9gions<\/td><td class=gridvalue>22<\/td><\/tr><tr><td class=gridvar>Surface totale<\/td><td class=gridvalue>1,44&nbsp;km\u00b2<\/td><\/tr><\/table><\/div> \n\t\t\t\t\t\t\t<\/rs-layer><!--\n\n\t\t\t\t\t\t\t--><rs-layer\n\t\t\t\t\t\t\t\tid=\"slider-3-slide-15012-layer-3\" \n\t\t\t\t\t\t\t\tdata-type=\"image\"\n\t\t\t\t\t\t\t\tdata-rsp_ch=\"on\"\n\t\t\t\t\t\t\t\tdata-xy=\"x:50px;y:50px;\"\n\t\t\t\t\t\t\t\tdata-text=\"w:normal;\"\n\t\t\t\t\t\t\t\tdata-dim=\"w:360px;h:75px;\"\n\t\t\t\t\t\t\t\tdata-basealign=\"slide\"\n\t\t\t\t\t\t\t\tdata-frame_999=\"o:0;st:w;\"\n\t\t\t\t\t\t\t\tstyle=\"z-index:8;\"\n\t\t\t\t\t\t\t><img decoding=\"async\" src=\"\/\/speculoos.world\/w\/wp-content\/plugins\/revslider\/sr6\/assets\/assets\/dummy.png\" alt=\"\" class=\"tp-rs-img rs-lazyload\" width=\"360\" height=\"75\" data-lazyload=\"\/\/speculoos.world\/w\/wp-content\/uploads\/2019\/05\/Speculoos-logo-v4-360x75.png\" data-no-retina title=\"\"> \n\t\t\t\t\t\t\t<\/rs-layer><!--\n-->\t\t\t\t\t<\/rs-slide>\n\t\t\t\t\t\t<rs-slide style=\"position: absolute;\" data-key=\"rs-14067\" data-title=\"Interface WordPress d&rsquo;OpenSimulator avec w4os &#8211; OSCC 2023 &#8211; Sam 9 d\u00e9c. 08:00 AM PST\" data-in=\"o:0;\" data-out=\"a:false;\">\n\t\t\t\t\t\t\t<img decoding=\"async\" src=\"\/\/speculoos.world\/w\/wp-content\/plugins\/revslider\/sr6\/assets\/assets\/dummy.png\" alt=\"\" title=\"Screenshot Gudule Lapointe OSCC22 w4os talk-crop\" width=\"1636\" height=\"920\" class=\"rev-slidebg tp-rs-img rs-lazyload\" data-lazyload=\"\/\/speculoos.world\/w\/wp-content\/uploads\/2023\/12\/Screenshot-Gudule-Lapointe-OSCC22-w4os-talk-crop.jpg\" data-no-retina>\n<!--\n\t\t\t\t\t\t\t--><rs-layer\n\t\t\t\t\t\t\t\tid=\"slider-3-slide-14067-layer-1\" \n\t\t\t\t\t\t\t\tdata-type=\"text\"\n\t\t\t\t\t\t\t\tdata-color=\"#ffffff\"\n\t\t\t\t\t\t\t\tdata-rsp_ch=\"on\"\n\t\t\t\t\t\t\t\tdata-xy=\"x:r;xo:50px;y:50px;\"\n\t\t\t\t\t\t\t\tdata-text=\"w:normal;\"\n\t\t\t\t\t\t\t\tdata-dim=\"w:360px;\"\n\t\t\t\t\t\t\t\tdata-basealign=\"slide\"\n\t\t\t\t\t\t\t\tdata-padding=\"t:20;r:20;b:20;l:20;\"\n\t\t\t\t\t\t\t\tdata-border=\"bor:10px,10px,10px,10px;\"\n\t\t\t\t\t\t\t\tdata-frame_999=\"o:0;st:w;\"\n\t\t\t\t\t\t\t\tstyle=\"z-index:6;background-color:rgba(102,255,0,0.6);font-family:'Roboto';\"\n\t\t\t\t\t\t\t><h3 style=\"margin:0 0 0.5em\">Interface WordPress d'OpenSimulator avec w4os - OSCC 2023 - Sam 9 d\u00e9c. 08:00 AM PST<\/h3><br \/>\nNous sommes de retour \u00e0 l'OpenSimulator Community Conference cette ann\u00e9e, Gudule Lapointe pr\u00e9sentera les derni\u00e8res mises \u00e0 jour pour la gestion des grilles sur WordPress avec le plugin w4os. Not \n\t\t\t\t\t\t\t<\/rs-layer><!--\n\n\t\t\t\t\t\t\t--><rs-layer\n\t\t\t\t\t\t\t\tid=\"slider-3-slide-14067-layer-2\" \n\t\t\t\t\t\t\t\tdata-type=\"text\"\n\t\t\t\t\t\t\t\tdata-color=\"#000000\"\n\t\t\t\t\t\t\t\tdata-rsp_ch=\"on\"\n\t\t\t\t\t\t\t\tdata-xy=\"x:50px;y:b;yo:50px;\"\n\t\t\t\t\t\t\t\tdata-text=\"w:normal;\"\n\t\t\t\t\t\t\t\tdata-dim=\"w:360px;\"\n\t\t\t\t\t\t\t\tdata-basealign=\"slide\"\n\t\t\t\t\t\t\t\tdata-padding=\"t:20;r:20;b:5;l:20;\"\n\t\t\t\t\t\t\t\tdata-border=\"bor:10px,10px,10px,10px;\"\n\t\t\t\t\t\t\t\tdata-frame_999=\"o:0;st:w;\"\n\t\t\t\t\t\t\t\tstyle=\"z-index:7;background-color:#ffaa00;font-family:'Roboto';\"\n\t\t\t\t\t\t\t><div class='w4os-shortcode w4os-grid-info'><h3>Grid Info<\/h3><table class='gridinfo'><tr><td class=gridvar>Grid Name<\/td><td class=gridvalue>Speculoos World<\/td><\/tr><tr><td class=gridvar>URI de connexion<\/td><td class=gridvalue><a class=\"hop\" href=\"hop:\/\/speculoos.world:8002\">hop:\/\/speculoos.world:8002<\/a><\/td><\/tr><\/table><\/div><div class='w4os-shortcode w4os-grid-status'><h3>Grid Status<\/h3><table class='gridstatus'><tr><td class=gridvar>Status<\/td><td class=gridvalue>Online<\/td><\/tr><tr><td class=gridvar>Membres<\/td><td class=gridvalue>123<\/td><\/tr><tr><td class=gridvar>Membres actifs (30 jours)<\/td><td class=gridvalue>8<\/td><\/tr><tr><td class=gridvar>Membres sur la grille<\/td><td class=gridvalue>1<\/td><\/tr><tr><td class=gridvar>Utilisateurs actifs (30 jours)<\/td><td class=gridvalue>21<\/td><\/tr><tr><td class=gridvar>Utilisateurs sur la grille<\/td><td class=gridvalue>1<\/td><\/tr><tr><td class=gridvar>R\u00e9gions<\/td><td class=gridvalue>22<\/td><\/tr><tr><td class=gridvar>Surface totale<\/td><td class=gridvalue>1,44&nbsp;km\u00b2<\/td><\/tr><\/table><\/div> \n\t\t\t\t\t\t\t<\/rs-layer><!--\n\n\t\t\t\t\t\t\t--><rs-layer\n\t\t\t\t\t\t\t\tid=\"slider-3-slide-14067-layer-3\" \n\t\t\t\t\t\t\t\tdata-type=\"image\"\n\t\t\t\t\t\t\t\tdata-rsp_ch=\"on\"\n\t\t\t\t\t\t\t\tdata-xy=\"x:50px;y:50px;\"\n\t\t\t\t\t\t\t\tdata-text=\"w:normal;\"\n\t\t\t\t\t\t\t\tdata-dim=\"w:360px;h:75px;\"\n\t\t\t\t\t\t\t\tdata-basealign=\"slide\"\n\t\t\t\t\t\t\t\tdata-frame_999=\"o:0;st:w;\"\n\t\t\t\t\t\t\t\tstyle=\"z-index:8;\"\n\t\t\t\t\t\t\t><img decoding=\"async\" src=\"\/\/speculoos.world\/w\/wp-content\/plugins\/revslider\/sr6\/assets\/assets\/dummy.png\" alt=\"\" class=\"tp-rs-img rs-lazyload\" width=\"360\" height=\"75\" data-lazyload=\"\/\/speculoos.world\/w\/wp-content\/uploads\/2019\/05\/Speculoos-logo-v4-360x75.png\" data-no-retina title=\"\"> \n\t\t\t\t\t\t\t<\/rs-layer><!--\n-->\t\t\t\t\t<\/rs-slide>\n\t\t\t\t\t\t<rs-slide style=\"position: absolute;\" data-key=\"rs-13927\" data-title=\"Un nouveau carnet, un nouveau single\" data-in=\"o:0;\" data-out=\"a:false;\">\n\t\t\t\t\t\t\t<img decoding=\"async\" src=\"\/\/speculoos.world\/w\/wp-content\/plugins\/revslider\/sr6\/assets\/assets\/dummy.png\" alt=\"\" title=\"Le carnet-animatic-poster 8\" width=\"1920\" height=\"1080\" class=\"rev-slidebg tp-rs-img rs-lazyload\" data-lazyload=\"\/\/speculoos.world\/w\/wp-content\/uploads\/2023\/09\/Le-carnet-animatic-poster-8.jpg\" data-no-retina>\n<!--\n\t\t\t\t\t\t\t--><rs-layer\n\t\t\t\t\t\t\t\tid=\"slider-3-slide-13927-layer-1\" \n\t\t\t\t\t\t\t\tdata-type=\"text\"\n\t\t\t\t\t\t\t\tdata-color=\"#ffffff\"\n\t\t\t\t\t\t\t\tdata-rsp_ch=\"on\"\n\t\t\t\t\t\t\t\tdata-xy=\"x:r;xo:50px;y:50px;\"\n\t\t\t\t\t\t\t\tdata-text=\"w:normal;\"\n\t\t\t\t\t\t\t\tdata-dim=\"w:360px;\"\n\t\t\t\t\t\t\t\tdata-basealign=\"slide\"\n\t\t\t\t\t\t\t\tdata-padding=\"t:20;r:20;b:20;l:20;\"\n\t\t\t\t\t\t\t\tdata-border=\"bor:10px,10px,10px,10px;\"\n\t\t\t\t\t\t\t\tdata-frame_999=\"o:0;st:w;\"\n\t\t\t\t\t\t\t\tstyle=\"z-index:6;background-color:rgba(102,255,0,0.6);font-family:'Roboto';\"\n\t\t\t\t\t\t\t><h3 style=\"margin:0 0 0.5em\">Un nouveau carnet, un nouveau single<\/h3><br \/>\nPour une fois, des nouvelles du monde r\u00e9el\u00a0: Magic Oli (alias Olivier van Helden) sort un nouveau single pour sa chanson \"Le carnet\". Une plong\u00e9e dans les m\u00e9andres des souvenirs, envelopp\u00e9e dans \n\t\t\t\t\t\t\t<\/rs-layer><!--\n\n\t\t\t\t\t\t\t--><rs-layer\n\t\t\t\t\t\t\t\tid=\"slider-3-slide-13927-layer-2\" \n\t\t\t\t\t\t\t\tdata-type=\"text\"\n\t\t\t\t\t\t\t\tdata-color=\"#000000\"\n\t\t\t\t\t\t\t\tdata-rsp_ch=\"on\"\n\t\t\t\t\t\t\t\tdata-xy=\"x:50px;y:b;yo:50px;\"\n\t\t\t\t\t\t\t\tdata-text=\"w:normal;\"\n\t\t\t\t\t\t\t\tdata-dim=\"w:360px;\"\n\t\t\t\t\t\t\t\tdata-basealign=\"slide\"\n\t\t\t\t\t\t\t\tdata-padding=\"t:20;r:20;b:5;l:20;\"\n\t\t\t\t\t\t\t\tdata-border=\"bor:10px,10px,10px,10px;\"\n\t\t\t\t\t\t\t\tdata-frame_999=\"o:0;st:w;\"\n\t\t\t\t\t\t\t\tstyle=\"z-index:7;background-color:#ffaa00;font-family:'Roboto';\"\n\t\t\t\t\t\t\t><div class='w4os-shortcode w4os-grid-info'><h3>Grid Info<\/h3><table class='gridinfo'><tr><td class=gridvar>Grid Name<\/td><td class=gridvalue>Speculoos World<\/td><\/tr><tr><td class=gridvar>URI de connexion<\/td><td class=gridvalue><a class=\"hop\" href=\"hop:\/\/speculoos.world:8002\">hop:\/\/speculoos.world:8002<\/a><\/td><\/tr><\/table><\/div><div class='w4os-shortcode w4os-grid-status'><h3>Grid Status<\/h3><table class='gridstatus'><tr><td class=gridvar>Status<\/td><td class=gridvalue>Online<\/td><\/tr><tr><td class=gridvar>Membres<\/td><td class=gridvalue>123<\/td><\/tr><tr><td class=gridvar>Membres actifs (30 jours)<\/td><td class=gridvalue>8<\/td><\/tr><tr><td class=gridvar>Membres sur la grille<\/td><td class=gridvalue>1<\/td><\/tr><tr><td class=gridvar>Utilisateurs actifs (30 jours)<\/td><td class=gridvalue>21<\/td><\/tr><tr><td class=gridvar>Utilisateurs sur la grille<\/td><td class=gridvalue>1<\/td><\/tr><tr><td class=gridvar>R\u00e9gions<\/td><td class=gridvalue>22<\/td><\/tr><tr><td class=gridvar>Surface totale<\/td><td class=gridvalue>1,44&nbsp;km\u00b2<\/td><\/tr><\/table><\/div> \n\t\t\t\t\t\t\t<\/rs-layer><!--\n\n\t\t\t\t\t\t\t--><rs-layer\n\t\t\t\t\t\t\t\tid=\"slider-3-slide-13927-layer-3\" \n\t\t\t\t\t\t\t\tdata-type=\"image\"\n\t\t\t\t\t\t\t\tdata-rsp_ch=\"on\"\n\t\t\t\t\t\t\t\tdata-xy=\"x:50px;y:50px;\"\n\t\t\t\t\t\t\t\tdata-text=\"w:normal;\"\n\t\t\t\t\t\t\t\tdata-dim=\"w:360px;h:75px;\"\n\t\t\t\t\t\t\t\tdata-basealign=\"slide\"\n\t\t\t\t\t\t\t\tdata-frame_999=\"o:0;st:w;\"\n\t\t\t\t\t\t\t\tstyle=\"z-index:8;\"\n\t\t\t\t\t\t\t><img decoding=\"async\" src=\"\/\/speculoos.world\/w\/wp-content\/plugins\/revslider\/sr6\/assets\/assets\/dummy.png\" alt=\"\" class=\"tp-rs-img rs-lazyload\" width=\"360\" height=\"75\" data-lazyload=\"\/\/speculoos.world\/w\/wp-content\/uploads\/2019\/05\/Speculoos-logo-v4-360x75.png\" data-no-retina title=\"\"> \n\t\t\t\t\t\t\t<\/rs-layer><!--\n-->\t\t\t\t\t<\/rs-slide>\n\t\t\t\t\t\t<rs-slide style=\"position: absolute;\" data-key=\"rs-11982\" data-title=\"Se sentir si jeune&#8230; et si vieille&#8230;\" data-in=\"o:0;\" data-out=\"a:false;\">\n\t\t\t\t\t\t\t<img decoding=\"async\" src=\"\/\/speculoos.world\/w\/wp-content\/plugins\/revslider\/sr6\/assets\/assets\/dummy.png\" alt=\"\" title=\"Screenshot_20230731_171114\" width=\"601\" height=\"566\" class=\"rev-slidebg tp-rs-img rs-lazyload\" data-lazyload=\"\/\/speculoos.world\/w\/wp-content\/uploads\/2023\/07\/Screenshot_20230731_171114.png\" data-no-retina>\n<!--\n\t\t\t\t\t\t\t--><rs-layer\n\t\t\t\t\t\t\t\tid=\"slider-3-slide-11982-layer-1\" \n\t\t\t\t\t\t\t\tdata-type=\"text\"\n\t\t\t\t\t\t\t\tdata-color=\"#ffffff\"\n\t\t\t\t\t\t\t\tdata-rsp_ch=\"on\"\n\t\t\t\t\t\t\t\tdata-xy=\"x:r;xo:50px;y:50px;\"\n\t\t\t\t\t\t\t\tdata-text=\"w:normal;\"\n\t\t\t\t\t\t\t\tdata-dim=\"w:360px;\"\n\t\t\t\t\t\t\t\tdata-basealign=\"slide\"\n\t\t\t\t\t\t\t\tdata-padding=\"t:20;r:20;b:20;l:20;\"\n\t\t\t\t\t\t\t\tdata-border=\"bor:10px,10px,10px,10px;\"\n\t\t\t\t\t\t\t\tdata-frame_999=\"o:0;st:w;\"\n\t\t\t\t\t\t\t\tstyle=\"z-index:6;background-color:rgba(102,255,0,0.6);font-family:'Roboto';\"\n\t\t\t\t\t\t\t><h3 style=\"margin:0 0 0.5em\">Se sentir si jeune... et si vieille...<\/h3><br \/>\nAujourd'hui, Second Life m'a souhait\u00e9 un joyeux Rez Day pour ma 17e ann\u00e9e. Un m\u00e9lange de jeunesse et de vieillesse.<br \/>\n \n\t\t\t\t\t\t\t<\/rs-layer><!--\n\n\t\t\t\t\t\t\t--><rs-layer\n\t\t\t\t\t\t\t\tid=\"slider-3-slide-11982-layer-2\" \n\t\t\t\t\t\t\t\tdata-type=\"text\"\n\t\t\t\t\t\t\t\tdata-color=\"#000000\"\n\t\t\t\t\t\t\t\tdata-rsp_ch=\"on\"\n\t\t\t\t\t\t\t\tdata-xy=\"x:50px;y:b;yo:50px;\"\n\t\t\t\t\t\t\t\tdata-text=\"w:normal;\"\n\t\t\t\t\t\t\t\tdata-dim=\"w:360px;\"\n\t\t\t\t\t\t\t\tdata-basealign=\"slide\"\n\t\t\t\t\t\t\t\tdata-padding=\"t:20;r:20;b:5;l:20;\"\n\t\t\t\t\t\t\t\tdata-border=\"bor:10px,10px,10px,10px;\"\n\t\t\t\t\t\t\t\tdata-frame_999=\"o:0;st:w;\"\n\t\t\t\t\t\t\t\tstyle=\"z-index:7;background-color:#ffaa00;font-family:'Roboto';\"\n\t\t\t\t\t\t\t><div class='w4os-shortcode w4os-grid-info'><h3>Grid Info<\/h3><table class='gridinfo'><tr><td class=gridvar>Grid Name<\/td><td class=gridvalue>Speculoos World<\/td><\/tr><tr><td class=gridvar>URI de connexion<\/td><td class=gridvalue><a class=\"hop\" href=\"hop:\/\/speculoos.world:8002\">hop:\/\/speculoos.world:8002<\/a><\/td><\/tr><\/table><\/div><div class='w4os-shortcode w4os-grid-status'><h3>Grid Status<\/h3><table class='gridstatus'><tr><td class=gridvar>Status<\/td><td class=gridvalue>Online<\/td><\/tr><tr><td class=gridvar>Membres<\/td><td class=gridvalue>123<\/td><\/tr><tr><td class=gridvar>Membres actifs (30 jours)<\/td><td class=gridvalue>8<\/td><\/tr><tr><td class=gridvar>Membres sur la grille<\/td><td class=gridvalue>1<\/td><\/tr><tr><td class=gridvar>Utilisateurs actifs (30 jours)<\/td><td class=gridvalue>21<\/td><\/tr><tr><td class=gridvar>Utilisateurs sur la grille<\/td><td class=gridvalue>1<\/td><\/tr><tr><td class=gridvar>R\u00e9gions<\/td><td class=gridvalue>22<\/td><\/tr><tr><td class=gridvar>Surface totale<\/td><td class=gridvalue>1,44&nbsp;km\u00b2<\/td><\/tr><\/table><\/div> \n\t\t\t\t\t\t\t<\/rs-layer><!--\n\n\t\t\t\t\t\t\t--><rs-layer\n\t\t\t\t\t\t\t\tid=\"slider-3-slide-11982-layer-3\" \n\t\t\t\t\t\t\t\tdata-type=\"image\"\n\t\t\t\t\t\t\t\tdata-rsp_ch=\"on\"\n\t\t\t\t\t\t\t\tdata-xy=\"x:50px;y:50px;\"\n\t\t\t\t\t\t\t\tdata-text=\"w:normal;\"\n\t\t\t\t\t\t\t\tdata-dim=\"w:360px;h:75px;\"\n\t\t\t\t\t\t\t\tdata-basealign=\"slide\"\n\t\t\t\t\t\t\t\tdata-frame_999=\"o:0;st:w;\"\n\t\t\t\t\t\t\t\tstyle=\"z-index:8;\"\n\t\t\t\t\t\t\t><img decoding=\"async\" src=\"\/\/speculoos.world\/w\/wp-content\/plugins\/revslider\/sr6\/assets\/assets\/dummy.png\" alt=\"\" class=\"tp-rs-img rs-lazyload\" width=\"360\" height=\"75\" data-lazyload=\"\/\/speculoos.world\/w\/wp-content\/uploads\/2019\/05\/Speculoos-logo-v4-360x75.png\" data-no-retina title=\"\"> \n\t\t\t\t\t\t\t<\/rs-layer><!--\n-->\t\t\t\t\t<\/rs-slide>\n\t\t\t\t\t\t<rs-slide style=\"position: absolute;\" data-key=\"rs-11477\" data-title=\"Mise \u00e0 jour du serveur 2do HYPEvents 1.2.3 : une question de temps !\" data-in=\"o:0;\" data-out=\"a:false;\">\n\t\t\t\t\t\t\t<img decoding=\"async\" src=\"\/\/speculoos.world\/w\/wp-content\/plugins\/revslider\/sr6\/assets\/assets\/dummy.png\" alt=\"\" title=\"Screenshot search events\" width=\"769\" height=\"608\" class=\"rev-slidebg tp-rs-img rs-lazyload\" data-lazyload=\"\/\/speculoos.world\/w\/wp-content\/uploads\/2023\/03\/Screenshot-search-events.png\" data-no-retina>\n<!--\n\t\t\t\t\t\t\t--><rs-layer\n\t\t\t\t\t\t\t\tid=\"slider-3-slide-11477-layer-1\" \n\t\t\t\t\t\t\t\tdata-type=\"text\"\n\t\t\t\t\t\t\t\tdata-color=\"#ffffff\"\n\t\t\t\t\t\t\t\tdata-rsp_ch=\"on\"\n\t\t\t\t\t\t\t\tdata-xy=\"x:r;xo:50px;y:50px;\"\n\t\t\t\t\t\t\t\tdata-text=\"w:normal;\"\n\t\t\t\t\t\t\t\tdata-dim=\"w:360px;\"\n\t\t\t\t\t\t\t\tdata-basealign=\"slide\"\n\t\t\t\t\t\t\t\tdata-padding=\"t:20;r:20;b:20;l:20;\"\n\t\t\t\t\t\t\t\tdata-border=\"bor:10px,10px,10px,10px;\"\n\t\t\t\t\t\t\t\tdata-frame_999=\"o:0;st:w;\"\n\t\t\t\t\t\t\t\tstyle=\"z-index:6;background-color:rgba(102,255,0,0.6);font-family:'Roboto';\"\n\t\t\t\t\t\t\t><h3 style=\"margin:0 0 0.5em\">Mise \u00e0 jour du serveur 2do HYPEvents 1.2.3 : une question de temps !<\/h3><br \/>\nLa derni\u00e8re mise \u00e0 jour de 2do Server corrige principalement un probl\u00e8me de conversion de temps (caus\u00e9 par une biblioth\u00e8que externe obsol\u00e8te). Je vous l'avais dit : c'est bien d'une question de \n\t\t\t\t\t\t\t<\/rs-layer><!--\n\n\t\t\t\t\t\t\t--><rs-layer\n\t\t\t\t\t\t\t\tid=\"slider-3-slide-11477-layer-2\" \n\t\t\t\t\t\t\t\tdata-type=\"text\"\n\t\t\t\t\t\t\t\tdata-color=\"#000000\"\n\t\t\t\t\t\t\t\tdata-rsp_ch=\"on\"\n\t\t\t\t\t\t\t\tdata-xy=\"x:50px;y:b;yo:50px;\"\n\t\t\t\t\t\t\t\tdata-text=\"w:normal;\"\n\t\t\t\t\t\t\t\tdata-dim=\"w:360px;\"\n\t\t\t\t\t\t\t\tdata-basealign=\"slide\"\n\t\t\t\t\t\t\t\tdata-padding=\"t:20;r:20;b:5;l:20;\"\n\t\t\t\t\t\t\t\tdata-border=\"bor:10px,10px,10px,10px;\"\n\t\t\t\t\t\t\t\tdata-frame_999=\"o:0;st:w;\"\n\t\t\t\t\t\t\t\tstyle=\"z-index:7;background-color:#ffaa00;font-family:'Roboto';\"\n\t\t\t\t\t\t\t><div class='w4os-shortcode w4os-grid-info'><h3>Grid Info<\/h3><table class='gridinfo'><tr><td class=gridvar>Grid Name<\/td><td class=gridvalue>Speculoos World<\/td><\/tr><tr><td class=gridvar>URI de connexion<\/td><td class=gridvalue><a class=\"hop\" href=\"hop:\/\/speculoos.world:8002\">hop:\/\/speculoos.world:8002<\/a><\/td><\/tr><\/table><\/div><div class='w4os-shortcode w4os-grid-status'><h3>Grid Status<\/h3><table class='gridstatus'><tr><td class=gridvar>Status<\/td><td class=gridvalue>Online<\/td><\/tr><tr><td class=gridvar>Membres<\/td><td class=gridvalue>123<\/td><\/tr><tr><td class=gridvar>Membres actifs (30 jours)<\/td><td class=gridvalue>8<\/td><\/tr><tr><td class=gridvar>Membres sur la grille<\/td><td class=gridvalue>1<\/td><\/tr><tr><td class=gridvar>Utilisateurs actifs (30 jours)<\/td><td class=gridvalue>21<\/td><\/tr><tr><td class=gridvar>Utilisateurs sur la grille<\/td><td class=gridvalue>1<\/td><\/tr><tr><td class=gridvar>R\u00e9gions<\/td><td class=gridvalue>22<\/td><\/tr><tr><td class=gridvar>Surface totale<\/td><td class=gridvalue>1,44&nbsp;km\u00b2<\/td><\/tr><\/table><\/div> \n\t\t\t\t\t\t\t<\/rs-layer><!--\n\n\t\t\t\t\t\t\t--><rs-layer\n\t\t\t\t\t\t\t\tid=\"slider-3-slide-11477-layer-3\" \n\t\t\t\t\t\t\t\tdata-type=\"image\"\n\t\t\t\t\t\t\t\tdata-rsp_ch=\"on\"\n\t\t\t\t\t\t\t\tdata-xy=\"x:50px;y:50px;\"\n\t\t\t\t\t\t\t\tdata-text=\"w:normal;\"\n\t\t\t\t\t\t\t\tdata-dim=\"w:360px;h:75px;\"\n\t\t\t\t\t\t\t\tdata-basealign=\"slide\"\n\t\t\t\t\t\t\t\tdata-frame_999=\"o:0;st:w;\"\n\t\t\t\t\t\t\t\tstyle=\"z-index:8;\"\n\t\t\t\t\t\t\t><img decoding=\"async\" src=\"\/\/speculoos.world\/w\/wp-content\/plugins\/revslider\/sr6\/assets\/assets\/dummy.png\" alt=\"\" class=\"tp-rs-img rs-lazyload\" width=\"360\" height=\"75\" data-lazyload=\"\/\/speculoos.world\/w\/wp-content\/uploads\/2019\/05\/Speculoos-logo-v4-360x75.png\" data-no-retina title=\"\"> \n\t\t\t\t\t\t\t<\/rs-layer><!--\n-->\t\t\t\t\t<\/rs-slide>\n\t\t\t\t\t<\/rs-slides>\n\t\t\t\t<\/rs-module>\n\t\t\t\t<script>\n\t\t\t\t\tsetREVStartSize({c: 'rev_slider_3_1',rl:[1240,1024,778,480],el:[900],gw:[1240],gh:[900],type:'standard',justify:'',layout:'fullwidth',mh:\"0\"});if (window.RS_MODULES!==undefined && window.RS_MODULES.modules!==undefined && window.RS_MODULES.modules[\"revslider31\"]!==undefined) {window.RS_MODULES.modules[\"revslider31\"].once = false;window.revapi3 = undefined;if (window.RS_MODULES.checkMinimal!==undefined) window.RS_MODULES.checkMinimal()}\n\t\t\t\t<\/script>\n\t\t\t<\/rs-module-wrap>\n\t\t\t<!-- END REVOLUTION SLIDER -->\n[\/vc_column][\/vc_row]\n","protected":false},"excerpt":{"rendered":"<p>[vc_row type=\u00a0\u00bbfull_width_content\u00a0\u00bb full_screen_row_position=\u00a0\u00bbfull_height\u00a0\u00bb column_margin=\u00a0\u00bbdefault\u00a0\u00bb column_direction=\u00a0\u00bbdefault\u00a0\u00bb column_direction_tablet=\u00a0\u00bbdefault\u00a0\u00bb column_direction_phone=\u00a0\u00bbdefault\u00a0\u00bb full_height=\u00a0\u00bbyes\u00a0\u00bb scene_position=\u00a0\u00bbcenter\u00a0\u00bb text_color=\u00a0\u00bbdark\u00a0\u00bb text_align=\u00a0\u00bbleft\u00a0\u00bb row_border_radius=\u00a0\u00bbnone\u00a0\u00bb row_border_radius_applies=\u00a0\u00bbbg\u00a0\u00bb overflow=\u00a0\u00bbvisible\u00a0\u00bb overlay_strength=\u00a0\u00bb0.3&Prime; gradient_direction=\u00a0\u00bbleft_to_right\u00a0\u00bb shape_divider_position=\u00a0\u00bbbottom\u00a0\u00bb bg_image_animation=\u00a0\u00bbnone\u00a0\u00bb gradient_type=\u00a0\u00bbdefault\u00a0\u00bb shape_type=\u00a0\u00bb\u00a0\u00bb][vc_column column_padding=\u00a0\u00bbno-extra-padding\u00a0\u00bb column_padding_tablet=\u00a0\u00bbinherit\u00a0\u00bb column_padding_phone=\u00a0\u00bbinherit\u00a0\u00bb column_padding_position=\u00a0\u00bball\u00a0\u00bb column_element_direction_desktop=\u00a0\u00bbdefault\u00a0\u00bb column_element_spacing=\u00a0\u00bbdefault\u00a0\u00bb desktop_text_alignment=\u00a0\u00bbdefault\u00a0\u00bb tablet_text_alignment=\u00a0\u00bbdefault\u00a0\u00bb phone_text_alignment=\u00a0\u00bbdefault\u00a0\u00bb background_color_opacity=\u00a0\u00bb1&Prime;&#8230;<\/p>\n","protected":false},"author":1,"featured_media":0,"parent":0,"menu_order":0,"comment_status":"closed","ping_status":"closed","template":"template-no-header-footer.php","meta":{"footnotes":""},"class_list":["post-8647","page","type-page","status-publish"],"_links":{"self":[{"href":"https:\/\/speculoos.world\/fr\/wp-json\/wp\/v2\/pages\/8647","targetHints":{"allow":["GET"]}}],"collection":[{"href":"https:\/\/speculoos.world\/fr\/wp-json\/wp\/v2\/pages"}],"about":[{"href":"https:\/\/speculoos.world\/fr\/wp-json\/wp\/v2\/types\/page"}],"author":[{"embeddable":true,"href":"https:\/\/speculoos.world\/fr\/wp-json\/wp\/v2\/users\/1"}],"replies":[{"embeddable":true,"href":"https:\/\/speculoos.world\/fr\/wp-json\/wp\/v2\/comments?post=8647"}],"version-history":[{"count":23,"href":"https:\/\/speculoos.world\/fr\/wp-json\/wp\/v2\/pages\/8647\/revisions"}],"predecessor-version":[{"id":15549,"href":"https:\/\/speculoos.world\/fr\/wp-json\/wp\/v2\/pages\/8647\/revisions\/15549"}],"wp:attachment":[{"href":"https:\/\/speculoos.world\/fr\/wp-json\/wp\/v2\/media?parent=8647"}],"curies":[{"name":"wp","href":"https:\/\/api.w.org\/{rel}","templated":true}]}}